{"id":90,"date":"2020-05-28T11:35:47","date_gmt":"2020-05-28T09:35:47","guid":{"rendered":"https:\/\/www.a2logistics.com\/?page_id=90"},"modified":"2024-04-09T13:34:38","modified_gmt":"2024-04-09T11:34:38","slug":"scandinavie","status":"publish","type":"page","link":"https:\/\/www.a2logistics.com\/nl\/transport\/scandinavie\/","title":{"rendered":"Scandinavi\u00eb"},"content":{"rendered":"<section id=section-block-block_ae5fcf19047cae20eb227bd5d6fb8de9 class=\"section block_content\"><div class=\"container\"><div class=\"block-row blocks-in-row-1\"><div class=\"block content-block\"><div class=\"inner-wrapper\"><H2 class=\"block-title\">Transport is onze business en daarbij is geen aanvraag ons te gek.<\/H2><div class=\"content-wrapper\"><p>A2 Logistics laat goederen van en naar verschillende landen in Europa vervoeren, waarbij Scandinavi\u00eb \u00e9\u00e9n van onze specialiteiten is. Regelmatig rijden er wagens met onze zendingen naar Noorwegen, Zweden en Finland. Zo\u2019n zending kan uit allerlei goederen bestaan. Gevaarlijke stoffen, verwarmd vervoer of grote machines, we zorgen voor het vervoer naar Scandinavi\u00eb. Expeditie is onze business en daarbij is geen aanvraag ons te gek.<\/p>\n<\/div><\/div><\/div><\/div><\/div><\/section>\n\n<section id=section-block_fa3789414e8266e3445d0251aa214bd9 class=\"section block_image_and_content_left\"><div class=\"container\"><div class=\"block-row blocks-in-row-2\"><div class=\"block image-block\"><div class=\"inner-wrapper\"><figure class=\"img-wrapper\"><img decoding=\"async\" itemprop=\"image\" title=\"EDITV1_4K25.00_00_45_05.Still019\" alt=\"\" src=\"https:\/\/www.a2logistics.com\/nl\/wp-content\/uploads\/sites\/3\/2020\/06\/EDITV1_4K25.00_00_45_05.Still019-660x500.jpg\"\/><\/figure><\/div><\/div><div class=\"block content-block\"><div class=\"inner-wrapper\"><div class=\"content-wrapper\"><p>Heeft uw bedrijf een (moeilijke) lading die binnen een week geleverd moet worden? Met de grootste zorg voor uw producten en, minstens zo belangrijk, uw klanten verzorgen wij het transport naar Scandinavi\u00eb. Daarbij wordt het merendeel van de producten in ons distributiecentrum in Den Bosch zorgvuldig ingepakt in ladingdragers. Deze gaan vervolgens over de weg en over zee naar hun eindbestemming. Voor short sea shipping en wegvervoer maken wij gebruik van talloze wagens en lokale transporteurs. U profiteert hierbij van correcte dagprijzen!<\/p>\n<\/div><\/div><\/div><\/div><\/div><\/section>\n\n<section id=section-block-block_7168734a9a8be8eccc283425d6203722 class=\"section block_content_and_image_left\"><div class=\"container\"><div class=\"block-row blocks-in-row-2\"><div class=\"block content-block\"><div class=\"inner-wrapper\"><H2 class=\"block-title\">De snelste en meest effici\u00ebnte oplossingen<\/H2><div class=\"content-wrapper\"><p>Een beschikbare vrachtwagen benutten wij het liefst volledig. Groupage is ons dan ook niet vreemd. Samen met u kijken we graag naar de snelste en meest effici\u00ebnte oplossing, bijvoorbeeld via de Golf van Finland. Op werkdagen kunt u van ons binnen een half uur na uw aanvraag een offerte op maat verwachten voor transport naar Scandinavi\u00eb. Als expediteur regelen we daarbij alles voor u, tot aan een geldig afleverbewijs aan toe.<\/p>\n<\/div><\/div><\/div><div class=\"block image-block\"><div class=\"inner-wrapper\"><figure class=\"img-wrapper\"><img decoding=\"async\" itemprop=\"image\" title=\"A2LOGISTICS_001C_STILL (6)\" alt=\"\" src=\"https:\/\/www.a2logistics.com\/nl\/wp-content\/uploads\/sites\/3\/2020\/06\/A2LOGISTICS_001C_STILL-6-660x500.jpg\"\/><\/figure><\/div><\/div><\/div><\/div><\/section>\n\n<section id=section-block-block_704e4c731ae433fc13741b0048eec541 class=\"section block_content\"><div class=\"container\"><div class=\"block-row blocks-in-row-1\"><div class=\"block content-block\"><div class=\"inner-wrapper\"><H2 class=\"block-title\">Besteed uw Scandinavi\u00eb transport uit aan A2 Logistics<\/H2><div class=\"content-wrapper\"><div class=\"wpb_column vc_column_container vc_col-sm-8\">\n<div class=\"vc_column-inner\">\n<div class=\"wpb_wrapper\">\n<div class=\"wpb_text_column wpb_content_element \">\n<div class=\"wpb_wrapper\">\n<p>Bespaar ook tijd en geld, zeker bij orders met weinig volume, en besteed uw Scandinavi\u00eb transport uit aan A2 Logistics, uw professionele tussenpersoon. Wij zorgen voor een veilige en kwalitatief goede staat van levering van uw zending!<\/p>\n<p>Bent u benieuwd wat onze Scandinavi\u00eb transporteurs voor uw Scandinavi\u00eb transport kunnen betekenen? Neem dan vrijblijvend contact met ons op.<\/p>\n<\/div>\n<\/div>\n<\/div>\n<\/div>\n<\/div>\n<\/div><a  title=\"Contact\" href=\"https:\/\/www.a2logistics.com\/nl\/contact\/\" class=\"button\">Contact<\/a><\/div><\/div><\/div><\/div><\/section>\n\n<section id=section-block-block_92328cbebe8da8e08f32818c976f77bb class=\"section cta_with_button_block\"><div class=\"container\"><div style=\"background-image:url(https:\/\/www.a2logistics.com\/nl\/wp-content\/uploads\/sites\/3\/2020\/05\/A2LOGISTICS_001C_STILL-3-1024x512.jpg)\" class=\"background-underlay\"><\/div><div class=\"block-row blocks-in-row-1\"><div class=\"block cta-with-button-block\"><div class=\"inner-wrapper\"><H2 class=\"block-title\">Hulp nodig met uw transport?<\/H2><span class=\"outer-btn-wrapper\"><a  title=\"Sales Scandinavi\u00eb\" href=\"https:\/\/www.a2logistics.com\/nl\/contact\/#scandinavie-section\" class=\"button set\">Sales Scandinavi\u00eb<\/a><\/span><span class=\"outer-btn-wrapper\"><a  title=\"Planning Scandinavi\u00eb\" href=\"https:\/\/www.a2logistics.com\/nl\/contact\/#scandinavie-section\" class=\"button\">Planning Scandinavi\u00eb<\/a><\/span><\/div><\/div><\/div><\/section>","protected":false},"excerpt":{"rendered":"","protected":false},"author":2,"featured_media":281,"parent":14,"menu_order":80,"comment_status":"closed","ping_status":"closed","template":"destination-template.php","meta":{"_acf_changed":false,"_trash_the_other_posts":false,"editor_notices":[],"footnotes":""},"class_list":["post-90","page","type-page","status-publish","has-post-thumbnail","hentry"],"acf":[],"yoast_head":"<!-- This site is optimized with the Yoast SEO plugin v27.1.1 - https:\/\/yoast.com\/product\/yoast-seo-wordpress\/ -->\n<title>Scandinavi\u00eb transport: Scandinavi\u00eb transporteurs | A2 Logistics<\/title>\n<meta name=\"description\" content=\"Voor professioneel Scandinavi\u00eb transport gaat u naar A2 Logistics. Onze transporteurs denken graag met u mee over de snelste en voordeligste route.\" \/>\n<meta name=\"robots\" content=\"index, follow, max-snippet:-1, max-image-preview:large, max-video-preview:-1\" \/>\n<link rel=\"canonical\" href=\"https:\/\/www.a2logistics.com\/nl\/transport\/scandinavie\/\" \/>\n<meta property=\"og:locale\" content=\"nl_NL\" \/>\n<meta property=\"og:type\" content=\"article\" \/>\n<meta property=\"og:title\" content=\"Scandinavi\u00eb transport: Scandinavi\u00eb transporteurs | A2 Logistics\" \/>\n<meta property=\"og:description\" content=\"Voor professioneel Scandinavi\u00eb transport gaat u naar A2 Logistics. Onze transporteurs denken graag met u mee over de snelste en voordeligste route.\" \/>\n<meta property=\"og:url\" content=\"https:\/\/www.a2logistics.com\/nl\/transport\/scandinavie\/\" \/>\n<meta property=\"og:site_name\" content=\"NL\" \/>\n<meta property=\"article:publisher\" content=\"https:\/\/www.facebook.com\/pages\/A2-Logistics-Engineering\/710945709020377\" \/>\n<meta property=\"article:modified_time\" content=\"2024-04-09T11:34:38+00:00\" \/>\n<meta property=\"og:image\" content=\"https:\/\/www.a2logistics.com\/nl\/wp-content\/uploads\/sites\/3\/2020\/06\/A2LOGISTICS_001C_STILL-2.jpg\" \/>\n\t<meta property=\"og:image:width\" content=\"2560\" \/>\n\t<meta property=\"og:image:height\" content=\"1280\" \/>\n\t<meta property=\"og:image:type\" content=\"image\/jpeg\" \/>\n<meta name=\"twitter:card\" content=\"summary_large_image\" \/>\n<meta name=\"twitter:label1\" content=\"Geschatte leestijd\" \/>\n\t<meta name=\"twitter:data1\" content=\"1 minuut\" \/>\n<script type=\"application\/ld+json\" class=\"yoast-schema-graph\">{\"@context\":\"https:\/\/schema.org\",\"@graph\":[{\"@type\":\"WebPage\",\"@id\":\"https:\/\/www.a2logistics.com\/nl\/transport\/scandinavie\/\",\"url\":\"https:\/\/www.a2logistics.com\/nl\/transport\/scandinavie\/\",\"name\":\"Scandinavi\u00eb transport: Scandinavi\u00eb transporteurs | A2 Logistics\",\"isPartOf\":{\"@id\":\"https:\/\/www.a2logistics.com\/nl\/#website\"},\"primaryImageOfPage\":{\"@id\":\"https:\/\/www.a2logistics.com\/nl\/transport\/scandinavie\/#primaryimage\"},\"image\":{\"@id\":\"https:\/\/www.a2logistics.com\/nl\/transport\/scandinavie\/#primaryimage\"},\"thumbnailUrl\":\"https:\/\/www.a2logistics.com\/nl\/wp-content\/uploads\/sites\/3\/2020\/06\/A2LOGISTICS_001C_STILL-2.jpg\",\"datePublished\":\"2020-05-28T09:35:47+00:00\",\"dateModified\":\"2024-04-09T11:34:38+00:00\",\"description\":\"Voor professioneel Scandinavi\u00eb transport gaat u naar A2 Logistics. Onze transporteurs denken graag met u mee over de snelste en voordeligste route.\",\"breadcrumb\":{\"@id\":\"https:\/\/www.a2logistics.com\/nl\/transport\/scandinavie\/#breadcrumb\"},\"inLanguage\":\"nl-NL\",\"potentialAction\":[{\"@type\":\"ReadAction\",\"target\":[\"https:\/\/www.a2logistics.com\/nl\/transport\/scandinavie\/\"]}]},{\"@type\":\"ImageObject\",\"inLanguage\":\"nl-NL\",\"@id\":\"https:\/\/www.a2logistics.com\/nl\/transport\/scandinavie\/#primaryimage\",\"url\":\"https:\/\/www.a2logistics.com\/nl\/wp-content\/uploads\/sites\/3\/2020\/06\/A2LOGISTICS_001C_STILL-2.jpg\",\"contentUrl\":\"https:\/\/www.a2logistics.com\/nl\/wp-content\/uploads\/sites\/3\/2020\/06\/A2LOGISTICS_001C_STILL-2.jpg\",\"width\":2560,\"height\":1280,\"caption\":\"A2 Logistics | Internationaal transport\"},{\"@type\":\"BreadcrumbList\",\"@id\":\"https:\/\/www.a2logistics.com\/nl\/transport\/scandinavie\/#breadcrumb\",\"itemListElement\":[{\"@type\":\"ListItem\",\"position\":1,\"name\":\"Home\",\"item\":\"https:\/\/www.a2logistics.com\/nl\/\"},{\"@type\":\"ListItem\",\"position\":2,\"name\":\"Transport\",\"item\":\"https:\/\/www.a2logistics.com\/nl\/transport\/\"},{\"@type\":\"ListItem\",\"position\":3,\"name\":\"Scandinavi\u00eb\"}]},{\"@type\":\"WebSite\",\"@id\":\"https:\/\/www.a2logistics.com\/nl\/#website\",\"url\":\"https:\/\/www.a2logistics.com\/nl\/\",\"name\":\"NL\",\"description\":\"A2 Logistics is een gerenommeerd expeditiebedrijf met meer dan 10 jaar ervaring in internationaal transport. Bekijk onze mogelijkheden online!\",\"publisher\":{\"@id\":\"https:\/\/www.a2logistics.com\/nl\/#organization\"},\"potentialAction\":[{\"@type\":\"SearchAction\",\"target\":{\"@type\":\"EntryPoint\",\"urlTemplate\":\"https:\/\/www.a2logistics.com\/nl\/?s={search_term_string}\"},\"query-input\":{\"@type\":\"PropertyValueSpecification\",\"valueRequired\":true,\"valueName\":\"search_term_string\"}}],\"inLanguage\":\"nl-NL\"},{\"@type\":\"Organization\",\"@id\":\"https:\/\/www.a2logistics.com\/nl\/#organization\",\"name\":\"A2 Logistics\",\"url\":\"https:\/\/www.a2logistics.com\/nl\/\",\"logo\":{\"@type\":\"ImageObject\",\"inLanguage\":\"nl-NL\",\"@id\":\"https:\/\/www.a2logistics.com\/nl\/#\/schema\/logo\/image\/\",\"url\":\"https:\/\/www.a2logistics.com\/nl\/wp-content\/uploads\/sites\/3\/2022\/08\/A2-logo.jpg\",\"contentUrl\":\"https:\/\/www.a2logistics.com\/nl\/wp-content\/uploads\/sites\/3\/2022\/08\/A2-logo.jpg\",\"width\":500,\"height\":291,\"caption\":\"A2 Logistics\"},\"image\":{\"@id\":\"https:\/\/www.a2logistics.com\/nl\/#\/schema\/logo\/image\/\"},\"sameAs\":[\"https:\/\/www.facebook.com\/pages\/A2-Logistics-Engineering\/710945709020377\"]}]}<\/script>\n<!-- \/ Yoast SEO plugin. -->","yoast_head_json":{"title":"Scandinavi\u00eb transport: Scandinavi\u00eb transporteurs | A2 Logistics","description":"Voor professioneel Scandinavi\u00eb transport gaat u naar A2 Logistics. Onze transporteurs denken graag met u mee over de snelste en voordeligste route.","robots":{"index":"index","follow":"follow","max-snippet":"max-snippet:-1","max-image-preview":"max-image-preview:large","max-video-preview":"max-video-preview:-1"},"canonical":"https:\/\/www.a2logistics.com\/nl\/transport\/scandinavie\/","og_locale":"nl_NL","og_type":"article","og_title":"Scandinavi\u00eb transport: Scandinavi\u00eb transporteurs | A2 Logistics","og_description":"Voor professioneel Scandinavi\u00eb transport gaat u naar A2 Logistics. Onze transporteurs denken graag met u mee over de snelste en voordeligste route.","og_url":"https:\/\/www.a2logistics.com\/nl\/transport\/scandinavie\/","og_site_name":"NL","article_publisher":"https:\/\/www.facebook.com\/pages\/A2-Logistics-Engineering\/710945709020377","article_modified_time":"2024-04-09T11:34:38+00:00","og_image":[{"width":2560,"height":1280,"url":"https:\/\/www.a2logistics.com\/nl\/wp-content\/uploads\/sites\/3\/2020\/06\/A2LOGISTICS_001C_STILL-2.jpg","type":"image\/jpeg"}],"twitter_card":"summary_large_image","twitter_misc":{"Geschatte leestijd":"1 minuut"},"schema":{"@context":"https:\/\/schema.org","@graph":[{"@type":"WebPage","@id":"https:\/\/www.a2logistics.com\/nl\/transport\/scandinavie\/","url":"https:\/\/www.a2logistics.com\/nl\/transport\/scandinavie\/","name":"Scandinavi\u00eb transport: Scandinavi\u00eb transporteurs | A2 Logistics","isPartOf":{"@id":"https:\/\/www.a2logistics.com\/nl\/#website"},"primaryImageOfPage":{"@id":"https:\/\/www.a2logistics.com\/nl\/transport\/scandinavie\/#primaryimage"},"image":{"@id":"https:\/\/www.a2logistics.com\/nl\/transport\/scandinavie\/#primaryimage"},"thumbnailUrl":"https:\/\/www.a2logistics.com\/nl\/wp-content\/uploads\/sites\/3\/2020\/06\/A2LOGISTICS_001C_STILL-2.jpg","datePublished":"2020-05-28T09:35:47+00:00","dateModified":"2024-04-09T11:34:38+00:00","description":"Voor professioneel Scandinavi\u00eb transport gaat u naar A2 Logistics. Onze transporteurs denken graag met u mee over de snelste en voordeligste route.","breadcrumb":{"@id":"https:\/\/www.a2logistics.com\/nl\/transport\/scandinavie\/#breadcrumb"},"inLanguage":"nl-NL","potentialAction":[{"@type":"ReadAction","target":["https:\/\/www.a2logistics.com\/nl\/transport\/scandinavie\/"]}]},{"@type":"ImageObject","inLanguage":"nl-NL","@id":"https:\/\/www.a2logistics.com\/nl\/transport\/scandinavie\/#primaryimage","url":"https:\/\/www.a2logistics.com\/nl\/wp-content\/uploads\/sites\/3\/2020\/06\/A2LOGISTICS_001C_STILL-2.jpg","contentUrl":"https:\/\/www.a2logistics.com\/nl\/wp-content\/uploads\/sites\/3\/2020\/06\/A2LOGISTICS_001C_STILL-2.jpg","width":2560,"height":1280,"caption":"A2 Logistics | Internationaal transport"},{"@type":"BreadcrumbList","@id":"https:\/\/www.a2logistics.com\/nl\/transport\/scandinavie\/#breadcrumb","itemListElement":[{"@type":"ListItem","position":1,"name":"Home","item":"https:\/\/www.a2logistics.com\/nl\/"},{"@type":"ListItem","position":2,"name":"Transport","item":"https:\/\/www.a2logistics.com\/nl\/transport\/"},{"@type":"ListItem","position":3,"name":"Scandinavi\u00eb"}]},{"@type":"WebSite","@id":"https:\/\/www.a2logistics.com\/nl\/#website","url":"https:\/\/www.a2logistics.com\/nl\/","name":"NL","description":"A2 Logistics is een gerenommeerd expeditiebedrijf met meer dan 10 jaar ervaring in internationaal transport. Bekijk onze mogelijkheden online!","publisher":{"@id":"https:\/\/www.a2logistics.com\/nl\/#organization"},"potentialAction":[{"@type":"SearchAction","target":{"@type":"EntryPoint","urlTemplate":"https:\/\/www.a2logistics.com\/nl\/?s={search_term_string}"},"query-input":{"@type":"PropertyValueSpecification","valueRequired":true,"valueName":"search_term_string"}}],"inLanguage":"nl-NL"},{"@type":"Organization","@id":"https:\/\/www.a2logistics.com\/nl\/#organization","name":"A2 Logistics","url":"https:\/\/www.a2logistics.com\/nl\/","logo":{"@type":"ImageObject","inLanguage":"nl-NL","@id":"https:\/\/www.a2logistics.com\/nl\/#\/schema\/logo\/image\/","url":"https:\/\/www.a2logistics.com\/nl\/wp-content\/uploads\/sites\/3\/2022\/08\/A2-logo.jpg","contentUrl":"https:\/\/www.a2logistics.com\/nl\/wp-content\/uploads\/sites\/3\/2022\/08\/A2-logo.jpg","width":500,"height":291,"caption":"A2 Logistics"},"image":{"@id":"https:\/\/www.a2logistics.com\/nl\/#\/schema\/logo\/image\/"},"sameAs":["https:\/\/www.facebook.com\/pages\/A2-Logistics-Engineering\/710945709020377"]}]}},"_links":{"self":[{"href":"https:\/\/www.a2logistics.com\/nl\/wp-json\/wp\/v2\/pages\/90","targetHints":{"allow":["GET"]}}],"collection":[{"href":"https:\/\/www.a2logistics.com\/nl\/wp-json\/wp\/v2\/pages"}],"about":[{"href":"https:\/\/www.a2logistics.com\/nl\/wp-json\/wp\/v2\/types\/page"}],"author":[{"embeddable":true,"href":"https:\/\/www.a2logistics.com\/nl\/wp-json\/wp\/v2\/users\/2"}],"replies":[{"embeddable":true,"href":"https:\/\/www.a2logistics.com\/nl\/wp-json\/wp\/v2\/comments?post=90"}],"version-history":[{"count":32,"href":"https:\/\/www.a2logistics.com\/nl\/wp-json\/wp\/v2\/pages\/90\/revisions"}],"predecessor-version":[{"id":657,"href":"https:\/\/www.a2logistics.com\/nl\/wp-json\/wp\/v2\/pages\/90\/revisions\/657"}],"up":[{"embeddable":true,"href":"https:\/\/www.a2logistics.com\/nl\/wp-json\/wp\/v2\/pages\/14"}],"wp:featuredmedia":[{"embeddable":true,"href":"https:\/\/www.a2logistics.com\/nl\/wp-json\/wp\/v2\/media\/281"}],"wp:attachment":[{"href":"https:\/\/www.a2logistics.com\/nl\/wp-json\/wp\/v2\/media?parent=90"}],"curies":[{"name":"wp","href":"https:\/\/api.w.org\/{rel}","templated":true}]}}