{"id":37,"date":"2020-05-27T11:50:11","date_gmt":"2020-05-27T09:50:11","guid":{"rendered":"https:\/\/www.a2logistics.com\/?page_id=37"},"modified":"2020-07-09T11:35:03","modified_gmt":"2020-07-09T09:35:03","slug":"svezia","status":"publish","type":"page","link":"https:\/\/www.a2logistics.com\/it\/trasporto\/svezia\/","title":{"rendered":"Svezia"},"content":{"rendered":"<section id=section-block-block_5ece4cd13eac2 class=\"section block_content\"><div class=\"container\"><div class=\"block-row blocks-in-row-1\"><div class=\"block content-block\"><div class=\"inner-wrapper\"><H2 class=\"block-title\">Da pi\u00f9 di 15 anni A2 Logistics organizza il trasporto di merci da e verso la Scandinavia.<\/H2><div class=\"content-wrapper\"><p>Merci pericolose, macchinari: non vi dovete preoccupare. Potete rivolgervi a noi anche per il trasporto verso la Norvegia e la Finlandia e per il trasporto in Svezia. Penseremo a tutto noi, anche ai documenti assicurativi. Dopo la consegna vi inviamo una bolla di consegna firmata.<\/p>\n<\/div><\/div><\/div><\/div><\/div><\/section>\n\n<section id=section-block_5ece4cde3eac3 class=\"section block_image_and_content_left\"><div class=\"container\"><div class=\"block-row blocks-in-row-2\"><div class=\"block image-block\"><div class=\"inner-wrapper\"><figure class=\"img-wrapper\"><img decoding=\"async\" itemprop=\"image\" title=\"A2 Logistics | Internationaal transport\" alt=\"A2 Logistics | Internationaal transport\" src=\"https:\/\/www.a2logistics.com\/it\/wp-content\/uploads\/sites\/6\/2020\/06\/A2LOGISTICS_001C_STILL-2-660x500.jpg\"\/><\/figure><\/div><\/div><div class=\"block content-block\"><div class=\"inner-wrapper\"><H2 class=\"block-title\">Trasporto in Svezia<\/H2><div class=\"content-wrapper\"><p>Il trasporto in Svezia pu\u00f2 avvenire in parte via terra e in parte via mare, il cosiddetto trasporto marittimo a corto raggio. A tal fine collaboriamo con trasportatori locali professionisti che, come noi, hanno molti anni di esperienza e si sono costruiti una buona base clienti. Possiamo avvalerci dei loro veicoli e della loro esperienza per eseguire la spedizione in modo rapido e sicuro e per farla arrivare in condizioni qualitativamente eccellenti.<\/p>\n<\/div><\/div><\/div><\/div><\/div><\/section>\n\n<section id=section-block-block_5ece4d053eac4 class=\"section block_content\"><div class=\"container\"><div class=\"block-row blocks-in-row-1\"><div class=\"block content-block\"><div class=\"inner-wrapper\"><H2 class=\"block-title\">Da Den Bosch alla Svezia<\/H2><div class=\"content-wrapper\"><p>In genere le spedizioni vengono smistate per il trasporto nel nostro centro di distribuzione a Den Bosch. La Svezia \u00e8 una destinazione molto richiesta, quindi per il trasporto in Svezia verifichiamo sempre se ci sono diversi clienti che devono effettuare contemporaneamente una spedizione in Svezia. Combinando il trasporto in forma di groupage verso la Svezia, possiamo unire le forze e dividere i costi. Il cliente ottiene cos\u00ec spese di spedizione contenute!<\/p>\n<\/div><\/div><\/div><\/div><\/div><\/section>\n\n<section id=section-block-block_5ece4d143eac5 class=\"section block_content\"><div class=\"container\"><div class=\"block-row blocks-in-row-1\"><div class=\"block content-block\"><div class=\"inner-wrapper\"><H2 class=\"block-title\">Un preventivo competitivo per il trasporto in Svezia<\/H2><div class=\"content-wrapper\"><p>Haben Sie als Unternehmen eine Sendung, die irgendwo in Europa abgeholt oder in das Ausland bef\u00f6rdert werden muss? Wenden Sie sich mit Ihrer Transportaufgabe an uns, wir machen uns gern damit an die Arbeit. Werktags bekommen Sie von uns innerhalb einer halben Stunde ein ausf\u00fchrliches Angebot mit den f\u00fcr Ihre Sendung m\u00f6glichen Transitzeiten. A2 Logistics sorgt f\u00fcr versicherten Transport aus den Niederlanden nach Schweden (oder umgekehrt) und viele andere Ziele in Europa!<\/p>\n<\/div><a  title=\"Contatto\" href=\"https:\/\/www.a2logistics.com\/it\/contattaci\/#scandinavia-section\" class=\"button\">Contatto<\/a><\/div><\/div><\/div><\/div><\/section>\n\n<section id=section-block-block_5ecfaa17c030d class=\"section cta_with_button_block\"><div class=\"container\"><div style=\"background-image:url(https:\/\/www.a2logistics.com\/it\/wp-content\/uploads\/sites\/6\/2020\/05\/A2LOGISTICS_001C_STILL-3-1024x512.jpg)\" class=\"background-underlay\"><\/div><div class=\"block-row blocks-in-row-1\"><div class=\"block cta-with-button-block\"><div class=\"inner-wrapper\"><H2 class=\"block-title\">Hai bisogno di aiuto con il tuo trasporto?<\/H2><span class=\"outer-btn-wrapper\"><a  title=\"Sales Svezia\" href=\"https:\/\/www.a2logistics.com\/it\/contattaci\/#scandinavia-section\" class=\"button set\">Sales Svezia<\/a><\/span><span class=\"outer-btn-wrapper\"><a  title=\"Planning Svezia\" href=\"https:\/\/www.a2logistics.com\/it\/contattaci\/#scandinavia-section\" class=\"button\">Planning Svezia<\/a><\/span><\/div><\/div><\/div><\/section>","protected":false},"excerpt":{"rendered":"","protected":false},"author":2,"featured_media":290,"parent":14,"menu_order":40,"comment_status":"closed","ping_status":"closed","template":"","meta":{"_acf_changed":false,"_trash_the_other_posts":false,"editor_notices":[],"footnotes":""},"class_list":["post-37","page","type-page","status-publish","has-post-thumbnail","hentry"],"acf":[],"yoast_head":"<!-- This site is optimized with the Yoast SEO plugin v27.1.1 - https:\/\/yoast.com\/product\/yoast-seo-wordpress\/ -->\n<title>Trasporto da e verso la Svezia | A2 Logistics | Il tuo problema, la nostra soluzione!<\/title>\n<meta name=\"description\" content=\"A2 Logistics organizza il trasporto sicuro e professionale in Europa. Potete rivolgervi a noi anche per il trasporto (urgente) in Svezia.\" \/>\n<meta name=\"robots\" content=\"index, follow, max-snippet:-1, max-image-preview:large, max-video-preview:-1\" \/>\n<link rel=\"canonical\" href=\"https:\/\/www.a2logistics.com\/it\/trasporto\/svezia\/\" \/>\n<meta property=\"og:locale\" content=\"it_IT\" \/>\n<meta property=\"og:type\" content=\"article\" \/>\n<meta property=\"og:title\" content=\"Trasporto da e verso la Svezia | A2 Logistics | Il tuo problema, la nostra soluzione!\" \/>\n<meta property=\"og:description\" content=\"A2 Logistics organizza il trasporto sicuro e professionale in Europa. Potete rivolgervi a noi anche per il trasporto (urgente) in Svezia.\" \/>\n<meta property=\"og:url\" content=\"https:\/\/www.a2logistics.com\/it\/trasporto\/svezia\/\" \/>\n<meta property=\"og:site_name\" content=\"IT\" \/>\n<meta property=\"article:modified_time\" content=\"2020-07-09T09:35:03+00:00\" \/>\n<meta property=\"og:image\" content=\"https:\/\/www.a2logistics.com\/it\/wp-content\/uploads\/sites\/6\/2020\/06\/A2LOGISTICS_001C_STILL-11.jpg\" \/>\n\t<meta property=\"og:image:width\" content=\"2560\" \/>\n\t<meta property=\"og:image:height\" content=\"1280\" \/>\n\t<meta property=\"og:image:type\" content=\"image\/jpeg\" \/>\n<meta name=\"twitter:card\" content=\"summary_large_image\" \/>\n<script type=\"application\/ld+json\" class=\"yoast-schema-graph\">{\"@context\":\"https:\/\/schema.org\",\"@graph\":[{\"@type\":\"WebPage\",\"@id\":\"https:\/\/www.a2logistics.com\/it\/trasporto\/svezia\/\",\"url\":\"https:\/\/www.a2logistics.com\/it\/trasporto\/svezia\/\",\"name\":\"Trasporto da e verso la Svezia | A2 Logistics | Il tuo problema, la nostra soluzione!\",\"isPartOf\":{\"@id\":\"https:\/\/www.a2logistics.com\/it\/#website\"},\"primaryImageOfPage\":{\"@id\":\"https:\/\/www.a2logistics.com\/it\/trasporto\/svezia\/#primaryimage\"},\"image\":{\"@id\":\"https:\/\/www.a2logistics.com\/it\/trasporto\/svezia\/#primaryimage\"},\"thumbnailUrl\":\"https:\/\/www.a2logistics.com\/it\/wp-content\/uploads\/sites\/6\/2020\/06\/A2LOGISTICS_001C_STILL-11.jpg\",\"datePublished\":\"2020-05-27T09:50:11+00:00\",\"dateModified\":\"2020-07-09T09:35:03+00:00\",\"description\":\"A2 Logistics organizza il trasporto sicuro e professionale in Europa. Potete rivolgervi a noi anche per il trasporto (urgente) in Svezia.\",\"breadcrumb\":{\"@id\":\"https:\/\/www.a2logistics.com\/it\/trasporto\/svezia\/#breadcrumb\"},\"inLanguage\":\"it-IT\",\"potentialAction\":[{\"@type\":\"ReadAction\",\"target\":[\"https:\/\/www.a2logistics.com\/it\/trasporto\/svezia\/\"]}]},{\"@type\":\"ImageObject\",\"inLanguage\":\"it-IT\",\"@id\":\"https:\/\/www.a2logistics.com\/it\/trasporto\/svezia\/#primaryimage\",\"url\":\"https:\/\/www.a2logistics.com\/it\/wp-content\/uploads\/sites\/6\/2020\/06\/A2LOGISTICS_001C_STILL-11.jpg\",\"contentUrl\":\"https:\/\/www.a2logistics.com\/it\/wp-content\/uploads\/sites\/6\/2020\/06\/A2LOGISTICS_001C_STILL-11.jpg\",\"width\":2560,\"height\":1280},{\"@type\":\"BreadcrumbList\",\"@id\":\"https:\/\/www.a2logistics.com\/it\/trasporto\/svezia\/#breadcrumb\",\"itemListElement\":[{\"@type\":\"ListItem\",\"position\":1,\"name\":\"Home\",\"item\":\"https:\/\/www.a2logistics.com\/it\/\"},{\"@type\":\"ListItem\",\"position\":2,\"name\":\"Trasporto\",\"item\":\"https:\/\/www.a2logistics.com\/it\/trasporto\/\"},{\"@type\":\"ListItem\",\"position\":3,\"name\":\"Svezia\"}]},{\"@type\":\"WebSite\",\"@id\":\"https:\/\/www.a2logistics.com\/it\/#website\",\"url\":\"https:\/\/www.a2logistics.com\/it\/\",\"name\":\"IT\",\"description\":\"A2 Logistics is een gerenommeerd expeditiebedrijf met meer dan 10 jaar ervaring in internationaal transport. Bekijk onze mogelijkheden online!\",\"publisher\":{\"@id\":\"https:\/\/www.a2logistics.com\/it\/#organization\"},\"potentialAction\":[{\"@type\":\"SearchAction\",\"target\":{\"@type\":\"EntryPoint\",\"urlTemplate\":\"https:\/\/www.a2logistics.com\/it\/?s={search_term_string}\"},\"query-input\":{\"@type\":\"PropertyValueSpecification\",\"valueRequired\":true,\"valueName\":\"search_term_string\"}}],\"inLanguage\":\"it-IT\"},{\"@type\":\"Organization\",\"@id\":\"https:\/\/www.a2logistics.com\/it\/#organization\",\"name\":\"A2 logistics\",\"url\":\"https:\/\/www.a2logistics.com\/it\/\",\"logo\":{\"@type\":\"ImageObject\",\"inLanguage\":\"it-IT\",\"@id\":\"https:\/\/www.a2logistics.com\/it\/#\/schema\/logo\/image\/\",\"url\":\"https:\/\/www.a2logistics.com\/it\/wp-content\/uploads\/sites\/6\/2020\/07\/logo-a2.jpg\",\"contentUrl\":\"https:\/\/www.a2logistics.com\/it\/wp-content\/uploads\/sites\/6\/2020\/07\/logo-a2.jpg\",\"width\":144,\"height\":61,\"caption\":\"A2 logistics\"},\"image\":{\"@id\":\"https:\/\/www.a2logistics.com\/it\/#\/schema\/logo\/image\/\"}}]}<\/script>\n<!-- \/ Yoast SEO plugin. -->","yoast_head_json":{"title":"Trasporto da e verso la Svezia | A2 Logistics | Il tuo problema, la nostra soluzione!","description":"A2 Logistics organizza il trasporto sicuro e professionale in Europa. Potete rivolgervi a noi anche per il trasporto (urgente) in Svezia.","robots":{"index":"index","follow":"follow","max-snippet":"max-snippet:-1","max-image-preview":"max-image-preview:large","max-video-preview":"max-video-preview:-1"},"canonical":"https:\/\/www.a2logistics.com\/it\/trasporto\/svezia\/","og_locale":"it_IT","og_type":"article","og_title":"Trasporto da e verso la Svezia | A2 Logistics | Il tuo problema, la nostra soluzione!","og_description":"A2 Logistics organizza il trasporto sicuro e professionale in Europa. Potete rivolgervi a noi anche per il trasporto (urgente) in Svezia.","og_url":"https:\/\/www.a2logistics.com\/it\/trasporto\/svezia\/","og_site_name":"IT","article_modified_time":"2020-07-09T09:35:03+00:00","og_image":[{"width":2560,"height":1280,"url":"https:\/\/www.a2logistics.com\/it\/wp-content\/uploads\/sites\/6\/2020\/06\/A2LOGISTICS_001C_STILL-11.jpg","type":"image\/jpeg"}],"twitter_card":"summary_large_image","schema":{"@context":"https:\/\/schema.org","@graph":[{"@type":"WebPage","@id":"https:\/\/www.a2logistics.com\/it\/trasporto\/svezia\/","url":"https:\/\/www.a2logistics.com\/it\/trasporto\/svezia\/","name":"Trasporto da e verso la Svezia | A2 Logistics | Il tuo problema, la nostra soluzione!","isPartOf":{"@id":"https:\/\/www.a2logistics.com\/it\/#website"},"primaryImageOfPage":{"@id":"https:\/\/www.a2logistics.com\/it\/trasporto\/svezia\/#primaryimage"},"image":{"@id":"https:\/\/www.a2logistics.com\/it\/trasporto\/svezia\/#primaryimage"},"thumbnailUrl":"https:\/\/www.a2logistics.com\/it\/wp-content\/uploads\/sites\/6\/2020\/06\/A2LOGISTICS_001C_STILL-11.jpg","datePublished":"2020-05-27T09:50:11+00:00","dateModified":"2020-07-09T09:35:03+00:00","description":"A2 Logistics organizza il trasporto sicuro e professionale in Europa. Potete rivolgervi a noi anche per il trasporto (urgente) in Svezia.","breadcrumb":{"@id":"https:\/\/www.a2logistics.com\/it\/trasporto\/svezia\/#breadcrumb"},"inLanguage":"it-IT","potentialAction":[{"@type":"ReadAction","target":["https:\/\/www.a2logistics.com\/it\/trasporto\/svezia\/"]}]},{"@type":"ImageObject","inLanguage":"it-IT","@id":"https:\/\/www.a2logistics.com\/it\/trasporto\/svezia\/#primaryimage","url":"https:\/\/www.a2logistics.com\/it\/wp-content\/uploads\/sites\/6\/2020\/06\/A2LOGISTICS_001C_STILL-11.jpg","contentUrl":"https:\/\/www.a2logistics.com\/it\/wp-content\/uploads\/sites\/6\/2020\/06\/A2LOGISTICS_001C_STILL-11.jpg","width":2560,"height":1280},{"@type":"BreadcrumbList","@id":"https:\/\/www.a2logistics.com\/it\/trasporto\/svezia\/#breadcrumb","itemListElement":[{"@type":"ListItem","position":1,"name":"Home","item":"https:\/\/www.a2logistics.com\/it\/"},{"@type":"ListItem","position":2,"name":"Trasporto","item":"https:\/\/www.a2logistics.com\/it\/trasporto\/"},{"@type":"ListItem","position":3,"name":"Svezia"}]},{"@type":"WebSite","@id":"https:\/\/www.a2logistics.com\/it\/#website","url":"https:\/\/www.a2logistics.com\/it\/","name":"IT","description":"A2 Logistics is een gerenommeerd expeditiebedrijf met meer dan 10 jaar ervaring in internationaal transport. Bekijk onze mogelijkheden online!","publisher":{"@id":"https:\/\/www.a2logistics.com\/it\/#organization"},"potentialAction":[{"@type":"SearchAction","target":{"@type":"EntryPoint","urlTemplate":"https:\/\/www.a2logistics.com\/it\/?s={search_term_string}"},"query-input":{"@type":"PropertyValueSpecification","valueRequired":true,"valueName":"search_term_string"}}],"inLanguage":"it-IT"},{"@type":"Organization","@id":"https:\/\/www.a2logistics.com\/it\/#organization","name":"A2 logistics","url":"https:\/\/www.a2logistics.com\/it\/","logo":{"@type":"ImageObject","inLanguage":"it-IT","@id":"https:\/\/www.a2logistics.com\/it\/#\/schema\/logo\/image\/","url":"https:\/\/www.a2logistics.com\/it\/wp-content\/uploads\/sites\/6\/2020\/07\/logo-a2.jpg","contentUrl":"https:\/\/www.a2logistics.com\/it\/wp-content\/uploads\/sites\/6\/2020\/07\/logo-a2.jpg","width":144,"height":61,"caption":"A2 logistics"},"image":{"@id":"https:\/\/www.a2logistics.com\/it\/#\/schema\/logo\/image\/"}}]}},"_links":{"self":[{"href":"https:\/\/www.a2logistics.com\/it\/wp-json\/wp\/v2\/pages\/37","targetHints":{"allow":["GET"]}}],"collection":[{"href":"https:\/\/www.a2logistics.com\/it\/wp-json\/wp\/v2\/pages"}],"about":[{"href":"https:\/\/www.a2logistics.com\/it\/wp-json\/wp\/v2\/types\/page"}],"author":[{"embeddable":true,"href":"https:\/\/www.a2logistics.com\/it\/wp-json\/wp\/v2\/users\/2"}],"replies":[{"embeddable":true,"href":"https:\/\/www.a2logistics.com\/it\/wp-json\/wp\/v2\/comments?post=37"}],"version-history":[{"count":21,"href":"https:\/\/www.a2logistics.com\/it\/wp-json\/wp\/v2\/pages\/37\/revisions"}],"predecessor-version":[{"id":642,"href":"https:\/\/www.a2logistics.com\/it\/wp-json\/wp\/v2\/pages\/37\/revisions\/642"}],"up":[{"embeddable":true,"href":"https:\/\/www.a2logistics.com\/it\/wp-json\/wp\/v2\/pages\/14"}],"wp:featuredmedia":[{"embeddable":true,"href":"https:\/\/www.a2logistics.com\/it\/wp-json\/wp\/v2\/media\/290"}],"wp:attachment":[{"href":"https:\/\/www.a2logistics.com\/it\/wp-json\/wp\/v2\/media?parent=37"}],"curies":[{"name":"wp","href":"https:\/\/api.w.org\/{rel}","templated":true}]}}