{"id":35,"date":"2020-05-27T11:49:57","date_gmt":"2020-05-27T09:49:57","guid":{"rendered":"https:\/\/www.a2logistics.com\/?page_id=35"},"modified":"2020-07-09T11:34:44","modified_gmt":"2020-07-09T09:34:44","slug":"norvegia","status":"publish","type":"page","link":"https:\/\/www.a2logistics.com\/it\/trasporto\/norvegia\/","title":{"rendered":"Norvegia"},"content":{"rendered":"<section id=section-block-block_5ece4baa9c623 class=\"section block_content\"><div class=\"container\"><div class=\"block-row blocks-in-row-1\"><div class=\"block content-block\"><div class=\"inner-wrapper\"><H2 class=\"block-title\">A2 Logistics \u00e8 il vostro intermediario per trasporti verso la Norvegia.<\/H2><div class=\"content-wrapper\"><p>Dovete spedire a Oslo un bancale o un pallet? Oppure avete un prodotto da trasportare nella fredda Norvegia, tenendolo per\u00f2 al riparo dal gelo? A2 Logistics sar\u00e0 il vostro intermediario per il trasporto in Norvegia. Noi operiamo da mediatori tra i clienti che vogliono che i loro carichi vengano ritirati o spediti e i trasportatori la cui destinazione finale o intermedia \u00e8 la Norvegia.<\/p>\n<\/div><\/div><\/div><\/div><\/div><\/section>\n\n<section id=section-block_5ece4bcd9c624 class=\"section block_image_and_content_left\"><div class=\"container\"><div class=\"block-row blocks-in-row-2\"><div class=\"block image-block\"><div class=\"inner-wrapper\"><figure class=\"img-wrapper\"><img decoding=\"async\" itemprop=\"image\" title=\"A2 Logistics - Transport\" alt=\"vrachtwagen rijdend over een snelweg vanuit de lucht\" src=\"https:\/\/www.a2logistics.com\/it\/wp-content\/uploads\/sites\/6\/2020\/05\/A2LOGISTICS_001C_STILL-10-660x500.jpg\"\/><\/figure><\/div><\/div><div class=\"block content-block\"><div class=\"inner-wrapper\"><H2 class=\"block-title\">Le tratte di trasporto verso la Norvegia<\/H2><div class=\"content-wrapper\"><p>A2 Logistics organizza il trasporto di vari tipi di carichi. Molti di questi carichi vengono uniti nel nostro centro di distribuzione a Den Bosch. L\u00ec le spedizioni vengono smistate, imballate con cura e se possibile combinate con altre spedizioni in rotta verso la Norvegia.<\/p>\n<\/div><\/div><\/div><\/div><\/div><\/section>\n\n<section id=section-block-block_5ece4bf59c625 class=\"section block_content\"><div class=\"container\"><div class=\"block-row blocks-in-row-1\"><div class=\"block content-block\"><div class=\"inner-wrapper\"><H2 class=\"block-title\">Come funziona<\/H2><div class=\"content-wrapper\"><p>I trasporti effettuati con questo metodo si chiamano groupage e hanno tariffe abbordabili. Dopo la preparazione dei carichi, le merci viaggiano in parte via terra e in parte via mare. Il trasporto marittimo a corto raggio, a seconda della destinazione finale, passa attraverso lo Skagerrak, il Mar Baltico o il Mare di Norvegia. Un trasportatore locale ritira i container dalla nave in Norvegia.<\/p>\n<\/div><\/div><\/div><\/div><\/div><\/section>\n\n<section id=section-block-block_5ece4c279c626 class=\"section block_content_and_image_left\"><div class=\"container\"><div class=\"block-row blocks-in-row-2\"><div class=\"block content-block\"><div class=\"inner-wrapper\"><H2 class=\"block-title\">Stretta collaborazione con le parti locali<\/H2><div class=\"content-wrapper\"><p>Per i trasporti in Norvegia operiamo in stretta collaborazione con partner locali che conoscono il paese e gli usi e le regole locali. I prodotti vengono sempre consegnati in ottimo stato. Voi non dovrete preoccuparvi di nulla, perch\u00e9 pensiamo noi anche ai documenti doganali e assicurativi. Questi sono molto importanti visto che la Norvegia non fa parte dell\u2019Unione Europea.<\/p>\n<\/div><\/div><\/div><div class=\"block image-block\"><div class=\"inner-wrapper\"><figure class=\"img-wrapper\"><img decoding=\"async\" itemprop=\"image\" title=\"EDITV1_4K25.00_00_38_10.Still017\" alt=\"\" src=\"https:\/\/www.a2logistics.com\/it\/wp-content\/uploads\/sites\/6\/2020\/06\/EDITV1_4K25.00_00_38_10.Still017-660x500.jpg\"\/><\/figure><\/div><\/div><\/div><\/div><\/section>\n\n<section id=section-block-block_5ece4c7c9c628 class=\"section block_content\"><div class=\"container\"><div class=\"block-row blocks-in-row-1\"><div class=\"block content-block\"><div class=\"inner-wrapper\"><H2 class=\"block-title\">Maggiori informazioni sul trasporto in Norvegia<\/H2><div class=\"content-wrapper\"><p>Volete un preventivo non vincolante, ad esempio per un trasporto dall\u2019Olanda alla Norvegia? Allora rivolgetevi direttamente a noi. Nei giorni lavorativi riceverete nel giro di mezz\u2019ora un preventivo competitivo per il trasporto (verso la Norvegia o un\u2019altra meta internazionale). Siamo noi il vostro partner di fiducia!<\/p>\n<\/div><a  title=\"Contatto\" href=\"https:\/\/www.a2logistics.com\/it\/contattaci\/#scandinavia-section\" class=\"button\">Contatto<\/a><\/div><\/div><\/div><\/div><\/section>\n\n<section id=section-block-block_5ecfaa17c030d class=\"section cta_with_button_block\"><div class=\"container\"><div style=\"background-image:url(https:\/\/www.a2logistics.com\/it\/wp-content\/uploads\/sites\/6\/2020\/05\/A2LOGISTICS_001C_STILL-3-1024x512.jpg)\" class=\"background-underlay\"><\/div><div class=\"block-row blocks-in-row-1\"><div class=\"block cta-with-button-block\"><div class=\"inner-wrapper\"><H2 class=\"block-title\">Hai bisogno di aiuto con il tuo trasporto?<\/H2><span class=\"outer-btn-wrapper\"><a  title=\"Sales Norvegia\" href=\"https:\/\/www.a2logistics.com\/it\/contattaci\/#scandinavia-section\" class=\"button set\">Sales Norvegia<\/a><\/span><span class=\"outer-btn-wrapper\"><a  title=\"Planning Norvegia\" href=\"https:\/\/www.a2logistics.com\/it\/contattaci\/#scandinavia-section\" class=\"button\">Planning Norvegia<\/a><\/span><\/div><\/div><\/div><\/section>","protected":false},"excerpt":{"rendered":"","protected":false},"author":2,"featured_media":304,"parent":14,"menu_order":30,"comment_status":"closed","ping_status":"closed","template":"","meta":{"_acf_changed":false,"_trash_the_other_posts":false,"editor_notices":[],"footnotes":""},"class_list":["post-35","page","type-page","status-publish","has-post-thumbnail","hentry"],"acf":[],"yoast_head":"<!-- This site is optimized with the Yoast SEO plugin v27.1.1 - https:\/\/yoast.com\/product\/yoast-seo-wordpress\/ -->\n<title>Trasporto in Norvegia: trasporti sicuri | A2 Logistics<\/title>\n<meta name=\"description\" content=\"Qual \u00e8 il tragitto pi\u00f9 veloce e pi\u00f9 efficace verso la Norvegia? A2 Logistics sar\u00e0 lieta di aiutarvi a risolvere il vostro problema (di trasporto) in modo sicuro ed affidabile!\" \/>\n<meta name=\"robots\" content=\"index, follow, max-snippet:-1, max-image-preview:large, max-video-preview:-1\" \/>\n<link rel=\"canonical\" href=\"https:\/\/www.a2logistics.com\/it\/trasporto\/norvegia\/\" \/>\n<meta property=\"og:locale\" content=\"it_IT\" \/>\n<meta property=\"og:type\" content=\"article\" \/>\n<meta property=\"og:title\" content=\"Trasporto in Norvegia: trasporti sicuri | A2 Logistics\" \/>\n<meta property=\"og:description\" content=\"Qual \u00e8 il tragitto pi\u00f9 veloce e pi\u00f9 efficace verso la Norvegia? A2 Logistics sar\u00e0 lieta di aiutarvi a risolvere il vostro problema (di trasporto) in modo sicuro ed affidabile!\" \/>\n<meta property=\"og:url\" content=\"https:\/\/www.a2logistics.com\/it\/trasporto\/norvegia\/\" \/>\n<meta property=\"og:site_name\" content=\"IT\" \/>\n<meta property=\"article:modified_time\" content=\"2020-07-09T09:34:44+00:00\" \/>\n<meta property=\"og:image\" content=\"https:\/\/www.a2logistics.com\/it\/wp-content\/uploads\/sites\/6\/2020\/06\/A2logistics27077d022.jpg\" \/>\n\t<meta property=\"og:image:width\" content=\"2158\" \/>\n\t<meta property=\"og:image:height\" content=\"1440\" \/>\n\t<meta property=\"og:image:type\" content=\"image\/jpeg\" \/>\n<meta name=\"twitter:card\" content=\"summary_large_image\" \/>\n<script type=\"application\/ld+json\" class=\"yoast-schema-graph\">{\"@context\":\"https:\/\/schema.org\",\"@graph\":[{\"@type\":\"WebPage\",\"@id\":\"https:\/\/www.a2logistics.com\/it\/trasporto\/norvegia\/\",\"url\":\"https:\/\/www.a2logistics.com\/it\/trasporto\/norvegia\/\",\"name\":\"Trasporto in Norvegia: trasporti sicuri | A2 Logistics\",\"isPartOf\":{\"@id\":\"https:\/\/www.a2logistics.com\/it\/#website\"},\"primaryImageOfPage\":{\"@id\":\"https:\/\/www.a2logistics.com\/it\/trasporto\/norvegia\/#primaryimage\"},\"image\":{\"@id\":\"https:\/\/www.a2logistics.com\/it\/trasporto\/norvegia\/#primaryimage\"},\"thumbnailUrl\":\"https:\/\/www.a2logistics.com\/it\/wp-content\/uploads\/sites\/6\/2020\/06\/A2logistics27077d022.jpg\",\"datePublished\":\"2020-05-27T09:49:57+00:00\",\"dateModified\":\"2020-07-09T09:34:44+00:00\",\"description\":\"Qual \u00e8 il tragitto pi\u00f9 veloce e pi\u00f9 efficace verso la Norvegia? A2 Logistics sar\u00e0 lieta di aiutarvi a risolvere il vostro problema (di trasporto) in modo sicuro ed affidabile!\",\"breadcrumb\":{\"@id\":\"https:\/\/www.a2logistics.com\/it\/trasporto\/norvegia\/#breadcrumb\"},\"inLanguage\":\"it-IT\",\"potentialAction\":[{\"@type\":\"ReadAction\",\"target\":[\"https:\/\/www.a2logistics.com\/it\/trasporto\/norvegia\/\"]}]},{\"@type\":\"ImageObject\",\"inLanguage\":\"it-IT\",\"@id\":\"https:\/\/www.a2logistics.com\/it\/trasporto\/norvegia\/#primaryimage\",\"url\":\"https:\/\/www.a2logistics.com\/it\/wp-content\/uploads\/sites\/6\/2020\/06\/A2logistics27077d022.jpg\",\"contentUrl\":\"https:\/\/www.a2logistics.com\/it\/wp-content\/uploads\/sites\/6\/2020\/06\/A2logistics27077d022.jpg\",\"width\":2158,\"height\":1440},{\"@type\":\"BreadcrumbList\",\"@id\":\"https:\/\/www.a2logistics.com\/it\/trasporto\/norvegia\/#breadcrumb\",\"itemListElement\":[{\"@type\":\"ListItem\",\"position\":1,\"name\":\"Home\",\"item\":\"https:\/\/www.a2logistics.com\/it\/\"},{\"@type\":\"ListItem\",\"position\":2,\"name\":\"Trasporto\",\"item\":\"https:\/\/www.a2logistics.com\/it\/trasporto\/\"},{\"@type\":\"ListItem\",\"position\":3,\"name\":\"Norvegia\"}]},{\"@type\":\"WebSite\",\"@id\":\"https:\/\/www.a2logistics.com\/it\/#website\",\"url\":\"https:\/\/www.a2logistics.com\/it\/\",\"name\":\"IT\",\"description\":\"A2 Logistics is een gerenommeerd expeditiebedrijf met meer dan 10 jaar ervaring in internationaal transport. Bekijk onze mogelijkheden online!\",\"publisher\":{\"@id\":\"https:\/\/www.a2logistics.com\/it\/#organization\"},\"potentialAction\":[{\"@type\":\"SearchAction\",\"target\":{\"@type\":\"EntryPoint\",\"urlTemplate\":\"https:\/\/www.a2logistics.com\/it\/?s={search_term_string}\"},\"query-input\":{\"@type\":\"PropertyValueSpecification\",\"valueRequired\":true,\"valueName\":\"search_term_string\"}}],\"inLanguage\":\"it-IT\"},{\"@type\":\"Organization\",\"@id\":\"https:\/\/www.a2logistics.com\/it\/#organization\",\"name\":\"A2 logistics\",\"url\":\"https:\/\/www.a2logistics.com\/it\/\",\"logo\":{\"@type\":\"ImageObject\",\"inLanguage\":\"it-IT\",\"@id\":\"https:\/\/www.a2logistics.com\/it\/#\/schema\/logo\/image\/\",\"url\":\"https:\/\/www.a2logistics.com\/it\/wp-content\/uploads\/sites\/6\/2020\/07\/logo-a2.jpg\",\"contentUrl\":\"https:\/\/www.a2logistics.com\/it\/wp-content\/uploads\/sites\/6\/2020\/07\/logo-a2.jpg\",\"width\":144,\"height\":61,\"caption\":\"A2 logistics\"},\"image\":{\"@id\":\"https:\/\/www.a2logistics.com\/it\/#\/schema\/logo\/image\/\"}}]}<\/script>\n<!-- \/ Yoast SEO plugin. -->","yoast_head_json":{"title":"Trasporto in Norvegia: trasporti sicuri | A2 Logistics","description":"Qual \u00e8 il tragitto pi\u00f9 veloce e pi\u00f9 efficace verso la Norvegia? A2 Logistics sar\u00e0 lieta di aiutarvi a risolvere il vostro problema (di trasporto) in modo sicuro ed affidabile!","robots":{"index":"index","follow":"follow","max-snippet":"max-snippet:-1","max-image-preview":"max-image-preview:large","max-video-preview":"max-video-preview:-1"},"canonical":"https:\/\/www.a2logistics.com\/it\/trasporto\/norvegia\/","og_locale":"it_IT","og_type":"article","og_title":"Trasporto in Norvegia: trasporti sicuri | A2 Logistics","og_description":"Qual \u00e8 il tragitto pi\u00f9 veloce e pi\u00f9 efficace verso la Norvegia? A2 Logistics sar\u00e0 lieta di aiutarvi a risolvere il vostro problema (di trasporto) in modo sicuro ed affidabile!","og_url":"https:\/\/www.a2logistics.com\/it\/trasporto\/norvegia\/","og_site_name":"IT","article_modified_time":"2020-07-09T09:34:44+00:00","og_image":[{"width":2158,"height":1440,"url":"https:\/\/www.a2logistics.com\/it\/wp-content\/uploads\/sites\/6\/2020\/06\/A2logistics27077d022.jpg","type":"image\/jpeg"}],"twitter_card":"summary_large_image","schema":{"@context":"https:\/\/schema.org","@graph":[{"@type":"WebPage","@id":"https:\/\/www.a2logistics.com\/it\/trasporto\/norvegia\/","url":"https:\/\/www.a2logistics.com\/it\/trasporto\/norvegia\/","name":"Trasporto in Norvegia: trasporti sicuri | A2 Logistics","isPartOf":{"@id":"https:\/\/www.a2logistics.com\/it\/#website"},"primaryImageOfPage":{"@id":"https:\/\/www.a2logistics.com\/it\/trasporto\/norvegia\/#primaryimage"},"image":{"@id":"https:\/\/www.a2logistics.com\/it\/trasporto\/norvegia\/#primaryimage"},"thumbnailUrl":"https:\/\/www.a2logistics.com\/it\/wp-content\/uploads\/sites\/6\/2020\/06\/A2logistics27077d022.jpg","datePublished":"2020-05-27T09:49:57+00:00","dateModified":"2020-07-09T09:34:44+00:00","description":"Qual \u00e8 il tragitto pi\u00f9 veloce e pi\u00f9 efficace verso la Norvegia? A2 Logistics sar\u00e0 lieta di aiutarvi a risolvere il vostro problema (di trasporto) in modo sicuro ed affidabile!","breadcrumb":{"@id":"https:\/\/www.a2logistics.com\/it\/trasporto\/norvegia\/#breadcrumb"},"inLanguage":"it-IT","potentialAction":[{"@type":"ReadAction","target":["https:\/\/www.a2logistics.com\/it\/trasporto\/norvegia\/"]}]},{"@type":"ImageObject","inLanguage":"it-IT","@id":"https:\/\/www.a2logistics.com\/it\/trasporto\/norvegia\/#primaryimage","url":"https:\/\/www.a2logistics.com\/it\/wp-content\/uploads\/sites\/6\/2020\/06\/A2logistics27077d022.jpg","contentUrl":"https:\/\/www.a2logistics.com\/it\/wp-content\/uploads\/sites\/6\/2020\/06\/A2logistics27077d022.jpg","width":2158,"height":1440},{"@type":"BreadcrumbList","@id":"https:\/\/www.a2logistics.com\/it\/trasporto\/norvegia\/#breadcrumb","itemListElement":[{"@type":"ListItem","position":1,"name":"Home","item":"https:\/\/www.a2logistics.com\/it\/"},{"@type":"ListItem","position":2,"name":"Trasporto","item":"https:\/\/www.a2logistics.com\/it\/trasporto\/"},{"@type":"ListItem","position":3,"name":"Norvegia"}]},{"@type":"WebSite","@id":"https:\/\/www.a2logistics.com\/it\/#website","url":"https:\/\/www.a2logistics.com\/it\/","name":"IT","description":"A2 Logistics is een gerenommeerd expeditiebedrijf met meer dan 10 jaar ervaring in internationaal transport. Bekijk onze mogelijkheden online!","publisher":{"@id":"https:\/\/www.a2logistics.com\/it\/#organization"},"potentialAction":[{"@type":"SearchAction","target":{"@type":"EntryPoint","urlTemplate":"https:\/\/www.a2logistics.com\/it\/?s={search_term_string}"},"query-input":{"@type":"PropertyValueSpecification","valueRequired":true,"valueName":"search_term_string"}}],"inLanguage":"it-IT"},{"@type":"Organization","@id":"https:\/\/www.a2logistics.com\/it\/#organization","name":"A2 logistics","url":"https:\/\/www.a2logistics.com\/it\/","logo":{"@type":"ImageObject","inLanguage":"it-IT","@id":"https:\/\/www.a2logistics.com\/it\/#\/schema\/logo\/image\/","url":"https:\/\/www.a2logistics.com\/it\/wp-content\/uploads\/sites\/6\/2020\/07\/logo-a2.jpg","contentUrl":"https:\/\/www.a2logistics.com\/it\/wp-content\/uploads\/sites\/6\/2020\/07\/logo-a2.jpg","width":144,"height":61,"caption":"A2 logistics"},"image":{"@id":"https:\/\/www.a2logistics.com\/it\/#\/schema\/logo\/image\/"}}]}},"_links":{"self":[{"href":"https:\/\/www.a2logistics.com\/it\/wp-json\/wp\/v2\/pages\/35","targetHints":{"allow":["GET"]}}],"collection":[{"href":"https:\/\/www.a2logistics.com\/it\/wp-json\/wp\/v2\/pages"}],"about":[{"href":"https:\/\/www.a2logistics.com\/it\/wp-json\/wp\/v2\/types\/page"}],"author":[{"embeddable":true,"href":"https:\/\/www.a2logistics.com\/it\/wp-json\/wp\/v2\/users\/2"}],"replies":[{"embeddable":true,"href":"https:\/\/www.a2logistics.com\/it\/wp-json\/wp\/v2\/comments?post=35"}],"version-history":[{"count":27,"href":"https:\/\/www.a2logistics.com\/it\/wp-json\/wp\/v2\/pages\/35\/revisions"}],"predecessor-version":[{"id":639,"href":"https:\/\/www.a2logistics.com\/it\/wp-json\/wp\/v2\/pages\/35\/revisions\/639"}],"up":[{"embeddable":true,"href":"https:\/\/www.a2logistics.com\/it\/wp-json\/wp\/v2\/pages\/14"}],"wp:featuredmedia":[{"embeddable":true,"href":"https:\/\/www.a2logistics.com\/it\/wp-json\/wp\/v2\/media\/304"}],"wp:attachment":[{"href":"https:\/\/www.a2logistics.com\/it\/wp-json\/wp\/v2\/media?parent=35"}],"curies":[{"name":"wp","href":"https:\/\/api.w.org\/{rel}","templated":true}]}}