{"id":31,"date":"2020-05-27T11:49:10","date_gmt":"2020-05-27T09:49:10","guid":{"rendered":"https:\/\/www.a2logistics.com\/?page_id=31"},"modified":"2020-07-09T11:32:37","modified_gmt":"2020-07-09T09:32:37","slug":"irlanda","status":"publish","type":"page","link":"https:\/\/www.a2logistics.com\/it\/trasporto\/irlanda\/","title":{"rendered":"Irlanda"},"content":{"rendered":"<section id=section-block-block_5ece3afad1581 class=\"section block_content\"><div class=\"container\"><div class=\"block-row blocks-in-row-1\"><div class=\"block content-block\"><div class=\"inner-wrapper\"><H2 class=\"block-title\">A2 Logistics \u00e8 specializzata nella mediazione di trasporti da e verso l\u2019Irlanda.<\/H2><div class=\"content-wrapper\"><p>A2 Logistics \u00e8 specializzata nella mediazione di trasporti da e verso l\u2019Irlanda. Siamo riusciti ad aiutare gi\u00e0 molte imprese con problemi di trasporto. Anche voi avete un carico difficile da trasportare? La vostra destinazione \u00e8 l\u2019Irlanda e volete che il vostro carico arrivi in fretta? A2 Logistics \u00e8 il partner che fa al caso vostro. Ci occuperemo noi di tutto, fino alla firma e all\u2019invio del documento CRM o della bolla di trasporto.<\/p>\n<\/div><\/div><\/div><\/div><\/div><\/section>\n\n<section id=section-block_5ece3b07d1582 class=\"section block_image_and_content_left\"><div class=\"container\"><div class=\"block-row blocks-in-row-2\"><div class=\"block image-block\"><div class=\"inner-wrapper\"><figure class=\"img-wrapper\"><img decoding=\"async\" itemprop=\"image\" title=\"A2 Logistics | Internationaal transport\" alt=\"A2 Logistics | Internationaal transport\" src=\"https:\/\/www.a2logistics.com\/it\/wp-content\/uploads\/sites\/6\/2020\/06\/A2LOGISTICS_001C_STILL-3_1-660x500.jpg\"\/><\/figure><\/div><\/div><div class=\"block content-block\"><div class=\"inner-wrapper\"><H2 class=\"block-title\">Come avviene il trasporto verso l\u2019Irlanda?<\/H2><div class=\"content-wrapper\"><p>Per il trasporto dei vostri merci ci avvaliamo dei partner locali in Irlanda. Lo facciamo da anni, quindi siamo certi di potere fare affidamento su di loro. Dato che il trasporto verso l\u2019Irlanda avviene in parte via mare, la nostra esperienza e le nostre competenze possono essere utili a clienti che magari sanno poco o niente di questo tipo di spedizioni. A2 Logistics ha un\u2019esperienza pluriennale nel trasporto marittimo a corto raggio e ha agenti in loco.<\/p>\n<\/div><\/div><\/div><\/div><\/div><\/section>\n\n<section id=section-block-block_5ece3b21d1583 class=\"section block_content\"><div class=\"container\"><div class=\"block-row blocks-in-row-1\"><div class=\"block content-block\"><div class=\"inner-wrapper\"><H2 class=\"block-title\">Trasportato e assicurato fino alla sua destinazione.<\/H2><div class=\"content-wrapper\"><p>Quando effettuate una spedizione con noi, innanzitutto il carico in genere viene portato al nostro centro di distribuzione a Den Bosch. Che il carico provenga dall\u2019Italia o dalla Germania, in genere viene smistato a Den Bosch e l\u00ec vengono caricati i container. I container vengono poi spediti direttamente al porto in Irlanda. Il nostro trasportatore locale scarica il container dalla nave e lo trasporta (assicurato) verso la destinazione finale. Il trasporto pu\u00f2 anche avvenire su strada: le spedizioni urgenti passano dal tunnel verso l\u2019Inghilterra. Percorrendo il maggior tratto possibile su strada, si risparmia un giorno.<\/p>\n<\/div><\/div><\/div><\/div><\/div><\/section>\n\n<section id=section-block-block_5ece3b2fd1584 class=\"section block_content_and_image_left\"><div class=\"container\"><div class=\"block-row blocks-in-row-2\"><div class=\"block content-block\"><div class=\"inner-wrapper\"><H2 class=\"block-title\">Trasporto dall\u2019Olanda all\u2019Irlanda con il groupage?<\/H2><div class=\"content-wrapper\"><p>L\u2019Irlanda \u00e8 la vostra destinazione finale? A2 Logistics valuta sempre la possibilit\u00e0 del groupage. Le spese di trasporto dall\u2019Olanda all\u2019Irlanda in questo modo sono pi\u00f9 contenute. Combiniamo diverse spedizioni per l\u2019Irlanda in modo che i container per il trasporto vengano riempiti il pi\u00f9 possibile e che i costi vengano suddivisi tra i clienti. Si riduce inoltre l&#8217;emissione di CO2.<\/p>\n<\/div><\/div><\/div><div class=\"block image-block\"><div class=\"inner-wrapper\"><figure class=\"img-wrapper\"><img decoding=\"async\" itemprop=\"image\" title=\"IMG_0034\" alt=\"\" src=\"https:\/\/www.a2logistics.com\/it\/wp-content\/uploads\/sites\/6\/2020\/06\/IMG_0034-660x500.jpeg\"\/><\/figure><\/div><\/div><\/div><\/div><\/section>\n\n<section id=section-block-block_5ece3b44d1585 class=\"section block_content\"><div class=\"container\"><div class=\"block-row blocks-in-row-1\"><div class=\"block content-block\"><div class=\"inner-wrapper\"><H2 class=\"block-title\">Vi interessano queste possibilit\u00e0? Allora contattateci senza alcun impegno.<\/H2><div class=\"content-wrapper\"><p>Chiedendo un preventivo senza impegno, nei giorni lavorativi saprete gi\u00e0 entro mezz&#8217;ora quanto costa il trasporto del vostro prodotto o carico e quanto tempo impiega per arrivare a destinazione. Da ADR a carichi a temperatura controllata, gi\u00e0 pi\u00f9 di 15 anni forniamo con successo i servizi alle aziende. Avete ancora qualche domanda? Siamo pronti ad aiutarvi!<\/p>\n<\/div><a  title=\"Contattaci\" href=\"https:\/\/www.a2logistics.com\/it\/contattaci\/#irlanda-section\" class=\"button\">Contattaci<\/a><\/div><\/div><\/div><\/div><\/section>\n\n<section id=section-block-block_5ecfaa17c030d class=\"section cta_with_button_block\"><div class=\"container\"><div style=\"background-image:url(https:\/\/www.a2logistics.com\/it\/wp-content\/uploads\/sites\/6\/2020\/05\/A2LOGISTICS_001C_STILL-3-1024x512.jpg)\" class=\"background-underlay\"><\/div><div class=\"block-row blocks-in-row-1\"><div class=\"block cta-with-button-block\"><div class=\"inner-wrapper\"><H2 class=\"block-title\">Hai bisogno di aiuto con il tuo trasporto?<\/H2><span class=\"outer-btn-wrapper\"><a  title=\"Planning Irlanda\" href=\"https:\/\/www.a2logistics.com\/it\/contattaci\/#irlanda-section\" class=\"button set\">Planning Irlanda<\/a><\/span><span class=\"outer-btn-wrapper\"><a  title=\"Sales Irlanda\" href=\"https:\/\/www.a2logistics.com\/it\/contattaci\/#irlanda-section\" class=\"button\">Sales Irlanda<\/a><\/span><\/div><\/div><\/div><\/section>","protected":false},"excerpt":{"rendered":"","protected":false},"author":2,"featured_media":281,"parent":14,"menu_order":10,"comment_status":"closed","ping_status":"closed","template":"destination-template.php","meta":{"_acf_changed":false,"_trash_the_other_posts":false,"editor_notices":[],"footnotes":""},"class_list":["post-31","page","type-page","status-publish","has-post-thumbnail","hentry"],"acf":[],"yoast_head":"<!-- This site is optimized with the Yoast SEO plugin v27.1.1 - https:\/\/yoast.com\/product\/yoast-seo-wordpress\/ -->\n<title>Trasporto in Irlanda | A2 Logistics | Il tuo problema, la nostra soluzione!<\/title>\n<meta name=\"description\" content=\"A2 Logistics \u00e8 specializzata in trasporti da e verso l&#039;Irlanda. \u00c8 possibile anche scegliere il groupage. Chiedete informazioni non vincolanti sulle possibilit\u00e0 di trasporto del carico.\" \/>\n<meta name=\"robots\" content=\"index, follow, max-snippet:-1, max-image-preview:large, max-video-preview:-1\" \/>\n<link rel=\"canonical\" href=\"https:\/\/www.a2logistics.com\/it\/trasporto\/irlanda\/\" \/>\n<meta property=\"og:locale\" content=\"it_IT\" \/>\n<meta property=\"og:type\" content=\"article\" \/>\n<meta property=\"og:title\" content=\"Trasporto in Irlanda | A2 Logistics | Il tuo problema, la nostra soluzione!\" \/>\n<meta property=\"og:description\" content=\"A2 Logistics \u00e8 specializzata in trasporti da e verso l&#039;Irlanda. \u00c8 possibile anche scegliere il groupage. Chiedete informazioni non vincolanti sulle possibilit\u00e0 di trasporto del carico.\" \/>\n<meta property=\"og:url\" content=\"https:\/\/www.a2logistics.com\/it\/trasporto\/irlanda\/\" \/>\n<meta property=\"og:site_name\" content=\"IT\" \/>\n<meta property=\"article:modified_time\" content=\"2020-07-09T09:32:37+00:00\" \/>\n<meta property=\"og:image\" content=\"https:\/\/www.a2logistics.com\/it\/wp-content\/uploads\/sites\/6\/2020\/06\/A2LOGISTICS_001C_STILL-2.jpg\" \/>\n\t<meta property=\"og:image:width\" content=\"2560\" \/>\n\t<meta property=\"og:image:height\" content=\"1280\" \/>\n\t<meta property=\"og:image:type\" content=\"image\/jpeg\" \/>\n<meta name=\"twitter:card\" content=\"summary_large_image\" \/>\n<script type=\"application\/ld+json\" class=\"yoast-schema-graph\">{\"@context\":\"https:\/\/schema.org\",\"@graph\":[{\"@type\":\"WebPage\",\"@id\":\"https:\/\/www.a2logistics.com\/it\/trasporto\/irlanda\/\",\"url\":\"https:\/\/www.a2logistics.com\/it\/trasporto\/irlanda\/\",\"name\":\"Trasporto in Irlanda | A2 Logistics | Il tuo problema, la nostra soluzione!\",\"isPartOf\":{\"@id\":\"https:\/\/www.a2logistics.com\/it\/#website\"},\"primaryImageOfPage\":{\"@id\":\"https:\/\/www.a2logistics.com\/it\/trasporto\/irlanda\/#primaryimage\"},\"image\":{\"@id\":\"https:\/\/www.a2logistics.com\/it\/trasporto\/irlanda\/#primaryimage\"},\"thumbnailUrl\":\"https:\/\/www.a2logistics.com\/it\/wp-content\/uploads\/sites\/6\/2020\/06\/A2LOGISTICS_001C_STILL-2.jpg\",\"datePublished\":\"2020-05-27T09:49:10+00:00\",\"dateModified\":\"2020-07-09T09:32:37+00:00\",\"description\":\"A2 Logistics \u00e8 specializzata in trasporti da e verso l'Irlanda. \u00c8 possibile anche scegliere il groupage. Chiedete informazioni non vincolanti sulle possibilit\u00e0 di trasporto del carico.\",\"breadcrumb\":{\"@id\":\"https:\/\/www.a2logistics.com\/it\/trasporto\/irlanda\/#breadcrumb\"},\"inLanguage\":\"it-IT\",\"potentialAction\":[{\"@type\":\"ReadAction\",\"target\":[\"https:\/\/www.a2logistics.com\/it\/trasporto\/irlanda\/\"]}]},{\"@type\":\"ImageObject\",\"inLanguage\":\"it-IT\",\"@id\":\"https:\/\/www.a2logistics.com\/it\/trasporto\/irlanda\/#primaryimage\",\"url\":\"https:\/\/www.a2logistics.com\/it\/wp-content\/uploads\/sites\/6\/2020\/06\/A2LOGISTICS_001C_STILL-2.jpg\",\"contentUrl\":\"https:\/\/www.a2logistics.com\/it\/wp-content\/uploads\/sites\/6\/2020\/06\/A2LOGISTICS_001C_STILL-2.jpg\",\"width\":2560,\"height\":1280,\"caption\":\"A2 Logistics | Internationaal transport\"},{\"@type\":\"BreadcrumbList\",\"@id\":\"https:\/\/www.a2logistics.com\/it\/trasporto\/irlanda\/#breadcrumb\",\"itemListElement\":[{\"@type\":\"ListItem\",\"position\":1,\"name\":\"Home\",\"item\":\"https:\/\/www.a2logistics.com\/it\/\"},{\"@type\":\"ListItem\",\"position\":2,\"name\":\"Trasporto\",\"item\":\"https:\/\/www.a2logistics.com\/it\/trasporto\/\"},{\"@type\":\"ListItem\",\"position\":3,\"name\":\"Irlanda\"}]},{\"@type\":\"WebSite\",\"@id\":\"https:\/\/www.a2logistics.com\/it\/#website\",\"url\":\"https:\/\/www.a2logistics.com\/it\/\",\"name\":\"IT\",\"description\":\"A2 Logistics is een gerenommeerd expeditiebedrijf met meer dan 10 jaar ervaring in internationaal transport. Bekijk onze mogelijkheden online!\",\"publisher\":{\"@id\":\"https:\/\/www.a2logistics.com\/it\/#organization\"},\"potentialAction\":[{\"@type\":\"SearchAction\",\"target\":{\"@type\":\"EntryPoint\",\"urlTemplate\":\"https:\/\/www.a2logistics.com\/it\/?s={search_term_string}\"},\"query-input\":{\"@type\":\"PropertyValueSpecification\",\"valueRequired\":true,\"valueName\":\"search_term_string\"}}],\"inLanguage\":\"it-IT\"},{\"@type\":\"Organization\",\"@id\":\"https:\/\/www.a2logistics.com\/it\/#organization\",\"name\":\"A2 logistics\",\"url\":\"https:\/\/www.a2logistics.com\/it\/\",\"logo\":{\"@type\":\"ImageObject\",\"inLanguage\":\"it-IT\",\"@id\":\"https:\/\/www.a2logistics.com\/it\/#\/schema\/logo\/image\/\",\"url\":\"https:\/\/www.a2logistics.com\/it\/wp-content\/uploads\/sites\/6\/2020\/07\/logo-a2.jpg\",\"contentUrl\":\"https:\/\/www.a2logistics.com\/it\/wp-content\/uploads\/sites\/6\/2020\/07\/logo-a2.jpg\",\"width\":144,\"height\":61,\"caption\":\"A2 logistics\"},\"image\":{\"@id\":\"https:\/\/www.a2logistics.com\/it\/#\/schema\/logo\/image\/\"}}]}<\/script>\n<!-- \/ Yoast SEO plugin. -->","yoast_head_json":{"title":"Trasporto in Irlanda | A2 Logistics | Il tuo problema, la nostra soluzione!","description":"A2 Logistics \u00e8 specializzata in trasporti da e verso l'Irlanda. \u00c8 possibile anche scegliere il groupage. Chiedete informazioni non vincolanti sulle possibilit\u00e0 di trasporto del carico.","robots":{"index":"index","follow":"follow","max-snippet":"max-snippet:-1","max-image-preview":"max-image-preview:large","max-video-preview":"max-video-preview:-1"},"canonical":"https:\/\/www.a2logistics.com\/it\/trasporto\/irlanda\/","og_locale":"it_IT","og_type":"article","og_title":"Trasporto in Irlanda | A2 Logistics | Il tuo problema, la nostra soluzione!","og_description":"A2 Logistics \u00e8 specializzata in trasporti da e verso l'Irlanda. \u00c8 possibile anche scegliere il groupage. Chiedete informazioni non vincolanti sulle possibilit\u00e0 di trasporto del carico.","og_url":"https:\/\/www.a2logistics.com\/it\/trasporto\/irlanda\/","og_site_name":"IT","article_modified_time":"2020-07-09T09:32:37+00:00","og_image":[{"width":2560,"height":1280,"url":"https:\/\/www.a2logistics.com\/it\/wp-content\/uploads\/sites\/6\/2020\/06\/A2LOGISTICS_001C_STILL-2.jpg","type":"image\/jpeg"}],"twitter_card":"summary_large_image","schema":{"@context":"https:\/\/schema.org","@graph":[{"@type":"WebPage","@id":"https:\/\/www.a2logistics.com\/it\/trasporto\/irlanda\/","url":"https:\/\/www.a2logistics.com\/it\/trasporto\/irlanda\/","name":"Trasporto in Irlanda | A2 Logistics | Il tuo problema, la nostra soluzione!","isPartOf":{"@id":"https:\/\/www.a2logistics.com\/it\/#website"},"primaryImageOfPage":{"@id":"https:\/\/www.a2logistics.com\/it\/trasporto\/irlanda\/#primaryimage"},"image":{"@id":"https:\/\/www.a2logistics.com\/it\/trasporto\/irlanda\/#primaryimage"},"thumbnailUrl":"https:\/\/www.a2logistics.com\/it\/wp-content\/uploads\/sites\/6\/2020\/06\/A2LOGISTICS_001C_STILL-2.jpg","datePublished":"2020-05-27T09:49:10+00:00","dateModified":"2020-07-09T09:32:37+00:00","description":"A2 Logistics \u00e8 specializzata in trasporti da e verso l'Irlanda. \u00c8 possibile anche scegliere il groupage. Chiedete informazioni non vincolanti sulle possibilit\u00e0 di trasporto del carico.","breadcrumb":{"@id":"https:\/\/www.a2logistics.com\/it\/trasporto\/irlanda\/#breadcrumb"},"inLanguage":"it-IT","potentialAction":[{"@type":"ReadAction","target":["https:\/\/www.a2logistics.com\/it\/trasporto\/irlanda\/"]}]},{"@type":"ImageObject","inLanguage":"it-IT","@id":"https:\/\/www.a2logistics.com\/it\/trasporto\/irlanda\/#primaryimage","url":"https:\/\/www.a2logistics.com\/it\/wp-content\/uploads\/sites\/6\/2020\/06\/A2LOGISTICS_001C_STILL-2.jpg","contentUrl":"https:\/\/www.a2logistics.com\/it\/wp-content\/uploads\/sites\/6\/2020\/06\/A2LOGISTICS_001C_STILL-2.jpg","width":2560,"height":1280,"caption":"A2 Logistics | Internationaal transport"},{"@type":"BreadcrumbList","@id":"https:\/\/www.a2logistics.com\/it\/trasporto\/irlanda\/#breadcrumb","itemListElement":[{"@type":"ListItem","position":1,"name":"Home","item":"https:\/\/www.a2logistics.com\/it\/"},{"@type":"ListItem","position":2,"name":"Trasporto","item":"https:\/\/www.a2logistics.com\/it\/trasporto\/"},{"@type":"ListItem","position":3,"name":"Irlanda"}]},{"@type":"WebSite","@id":"https:\/\/www.a2logistics.com\/it\/#website","url":"https:\/\/www.a2logistics.com\/it\/","name":"IT","description":"A2 Logistics is een gerenommeerd expeditiebedrijf met meer dan 10 jaar ervaring in internationaal transport. Bekijk onze mogelijkheden online!","publisher":{"@id":"https:\/\/www.a2logistics.com\/it\/#organization"},"potentialAction":[{"@type":"SearchAction","target":{"@type":"EntryPoint","urlTemplate":"https:\/\/www.a2logistics.com\/it\/?s={search_term_string}"},"query-input":{"@type":"PropertyValueSpecification","valueRequired":true,"valueName":"search_term_string"}}],"inLanguage":"it-IT"},{"@type":"Organization","@id":"https:\/\/www.a2logistics.com\/it\/#organization","name":"A2 logistics","url":"https:\/\/www.a2logistics.com\/it\/","logo":{"@type":"ImageObject","inLanguage":"it-IT","@id":"https:\/\/www.a2logistics.com\/it\/#\/schema\/logo\/image\/","url":"https:\/\/www.a2logistics.com\/it\/wp-content\/uploads\/sites\/6\/2020\/07\/logo-a2.jpg","contentUrl":"https:\/\/www.a2logistics.com\/it\/wp-content\/uploads\/sites\/6\/2020\/07\/logo-a2.jpg","width":144,"height":61,"caption":"A2 logistics"},"image":{"@id":"https:\/\/www.a2logistics.com\/it\/#\/schema\/logo\/image\/"}}]}},"_links":{"self":[{"href":"https:\/\/www.a2logistics.com\/it\/wp-json\/wp\/v2\/pages\/31","targetHints":{"allow":["GET"]}}],"collection":[{"href":"https:\/\/www.a2logistics.com\/it\/wp-json\/wp\/v2\/pages"}],"about":[{"href":"https:\/\/www.a2logistics.com\/it\/wp-json\/wp\/v2\/types\/page"}],"author":[{"embeddable":true,"href":"https:\/\/www.a2logistics.com\/it\/wp-json\/wp\/v2\/users\/2"}],"replies":[{"embeddable":true,"href":"https:\/\/www.a2logistics.com\/it\/wp-json\/wp\/v2\/comments?post=31"}],"version-history":[{"count":56,"href":"https:\/\/www.a2logistics.com\/it\/wp-json\/wp\/v2\/pages\/31\/revisions"}],"predecessor-version":[{"id":637,"href":"https:\/\/www.a2logistics.com\/it\/wp-json\/wp\/v2\/pages\/31\/revisions\/637"}],"up":[{"embeddable":true,"href":"https:\/\/www.a2logistics.com\/it\/wp-json\/wp\/v2\/pages\/14"}],"wp:featuredmedia":[{"embeddable":true,"href":"https:\/\/www.a2logistics.com\/it\/wp-json\/wp\/v2\/media\/281"}],"wp:attachment":[{"href":"https:\/\/www.a2logistics.com\/it\/wp-json\/wp\/v2\/media?parent=31"}],"curies":[{"name":"wp","href":"https:\/\/api.w.org\/{rel}","templated":true}]}}