{"id":37,"date":"2020-05-27T11:50:11","date_gmt":"2020-05-27T09:50:11","guid":{"rendered":"https:\/\/www.a2logistics.com\/?page_id=37"},"modified":"2020-07-09T11:24:44","modified_gmt":"2020-07-09T09:24:44","slug":"suecia","status":"publish","type":"page","link":"https:\/\/www.a2logistics.com\/es\/transporte\/suecia\/","title":{"rendered":"Suecia"},"content":{"rendered":"<section id=section-block-block_5ece4cd13eac2 class=\"section block_content\"><div class=\"container\"><div class=\"block-row blocks-in-row-1\"><div class=\"block content-block\"><div class=\"inner-wrapper\"><H2 class=\"block-title\">A2 Logistics ha ejecutado transportes a Escandinavia por m\u00e1s de 15 a\u00f1os.<\/H2><div class=\"content-wrapper\"><p>ADR, maquinaria! Puede dejar cualquier mercanc\u00eda en nuestras manos. Para el transporte a Noruega y Finlandia pero tambi\u00e9n el transporte hacia Suecia podr\u00e1 contar con nosotros. Gracias a nosotros desaparecer\u00e1n todas sus preocupaciones. Incluyendo los documentos del seguro. Al finalizar le enviaremos el CMR\/POD\/Albar\u00e1n de entrega firmado.<\/p>\n<\/div><\/div><\/div><\/div><\/div><\/section>\n\n<section id=section-block_5ece4cde3eac3 class=\"section block_image_and_content_left\"><div class=\"container\"><div class=\"block-row blocks-in-row-2\"><div class=\"block image-block\"><div class=\"inner-wrapper\"><figure class=\"img-wrapper\"><img decoding=\"async\" itemprop=\"image\" title=\"A2 Logistics | Internationaal transport\" alt=\"A2 Logistics | Internationaal transport\" src=\"https:\/\/www.a2logistics.com\/es\/wp-content\/uploads\/sites\/4\/2020\/06\/A2LOGISTICS_001C_STILL-2-660x500.jpg\"\/><\/figure><\/div><\/div><div class=\"block content-block\"><div class=\"inner-wrapper\"><H2 class=\"block-title\">Transporte Suecia<\/H2><div class=\"content-wrapper\"><p>El transporte hacia Suecia puede tener lugar por carretera o por mar mediante el as\u00ed denominado\u00a0Short sea Shipping (Conexiones mar\u00edtimos de corta distancia). Para ello colaboramos con transportistas locales muy profesionales que cuentan con mucha experiencia. Podemos hacer uso de sus camiones y experiencia para transportar la carga de forma r\u00e1pida, segura y en un estado impecable.<\/p>\n<\/div><\/div><\/div><\/div><\/div><\/section>\n\n<section id=section-block-block_5ece4d053eac4 class=\"section block_content\"><div class=\"container\"><div class=\"block-row blocks-in-row-1\"><div class=\"block content-block\"><div class=\"inner-wrapper\"><H2 class=\"block-title\">Desde Den Bosch hacia Suecia.<\/H2><div class=\"content-wrapper\"><p>Habitualmente su env\u00edo se prepara en nuestro centro de distribuci\u00f3n en Den Bosch(NL). Suecia es un destino muy solicitado as\u00ed que para el transporte a Suecia siempre miramos si existen varios clientes con env\u00edos pendientes a Suecia. Al combinar estos env\u00edos en forma de Grupaje podamos unir nuestras fuerzas y compartir los gastos. As\u00ed que Usted disfrutar\u00e1 de unas tarifas muy interesantes!<\/p>\n<\/div><\/div><\/div><\/div><\/div><\/section>\n\n<section id=section-block-block_5ece4d143eac5 class=\"section block_content\"><div class=\"container\"><div class=\"block-row blocks-in-row-1\"><div class=\"block content-block\"><div class=\"inner-wrapper\"><H2 class=\"block-title\">Oferta atractiva para su transporte hacia Suecia!<\/H2><div class=\"content-wrapper\"><p>\u00bfSu empresa tiene un env\u00edo para recoger en alg\u00fan punto en Europa o se debe llevar al extranjero? Plant\u00e9enos su problema de transporte lo estudiaremos sin m\u00e1s demora. En el plazo de media hora recibir\u00e1 una oferta detallada con los tiempos de tr\u00e1nsito que son posibles para su env\u00edo. \u00a1A2 Logistics es su socio de confianza para el transporte asegurado desde los Pa\u00edses Bajos a Suecia (o al rev\u00e9s) y muchos otros destinos en Europa!<\/p>\n<\/div><a  title=\"Contacto\" href=\"https:\/\/www.a2logistics.com\/es\/contactenos\/#escandinavia-section\" class=\"button\">Contacto<\/a><\/div><\/div><\/div><\/div><\/section>\n\n<section id=section-block-block_5ecfaa17c030d class=\"section cta_with_button_block\"><div class=\"container\"><div style=\"background-image:url(https:\/\/www.a2logistics.com\/es\/wp-content\/uploads\/sites\/4\/2020\/05\/A2LOGISTICS_001C_STILL-3-1024x512.jpg)\" class=\"background-underlay\"><\/div><div class=\"block-row blocks-in-row-1\"><div class=\"block cta-with-button-block\"><div class=\"inner-wrapper\"><H2 class=\"block-title\">\u00bfNecesitas ayuda con tu transporte?<\/H2><span class=\"outer-btn-wrapper\"><a  title=\"Ventas Suecia\" href=\"https:\/\/www.a2logistics.com\/es\/contactenos\/#escandinavia-section\" class=\"button set\">Ventas Suecia<\/a><\/span><span class=\"outer-btn-wrapper\"><a  title=\"Planificaci\u00f3n Suecia\" href=\"https:\/\/www.a2logistics.com\/es\/contactenos\/#escandinavia-section\" class=\"button\">Planificaci\u00f3n Suecia<\/a><\/span><\/div><\/div><\/div><\/section>","protected":false},"excerpt":{"rendered":"","protected":false},"author":2,"featured_media":290,"parent":14,"menu_order":40,"comment_status":"closed","ping_status":"closed","template":"","meta":{"_acf_changed":false,"_trash_the_other_posts":false,"editor_notices":[],"footnotes":""},"class_list":["post-37","page","type-page","status-publish","has-post-thumbnail","hentry"],"acf":[],"yoast_head":"<!-- This site is optimized with the Yoast SEO plugin v27.1.1 - https:\/\/yoast.com\/product\/yoast-seo-wordpress\/ -->\n<title>Transporte a Suecia y al rev\u00e9s | A2 Logistics<\/title>\n<meta name=\"description\" content=\"A2 Logistics organiza el transporte seguro y profesional por toda Europa. Tambi\u00e9n para el transporte (urgente) a Suecia podr\u00e1 contar con nosotros.\" \/>\n<meta name=\"robots\" content=\"index, follow, max-snippet:-1, max-image-preview:large, max-video-preview:-1\" \/>\n<link rel=\"canonical\" href=\"https:\/\/www.a2logistics.com\/es\/transporte\/suecia\/\" \/>\n<meta property=\"og:locale\" content=\"es_ES\" \/>\n<meta property=\"og:type\" content=\"article\" \/>\n<meta property=\"og:title\" content=\"Transporte a Suecia y al rev\u00e9s | A2 Logistics\" \/>\n<meta property=\"og:description\" content=\"A2 Logistics organiza el transporte seguro y profesional por toda Europa. Tambi\u00e9n para el transporte (urgente) a Suecia podr\u00e1 contar con nosotros.\" \/>\n<meta property=\"og:url\" content=\"https:\/\/www.a2logistics.com\/es\/transporte\/suecia\/\" \/>\n<meta property=\"og:site_name\" content=\"ES\" \/>\n<meta property=\"article:modified_time\" content=\"2020-07-09T09:24:44+00:00\" \/>\n<meta property=\"og:image\" content=\"https:\/\/www.a2logistics.com\/es\/wp-content\/uploads\/sites\/4\/2020\/06\/A2LOGISTICS_001C_STILL-11.jpg\" \/>\n\t<meta property=\"og:image:width\" content=\"2560\" \/>\n\t<meta property=\"og:image:height\" content=\"1280\" \/>\n\t<meta property=\"og:image:type\" content=\"image\/jpeg\" \/>\n<meta name=\"twitter:card\" content=\"summary_large_image\" \/>\n<script type=\"application\/ld+json\" class=\"yoast-schema-graph\">{\"@context\":\"https:\/\/schema.org\",\"@graph\":[{\"@type\":\"WebPage\",\"@id\":\"https:\/\/www.a2logistics.com\/es\/transporte\/suecia\/\",\"url\":\"https:\/\/www.a2logistics.com\/es\/transporte\/suecia\/\",\"name\":\"Transporte a Suecia y al rev\u00e9s | A2 Logistics\",\"isPartOf\":{\"@id\":\"https:\/\/www.a2logistics.com\/es\/#website\"},\"primaryImageOfPage\":{\"@id\":\"https:\/\/www.a2logistics.com\/es\/transporte\/suecia\/#primaryimage\"},\"image\":{\"@id\":\"https:\/\/www.a2logistics.com\/es\/transporte\/suecia\/#primaryimage\"},\"thumbnailUrl\":\"https:\/\/www.a2logistics.com\/es\/wp-content\/uploads\/sites\/4\/2020\/06\/A2LOGISTICS_001C_STILL-11.jpg\",\"datePublished\":\"2020-05-27T09:50:11+00:00\",\"dateModified\":\"2020-07-09T09:24:44+00:00\",\"description\":\"A2 Logistics organiza el transporte seguro y profesional por toda Europa. Tambi\u00e9n para el transporte (urgente) a Suecia podr\u00e1 contar con nosotros.\",\"breadcrumb\":{\"@id\":\"https:\/\/www.a2logistics.com\/es\/transporte\/suecia\/#breadcrumb\"},\"inLanguage\":\"es\",\"potentialAction\":[{\"@type\":\"ReadAction\",\"target\":[\"https:\/\/www.a2logistics.com\/es\/transporte\/suecia\/\"]}]},{\"@type\":\"ImageObject\",\"inLanguage\":\"es\",\"@id\":\"https:\/\/www.a2logistics.com\/es\/transporte\/suecia\/#primaryimage\",\"url\":\"https:\/\/www.a2logistics.com\/es\/wp-content\/uploads\/sites\/4\/2020\/06\/A2LOGISTICS_001C_STILL-11.jpg\",\"contentUrl\":\"https:\/\/www.a2logistics.com\/es\/wp-content\/uploads\/sites\/4\/2020\/06\/A2LOGISTICS_001C_STILL-11.jpg\",\"width\":2560,\"height\":1280},{\"@type\":\"BreadcrumbList\",\"@id\":\"https:\/\/www.a2logistics.com\/es\/transporte\/suecia\/#breadcrumb\",\"itemListElement\":[{\"@type\":\"ListItem\",\"position\":1,\"name\":\"Home\",\"item\":\"https:\/\/www.a2logistics.com\/es\/\"},{\"@type\":\"ListItem\",\"position\":2,\"name\":\"Transporte\",\"item\":\"https:\/\/www.a2logistics.com\/es\/transporte\/\"},{\"@type\":\"ListItem\",\"position\":3,\"name\":\"Suecia\"}]},{\"@type\":\"WebSite\",\"@id\":\"https:\/\/www.a2logistics.com\/es\/#website\",\"url\":\"https:\/\/www.a2logistics.com\/es\/\",\"name\":\"ES\",\"description\":\"A2 Logistics is een gerenommeerd expeditiebedrijf met meer dan 10 jaar ervaring in internationaal transport. Bekijk onze mogelijkheden online!\",\"potentialAction\":[{\"@type\":\"SearchAction\",\"target\":{\"@type\":\"EntryPoint\",\"urlTemplate\":\"https:\/\/www.a2logistics.com\/es\/?s={search_term_string}\"},\"query-input\":{\"@type\":\"PropertyValueSpecification\",\"valueRequired\":true,\"valueName\":\"search_term_string\"}}],\"inLanguage\":\"es\"}]}<\/script>\n<!-- \/ Yoast SEO plugin. -->","yoast_head_json":{"title":"Transporte a Suecia y al rev\u00e9s | A2 Logistics","description":"A2 Logistics organiza el transporte seguro y profesional por toda Europa. Tambi\u00e9n para el transporte (urgente) a Suecia podr\u00e1 contar con nosotros.","robots":{"index":"index","follow":"follow","max-snippet":"max-snippet:-1","max-image-preview":"max-image-preview:large","max-video-preview":"max-video-preview:-1"},"canonical":"https:\/\/www.a2logistics.com\/es\/transporte\/suecia\/","og_locale":"es_ES","og_type":"article","og_title":"Transporte a Suecia y al rev\u00e9s | A2 Logistics","og_description":"A2 Logistics organiza el transporte seguro y profesional por toda Europa. Tambi\u00e9n para el transporte (urgente) a Suecia podr\u00e1 contar con nosotros.","og_url":"https:\/\/www.a2logistics.com\/es\/transporte\/suecia\/","og_site_name":"ES","article_modified_time":"2020-07-09T09:24:44+00:00","og_image":[{"width":2560,"height":1280,"url":"https:\/\/www.a2logistics.com\/es\/wp-content\/uploads\/sites\/4\/2020\/06\/A2LOGISTICS_001C_STILL-11.jpg","type":"image\/jpeg"}],"twitter_card":"summary_large_image","schema":{"@context":"https:\/\/schema.org","@graph":[{"@type":"WebPage","@id":"https:\/\/www.a2logistics.com\/es\/transporte\/suecia\/","url":"https:\/\/www.a2logistics.com\/es\/transporte\/suecia\/","name":"Transporte a Suecia y al rev\u00e9s | A2 Logistics","isPartOf":{"@id":"https:\/\/www.a2logistics.com\/es\/#website"},"primaryImageOfPage":{"@id":"https:\/\/www.a2logistics.com\/es\/transporte\/suecia\/#primaryimage"},"image":{"@id":"https:\/\/www.a2logistics.com\/es\/transporte\/suecia\/#primaryimage"},"thumbnailUrl":"https:\/\/www.a2logistics.com\/es\/wp-content\/uploads\/sites\/4\/2020\/06\/A2LOGISTICS_001C_STILL-11.jpg","datePublished":"2020-05-27T09:50:11+00:00","dateModified":"2020-07-09T09:24:44+00:00","description":"A2 Logistics organiza el transporte seguro y profesional por toda Europa. Tambi\u00e9n para el transporte (urgente) a Suecia podr\u00e1 contar con nosotros.","breadcrumb":{"@id":"https:\/\/www.a2logistics.com\/es\/transporte\/suecia\/#breadcrumb"},"inLanguage":"es","potentialAction":[{"@type":"ReadAction","target":["https:\/\/www.a2logistics.com\/es\/transporte\/suecia\/"]}]},{"@type":"ImageObject","inLanguage":"es","@id":"https:\/\/www.a2logistics.com\/es\/transporte\/suecia\/#primaryimage","url":"https:\/\/www.a2logistics.com\/es\/wp-content\/uploads\/sites\/4\/2020\/06\/A2LOGISTICS_001C_STILL-11.jpg","contentUrl":"https:\/\/www.a2logistics.com\/es\/wp-content\/uploads\/sites\/4\/2020\/06\/A2LOGISTICS_001C_STILL-11.jpg","width":2560,"height":1280},{"@type":"BreadcrumbList","@id":"https:\/\/www.a2logistics.com\/es\/transporte\/suecia\/#breadcrumb","itemListElement":[{"@type":"ListItem","position":1,"name":"Home","item":"https:\/\/www.a2logistics.com\/es\/"},{"@type":"ListItem","position":2,"name":"Transporte","item":"https:\/\/www.a2logistics.com\/es\/transporte\/"},{"@type":"ListItem","position":3,"name":"Suecia"}]},{"@type":"WebSite","@id":"https:\/\/www.a2logistics.com\/es\/#website","url":"https:\/\/www.a2logistics.com\/es\/","name":"ES","description":"A2 Logistics is een gerenommeerd expeditiebedrijf met meer dan 10 jaar ervaring in internationaal transport. Bekijk onze mogelijkheden online!","potentialAction":[{"@type":"SearchAction","target":{"@type":"EntryPoint","urlTemplate":"https:\/\/www.a2logistics.com\/es\/?s={search_term_string}"},"query-input":{"@type":"PropertyValueSpecification","valueRequired":true,"valueName":"search_term_string"}}],"inLanguage":"es"}]}},"_links":{"self":[{"href":"https:\/\/www.a2logistics.com\/es\/wp-json\/wp\/v2\/pages\/37","targetHints":{"allow":["GET"]}}],"collection":[{"href":"https:\/\/www.a2logistics.com\/es\/wp-json\/wp\/v2\/pages"}],"about":[{"href":"https:\/\/www.a2logistics.com\/es\/wp-json\/wp\/v2\/types\/page"}],"author":[{"embeddable":true,"href":"https:\/\/www.a2logistics.com\/es\/wp-json\/wp\/v2\/users\/2"}],"replies":[{"embeddable":true,"href":"https:\/\/www.a2logistics.com\/es\/wp-json\/wp\/v2\/comments?post=37"}],"version-history":[{"count":20,"href":"https:\/\/www.a2logistics.com\/es\/wp-json\/wp\/v2\/pages\/37\/revisions"}],"predecessor-version":[{"id":651,"href":"https:\/\/www.a2logistics.com\/es\/wp-json\/wp\/v2\/pages\/37\/revisions\/651"}],"up":[{"embeddable":true,"href":"https:\/\/www.a2logistics.com\/es\/wp-json\/wp\/v2\/pages\/14"}],"wp:featuredmedia":[{"embeddable":true,"href":"https:\/\/www.a2logistics.com\/es\/wp-json\/wp\/v2\/media\/290"}],"wp:attachment":[{"href":"https:\/\/www.a2logistics.com\/es\/wp-json\/wp\/v2\/media?parent=37"}],"curies":[{"name":"wp","href":"https:\/\/api.w.org\/{rel}","templated":true}]}}