{"id":35,"date":"2020-05-27T11:49:57","date_gmt":"2020-05-27T09:49:57","guid":{"rendered":"https:\/\/www.a2logistics.com\/?page_id=35"},"modified":"2020-07-09T11:24:25","modified_gmt":"2020-07-09T09:24:25","slug":"noruega","status":"publish","type":"page","link":"https:\/\/www.a2logistics.com\/es\/transporte\/noruega\/","title":{"rendered":"Noruega"},"content":{"rendered":"<section id=section-block-block_5ece4baa9c623 class=\"section block_content\"><div class=\"container\"><div class=\"block-row blocks-in-row-1\"><div class=\"block content-block\"><div class=\"inner-wrapper\"><H2 class=\"block-title\">A2 Logistics es su Partner\/Agente para el transporte a Noruega.<\/H2><div class=\"content-wrapper\"><p>\u00bfTiene un sof\u00e1 o un palet para llevar a Oslo? \u00bfO bien un producto que debe llegar a Noruega protegido contra el fr\u00edo? A2 Logistics es su Partner para el transporte a Noruega. Nosotros somos el enlace entre clientes que desean entregar o recoger mercanc\u00eda y transportistas que tienen a Noruega como destino final o intermedio.<\/p>\n<\/div><\/div><\/div><\/div><\/div><\/section>\n\n<section id=section-block_5ece4bcd9c624 class=\"section block_image_and_content_left\"><div class=\"container\"><div class=\"block-row blocks-in-row-2\"><div class=\"block image-block\"><div class=\"inner-wrapper\"><figure class=\"img-wrapper\"><img decoding=\"async\" itemprop=\"image\" title=\"A2 Logistics - Transport\" alt=\"vrachtwagen rijdend over een snelweg vanuit de lucht\" src=\"https:\/\/www.a2logistics.com\/es\/wp-content\/uploads\/sites\/4\/2020\/05\/A2LOGISTICS_001C_STILL-10-660x500.jpg\"\/><\/figure><\/div><\/div><div class=\"block content-block\"><div class=\"inner-wrapper\"><H2 class=\"block-title\">La ruta del transporte hacia Noruega<\/H2><div class=\"content-wrapper\"><p>A2 Logistics organiza el transporte de todo tipo de carga. Muchas de estas cargas se consolidan primero en nuestro centro de distribuci\u00f3n en Den Bosch. Ah\u00ed los env\u00edos se ordenan, se embalan cuidadosamente y se combinan con otros env\u00edos para Noruega. Una soluci\u00f3n econ\u00f3mica!<\/p>\n<\/div><\/div><\/div><\/div><\/div><\/section>\n\n<section id=section-block-block_5ece4bf59c625 class=\"section block_content\"><div class=\"container\"><div class=\"block-row blocks-in-row-1\"><div class=\"block content-block\"><div class=\"inner-wrapper\"><H2 class=\"block-title\">Como funciona<\/H2><div class=\"content-wrapper\"><p>El transporte que tiene lugar de esta manera, que se denomina Grupaje, conlleva unas tarifas interesantes. Despu\u00e9s de preparar su carga esta sale por la carretera y una parte por el mar. Seg\u00fan el destino final el transporte mar\u00edtimo de corta distancia (Short sea Shipping) cruza el estrecho de Skagerrak, el Mar del Norte o el Mar de Noruega. En Noruega un transportista recoge los contenedores del barco.<\/p>\n<\/div><\/div><\/div><\/div><\/div><\/section>\n\n<section id=section-block-block_5ece4c279c626 class=\"section block_content_and_image_left\"><div class=\"container\"><div class=\"block-row blocks-in-row-2\"><div class=\"block content-block\"><div class=\"inner-wrapper\"><H2 class=\"block-title\">Colaboramos estrechamente con actores locales<\/H2><div class=\"content-wrapper\"><p>Para el transporte a Noruega colaboramos estrechamente con actores locales que conocen como nadie el pa\u00eds y sus costumbres y normas. Sus productos siempre se entregan en un estado impecable. Usted no tiene que preocuparse por nada ya que nosotros tambi\u00e9n nos encargamos de los documentos aduaneros y del seguro. Dado que Noruega no forma parte de la UE se trata de un asunto muy importante.<\/p>\n<\/div><\/div><\/div><div class=\"block image-block\"><div class=\"inner-wrapper\"><figure class=\"img-wrapper\"><img decoding=\"async\" itemprop=\"image\" title=\"EDITV1_4K25.00_00_38_10.Still017\" alt=\"\" src=\"https:\/\/www.a2logistics.com\/es\/wp-content\/uploads\/sites\/4\/2020\/06\/EDITV1_4K25.00_00_38_10.Still017-660x500.jpg\"\/><\/figure><\/div><\/div><\/div><\/div><\/section>\n\n<section id=section-block-block_5ece4c7c9c628 class=\"section block_content\"><div class=\"container\"><div class=\"block-row blocks-in-row-1\"><div class=\"block content-block\"><div class=\"inner-wrapper\"><H2 class=\"block-title\">M\u00e1s informaci\u00f3n sobre transporte a Noruega<\/H2><div class=\"content-wrapper\"><p>\u00bfDesea recibir una oferta sin compromiso para, por ejemplo, el transporte de los Pa\u00edses Bajos a Noruega? Entonces p\u00f3ngase en contacto con nosotros ahora mismo. En el plazo de media hora recibir\u00e1 un presupuesto atractivo para su envi\u00f3 (Noruega u otro destino internacional). \u00a1Nosotros somos su socio fiable!<\/p>\n<\/div><a  title=\"Contacto\" href=\"https:\/\/www.a2logistics.com\/es\/contactenos\/#escandinavia-section\" class=\"button\">Contacto<\/a><\/div><\/div><\/div><\/div><\/section>\n\n<section id=section-block-block_5ecfaa17c030d class=\"section cta_with_button_block\"><div class=\"container\"><div style=\"background-image:url(https:\/\/www.a2logistics.com\/es\/wp-content\/uploads\/sites\/4\/2020\/05\/A2LOGISTICS_001C_STILL-3-1024x512.jpg)\" class=\"background-underlay\"><\/div><div class=\"block-row blocks-in-row-1\"><div class=\"block cta-with-button-block\"><div class=\"inner-wrapper\"><H2 class=\"block-title\">\u00bfNecesitas ayuda con tu transporte?<\/H2><span class=\"outer-btn-wrapper\"><a  title=\"Ventas Noruega\" href=\"https:\/\/www.a2logistics.com\/es\/contactenos\/#escandinavia-section\" class=\"button set\">Ventas Noruega<\/a><\/span><span class=\"outer-btn-wrapper\"><a  title=\"Planificaci\u00f3n Noruega\" href=\"https:\/\/www.a2logistics.com\/es\/contactenos\/#escandinavia-section\" class=\"button\">Planificaci\u00f3n Noruega<\/a><\/span><\/div><\/div><\/div><\/section>","protected":false},"excerpt":{"rendered":"","protected":false},"author":2,"featured_media":304,"parent":14,"menu_order":30,"comment_status":"closed","ping_status":"closed","template":"","meta":{"_acf_changed":false,"_trash_the_other_posts":false,"editor_notices":[],"footnotes":""},"class_list":["post-35","page","type-page","status-publish","has-post-thumbnail","hentry"],"acf":[],"yoast_head":"<!-- This site is optimized with the Yoast SEO plugin v27.1.1 - https:\/\/yoast.com\/product\/yoast-seo-wordpress\/ -->\n<title>Transporte Noruega: transporte seguro | A2 Logistics<\/title>\n<meta name=\"description\" content=\"\u00bfCu\u00e1l es la ruta m\u00e1s r\u00e1pida y eficaz a Noruega? A2 Logistics le asistir\u00e1 en su problema de transporte. \u00a1Seguro y fiable!\" \/>\n<meta name=\"robots\" content=\"index, follow, max-snippet:-1, max-image-preview:large, max-video-preview:-1\" \/>\n<link rel=\"canonical\" href=\"https:\/\/www.a2logistics.com\/es\/transporte\/noruega\/\" \/>\n<meta property=\"og:locale\" content=\"es_ES\" \/>\n<meta property=\"og:type\" content=\"article\" \/>\n<meta property=\"og:title\" content=\"Transporte Noruega: transporte seguro | A2 Logistics\" \/>\n<meta property=\"og:description\" content=\"\u00bfCu\u00e1l es la ruta m\u00e1s r\u00e1pida y eficaz a Noruega? A2 Logistics le asistir\u00e1 en su problema de transporte. \u00a1Seguro y fiable!\" \/>\n<meta property=\"og:url\" content=\"https:\/\/www.a2logistics.com\/es\/transporte\/noruega\/\" \/>\n<meta property=\"og:site_name\" content=\"ES\" \/>\n<meta property=\"article:modified_time\" content=\"2020-07-09T09:24:25+00:00\" \/>\n<meta property=\"og:image\" content=\"https:\/\/www.a2logistics.com\/es\/wp-content\/uploads\/sites\/4\/2020\/06\/A2logistics27077d022.jpg\" \/>\n\t<meta property=\"og:image:width\" content=\"2158\" \/>\n\t<meta property=\"og:image:height\" content=\"1440\" \/>\n\t<meta property=\"og:image:type\" content=\"image\/jpeg\" \/>\n<meta name=\"twitter:card\" content=\"summary_large_image\" \/>\n<script type=\"application\/ld+json\" class=\"yoast-schema-graph\">{\"@context\":\"https:\/\/schema.org\",\"@graph\":[{\"@type\":\"WebPage\",\"@id\":\"https:\/\/www.a2logistics.com\/es\/transporte\/noruega\/\",\"url\":\"https:\/\/www.a2logistics.com\/es\/transporte\/noruega\/\",\"name\":\"Transporte Noruega: transporte seguro | A2 Logistics\",\"isPartOf\":{\"@id\":\"https:\/\/www.a2logistics.com\/es\/#website\"},\"primaryImageOfPage\":{\"@id\":\"https:\/\/www.a2logistics.com\/es\/transporte\/noruega\/#primaryimage\"},\"image\":{\"@id\":\"https:\/\/www.a2logistics.com\/es\/transporte\/noruega\/#primaryimage\"},\"thumbnailUrl\":\"https:\/\/www.a2logistics.com\/es\/wp-content\/uploads\/sites\/4\/2020\/06\/A2logistics27077d022.jpg\",\"datePublished\":\"2020-05-27T09:49:57+00:00\",\"dateModified\":\"2020-07-09T09:24:25+00:00\",\"description\":\"\u00bfCu\u00e1l es la ruta m\u00e1s r\u00e1pida y eficaz a Noruega? A2 Logistics le asistir\u00e1 en su problema de transporte. \u00a1Seguro y fiable!\",\"breadcrumb\":{\"@id\":\"https:\/\/www.a2logistics.com\/es\/transporte\/noruega\/#breadcrumb\"},\"inLanguage\":\"es\",\"potentialAction\":[{\"@type\":\"ReadAction\",\"target\":[\"https:\/\/www.a2logistics.com\/es\/transporte\/noruega\/\"]}]},{\"@type\":\"ImageObject\",\"inLanguage\":\"es\",\"@id\":\"https:\/\/www.a2logistics.com\/es\/transporte\/noruega\/#primaryimage\",\"url\":\"https:\/\/www.a2logistics.com\/es\/wp-content\/uploads\/sites\/4\/2020\/06\/A2logistics27077d022.jpg\",\"contentUrl\":\"https:\/\/www.a2logistics.com\/es\/wp-content\/uploads\/sites\/4\/2020\/06\/A2logistics27077d022.jpg\",\"width\":2158,\"height\":1440},{\"@type\":\"BreadcrumbList\",\"@id\":\"https:\/\/www.a2logistics.com\/es\/transporte\/noruega\/#breadcrumb\",\"itemListElement\":[{\"@type\":\"ListItem\",\"position\":1,\"name\":\"Home\",\"item\":\"https:\/\/www.a2logistics.com\/es\/\"},{\"@type\":\"ListItem\",\"position\":2,\"name\":\"Transporte\",\"item\":\"https:\/\/www.a2logistics.com\/es\/transporte\/\"},{\"@type\":\"ListItem\",\"position\":3,\"name\":\"Noruega\"}]},{\"@type\":\"WebSite\",\"@id\":\"https:\/\/www.a2logistics.com\/es\/#website\",\"url\":\"https:\/\/www.a2logistics.com\/es\/\",\"name\":\"ES\",\"description\":\"A2 Logistics is een gerenommeerd expeditiebedrijf met meer dan 10 jaar ervaring in internationaal transport. Bekijk onze mogelijkheden online!\",\"potentialAction\":[{\"@type\":\"SearchAction\",\"target\":{\"@type\":\"EntryPoint\",\"urlTemplate\":\"https:\/\/www.a2logistics.com\/es\/?s={search_term_string}\"},\"query-input\":{\"@type\":\"PropertyValueSpecification\",\"valueRequired\":true,\"valueName\":\"search_term_string\"}}],\"inLanguage\":\"es\"}]}<\/script>\n<!-- \/ Yoast SEO plugin. -->","yoast_head_json":{"title":"Transporte Noruega: transporte seguro | A2 Logistics","description":"\u00bfCu\u00e1l es la ruta m\u00e1s r\u00e1pida y eficaz a Noruega? A2 Logistics le asistir\u00e1 en su problema de transporte. \u00a1Seguro y fiable!","robots":{"index":"index","follow":"follow","max-snippet":"max-snippet:-1","max-image-preview":"max-image-preview:large","max-video-preview":"max-video-preview:-1"},"canonical":"https:\/\/www.a2logistics.com\/es\/transporte\/noruega\/","og_locale":"es_ES","og_type":"article","og_title":"Transporte Noruega: transporte seguro | A2 Logistics","og_description":"\u00bfCu\u00e1l es la ruta m\u00e1s r\u00e1pida y eficaz a Noruega? A2 Logistics le asistir\u00e1 en su problema de transporte. \u00a1Seguro y fiable!","og_url":"https:\/\/www.a2logistics.com\/es\/transporte\/noruega\/","og_site_name":"ES","article_modified_time":"2020-07-09T09:24:25+00:00","og_image":[{"width":2158,"height":1440,"url":"https:\/\/www.a2logistics.com\/es\/wp-content\/uploads\/sites\/4\/2020\/06\/A2logistics27077d022.jpg","type":"image\/jpeg"}],"twitter_card":"summary_large_image","schema":{"@context":"https:\/\/schema.org","@graph":[{"@type":"WebPage","@id":"https:\/\/www.a2logistics.com\/es\/transporte\/noruega\/","url":"https:\/\/www.a2logistics.com\/es\/transporte\/noruega\/","name":"Transporte Noruega: transporte seguro | A2 Logistics","isPartOf":{"@id":"https:\/\/www.a2logistics.com\/es\/#website"},"primaryImageOfPage":{"@id":"https:\/\/www.a2logistics.com\/es\/transporte\/noruega\/#primaryimage"},"image":{"@id":"https:\/\/www.a2logistics.com\/es\/transporte\/noruega\/#primaryimage"},"thumbnailUrl":"https:\/\/www.a2logistics.com\/es\/wp-content\/uploads\/sites\/4\/2020\/06\/A2logistics27077d022.jpg","datePublished":"2020-05-27T09:49:57+00:00","dateModified":"2020-07-09T09:24:25+00:00","description":"\u00bfCu\u00e1l es la ruta m\u00e1s r\u00e1pida y eficaz a Noruega? A2 Logistics le asistir\u00e1 en su problema de transporte. \u00a1Seguro y fiable!","breadcrumb":{"@id":"https:\/\/www.a2logistics.com\/es\/transporte\/noruega\/#breadcrumb"},"inLanguage":"es","potentialAction":[{"@type":"ReadAction","target":["https:\/\/www.a2logistics.com\/es\/transporte\/noruega\/"]}]},{"@type":"ImageObject","inLanguage":"es","@id":"https:\/\/www.a2logistics.com\/es\/transporte\/noruega\/#primaryimage","url":"https:\/\/www.a2logistics.com\/es\/wp-content\/uploads\/sites\/4\/2020\/06\/A2logistics27077d022.jpg","contentUrl":"https:\/\/www.a2logistics.com\/es\/wp-content\/uploads\/sites\/4\/2020\/06\/A2logistics27077d022.jpg","width":2158,"height":1440},{"@type":"BreadcrumbList","@id":"https:\/\/www.a2logistics.com\/es\/transporte\/noruega\/#breadcrumb","itemListElement":[{"@type":"ListItem","position":1,"name":"Home","item":"https:\/\/www.a2logistics.com\/es\/"},{"@type":"ListItem","position":2,"name":"Transporte","item":"https:\/\/www.a2logistics.com\/es\/transporte\/"},{"@type":"ListItem","position":3,"name":"Noruega"}]},{"@type":"WebSite","@id":"https:\/\/www.a2logistics.com\/es\/#website","url":"https:\/\/www.a2logistics.com\/es\/","name":"ES","description":"A2 Logistics is een gerenommeerd expeditiebedrijf met meer dan 10 jaar ervaring in internationaal transport. Bekijk onze mogelijkheden online!","potentialAction":[{"@type":"SearchAction","target":{"@type":"EntryPoint","urlTemplate":"https:\/\/www.a2logistics.com\/es\/?s={search_term_string}"},"query-input":{"@type":"PropertyValueSpecification","valueRequired":true,"valueName":"search_term_string"}}],"inLanguage":"es"}]}},"_links":{"self":[{"href":"https:\/\/www.a2logistics.com\/es\/wp-json\/wp\/v2\/pages\/35","targetHints":{"allow":["GET"]}}],"collection":[{"href":"https:\/\/www.a2logistics.com\/es\/wp-json\/wp\/v2\/pages"}],"about":[{"href":"https:\/\/www.a2logistics.com\/es\/wp-json\/wp\/v2\/types\/page"}],"author":[{"embeddable":true,"href":"https:\/\/www.a2logistics.com\/es\/wp-json\/wp\/v2\/users\/2"}],"replies":[{"embeddable":true,"href":"https:\/\/www.a2logistics.com\/es\/wp-json\/wp\/v2\/comments?post=35"}],"version-history":[{"count":26,"href":"https:\/\/www.a2logistics.com\/es\/wp-json\/wp\/v2\/pages\/35\/revisions"}],"predecessor-version":[{"id":648,"href":"https:\/\/www.a2logistics.com\/es\/wp-json\/wp\/v2\/pages\/35\/revisions\/648"}],"up":[{"embeddable":true,"href":"https:\/\/www.a2logistics.com\/es\/wp-json\/wp\/v2\/pages\/14"}],"wp:featuredmedia":[{"embeddable":true,"href":"https:\/\/www.a2logistics.com\/es\/wp-json\/wp\/v2\/media\/304"}],"wp:attachment":[{"href":"https:\/\/www.a2logistics.com\/es\/wp-json\/wp\/v2\/media?parent=35"}],"curies":[{"name":"wp","href":"https:\/\/api.w.org\/{rel}","templated":true}]}}