{"id":33,"date":"2020-05-27T11:49:27","date_gmt":"2020-05-27T09:49:27","guid":{"rendered":"https:\/\/www.a2logistics.com\/?page_id=33"},"modified":"2020-07-09T11:24:05","modified_gmt":"2020-07-09T09:24:05","slug":"finlandia","status":"publish","type":"page","link":"https:\/\/www.a2logistics.com\/es\/transporte\/finlandia\/","title":{"rendered":"Finlandia"},"content":{"rendered":"<section id=section-block-block_5ece4b0619dfa class=\"section block_content\"><div class=\"container\"><div class=\"block-row blocks-in-row-1\"><div class=\"block content-block\"><div class=\"inner-wrapper\"><H2 class=\"block-title\">Desde hace a\u00f1os A2 Logistics est\u00e1 especializado en el transporte desde y hasta Finlandia.<\/H2><div class=\"content-wrapper\"><p>Desde hace a\u00f1os A2 Logistics est\u00e1 especializado en el transporte desde y hasta Finlandia. Incluso es uno de los pa\u00edses adonde m\u00e1s env\u00edos organizamos. \u00bfEst\u00e1 buscando un Partner o agente que puede encargarse del transporte a Finlandia para usted? Entonces no busque m\u00e1s.<\/p>\n<\/div><\/div><\/div><\/div><\/div><\/section>\n\n<section id=section-block_5ece4b1f19dfb class=\"section block_image_and_content_left\"><div class=\"container\"><div class=\"block-row blocks-in-row-2\"><div class=\"block image-block\"><div class=\"inner-wrapper\"><figure class=\"img-wrapper\"><img decoding=\"async\" itemprop=\"image\" title=\"A2 Logistics - Transport\" alt=\"vrachtwagen rijdend over een snelweg vanuit de lucht\" src=\"https:\/\/www.a2logistics.com\/es\/wp-content\/uploads\/sites\/4\/2020\/05\/A2LOGISTICS_001C_STILL-10-660x500.jpg\"\/><\/figure><\/div><\/div><div class=\"block content-block\"><div class=\"inner-wrapper\"><H2 class=\"block-title\">Transporte Finlandia<\/H2><div class=\"content-wrapper\"><p>Desde hace mucho tiempo para el transporte a Finlandia colaboramos con transportistas locales y nuestros propios agentes que conocen todos los caminos y peligros in situ. Cuando preparamos su env\u00edo desde los Pa\u00edses Bajos hasta Finlandia (por ejemplo hacia Helsinki) el transporte tendr\u00e1 lugar parcialmente por carretera y parcialmente por v\u00eda mar\u00edtima. El as\u00ed llamado\u00a0Short sea Shipping (Conexiones mar\u00edtimos de corta distancia). Al llegar a Finlandia nuestro transportista saca el contenedor con los env\u00edos del barco y lo lleva a su destino final. Aqu\u00ed tambi\u00e9n se puede ahorrar bastante tiempo por carretera.<\/p>\n<\/div><\/div><\/div><\/div><\/div><\/section>\n\n<section id=section-block-block_5ece4b4719dfc class=\"section block_content\"><div class=\"container\"><div class=\"block-row blocks-in-row-1\"><div class=\"block content-block\"><div class=\"inner-wrapper\"><H2 class=\"block-title\">Transporte fiable hacia Finlandia<\/H2><div class=\"content-wrapper\"><p>A2 Logistics mantiene un contacto diario con sus transportistas. Garantizamos que nuestro transporte a Finlandia s\u00f3lo lo realizan actores fiables que llevar\u00e1n su carga con el m\u00e1ximo cuidado. Nosotros organizamos todo para su empresa incluida la presentaci\u00f3n del CMR\/POD\/Albar\u00e1n de entrega.<\/p>\n<\/div><\/div><\/div><\/div><\/div><\/section>\n\n<section id=section-block-block_5ece4b5319dfd class=\"section block_content_and_image_left\"><div class=\"container\"><div class=\"block-row blocks-in-row-2\"><div class=\"block content-block\"><div class=\"inner-wrapper\"><H2 class=\"block-title\">\u00bfS\u00f3lo tiene un env\u00edo muy peque\u00f1o?<\/H2><div class=\"content-wrapper\"><p>Entonces buscaremos juntos c\u00f3mo podemos organizar el transporte a Finlandia lo m\u00e1s eficazmente posible. Para ello le podemos ofrecer la posibilidad del grupaje a Finlandia. En este caso todos los env\u00edos con Finlandia como destino final se agrupan juntos en un contenedor. As\u00ed el contenedor se utiliza de la forma m\u00e1s \u00f3ptima y los gastos se pueden compartir entre diferentes clientes.<\/p>\n<\/div><\/div><\/div><div class=\"block image-block\"><div class=\"inner-wrapper\"><figure class=\"img-wrapper\"><img decoding=\"async\" itemprop=\"image\" title=\"A2logistics27077d004\" alt=\"\" src=\"https:\/\/www.a2logistics.com\/es\/wp-content\/uploads\/sites\/4\/2020\/06\/A2logistics27077d004-660x500.jpg\"\/><\/figure><\/div><\/div><\/div><\/div><\/section>\n\n<section id=section-block-block_5ece4b7119dfe class=\"section block_content\"><div class=\"container\"><div class=\"block-row blocks-in-row-1\"><div class=\"block content-block\"><div class=\"inner-wrapper\"><H2 class=\"block-title\">Mercanc\u00eda de todos los pesos y volumen<\/H2><div class=\"content-wrapper\"><p>No dude en informar acerca de las opciones para enviar su mercanc\u00eda ADR, carga con temperatura controlada, maquinaria y otras mercanc\u00edas. \u00a1las posibilidades son casi infinitas!<\/p>\n<\/div><a  title=\"Contacto\" href=\"https:\/\/www.a2logistics.com\/es\/contactenos\/#escandinavia-section\" class=\"button\">Contacto<\/a><\/div><\/div><\/div><\/div><\/section>\n\n<section id=section-block-block_5ecfaa17c030d class=\"section cta_with_button_block\"><div class=\"container\"><div style=\"background-image:url(https:\/\/www.a2logistics.com\/es\/wp-content\/uploads\/sites\/4\/2020\/05\/A2LOGISTICS_001C_STILL-3-1024x512.jpg)\" class=\"background-underlay\"><\/div><div class=\"block-row blocks-in-row-1\"><div class=\"block cta-with-button-block\"><div class=\"inner-wrapper\"><H2 class=\"block-title\">\u00bfNecesitas ayuda con tu transporte?<\/H2><span class=\"outer-btn-wrapper\"><a  title=\"Ventas Finlandia\" href=\"https:\/\/www.a2logistics.com\/es\/contactenos\/#escandinavia-section\" class=\"button set\">Ventas Finlandia<\/a><\/span><span class=\"outer-btn-wrapper\"><a  title=\"Planificaci\u00f3n Finlandia\" href=\"https:\/\/www.a2logistics.com\/es\/contactenos\/#escandinavia-section\" class=\"button\">Planificaci\u00f3n Finlandia<\/a><\/span><\/div><\/div><\/div><\/section>","protected":false},"excerpt":{"rendered":"","protected":false},"author":2,"featured_media":290,"parent":14,"menu_order":20,"comment_status":"closed","ping_status":"closed","template":"","meta":{"_acf_changed":false,"_trash_the_other_posts":false,"editor_notices":[],"footnotes":""},"class_list":["post-33","page","type-page","status-publish","has-post-thumbnail","hentry"],"acf":[],"yoast_head":"<!-- This site is optimized with the Yoast SEO plugin v27.1.1 - https:\/\/yoast.com\/product\/yoast-seo-wordpress\/ -->\n<title>Transporte Finlandia: transporte fiable | A2 Logistics<\/title>\n<meta name=\"description\" content=\"Si busca un transitario fiable a Finlandia, puede contar con A2 Logistics. \u00a1Transporte seguro y asegurado desde los Pa\u00edses Bajos!\" \/>\n<meta name=\"robots\" content=\"index, follow, max-snippet:-1, max-image-preview:large, max-video-preview:-1\" \/>\n<link rel=\"canonical\" href=\"https:\/\/www.a2logistics.com\/es\/transporte\/finlandia\/\" \/>\n<meta property=\"og:locale\" content=\"es_ES\" \/>\n<meta property=\"og:type\" content=\"article\" \/>\n<meta property=\"og:title\" content=\"Transporte Finlandia: transporte fiable | A2 Logistics\" \/>\n<meta property=\"og:description\" content=\"Si busca un transitario fiable a Finlandia, puede contar con A2 Logistics. \u00a1Transporte seguro y asegurado desde los Pa\u00edses Bajos!\" \/>\n<meta property=\"og:url\" content=\"https:\/\/www.a2logistics.com\/es\/transporte\/finlandia\/\" \/>\n<meta property=\"og:site_name\" content=\"ES\" \/>\n<meta property=\"article:modified_time\" content=\"2020-07-09T09:24:05+00:00\" \/>\n<meta property=\"og:image\" content=\"https:\/\/www.a2logistics.com\/es\/wp-content\/uploads\/sites\/4\/2020\/06\/A2LOGISTICS_001C_STILL-11.jpg\" \/>\n\t<meta property=\"og:image:width\" content=\"2560\" \/>\n\t<meta property=\"og:image:height\" content=\"1280\" \/>\n\t<meta property=\"og:image:type\" content=\"image\/jpeg\" \/>\n<meta name=\"twitter:card\" content=\"summary_large_image\" \/>\n<script type=\"application\/ld+json\" class=\"yoast-schema-graph\">{\"@context\":\"https:\/\/schema.org\",\"@graph\":[{\"@type\":\"WebPage\",\"@id\":\"https:\/\/www.a2logistics.com\/es\/transporte\/finlandia\/\",\"url\":\"https:\/\/www.a2logistics.com\/es\/transporte\/finlandia\/\",\"name\":\"Transporte Finlandia: transporte fiable | A2 Logistics\",\"isPartOf\":{\"@id\":\"https:\/\/www.a2logistics.com\/es\/#website\"},\"primaryImageOfPage\":{\"@id\":\"https:\/\/www.a2logistics.com\/es\/transporte\/finlandia\/#primaryimage\"},\"image\":{\"@id\":\"https:\/\/www.a2logistics.com\/es\/transporte\/finlandia\/#primaryimage\"},\"thumbnailUrl\":\"https:\/\/www.a2logistics.com\/es\/wp-content\/uploads\/sites\/4\/2020\/06\/A2LOGISTICS_001C_STILL-11.jpg\",\"datePublished\":\"2020-05-27T09:49:27+00:00\",\"dateModified\":\"2020-07-09T09:24:05+00:00\",\"description\":\"Si busca un transitario fiable a Finlandia, puede contar con A2 Logistics. \u00a1Transporte seguro y asegurado desde los Pa\u00edses Bajos!\",\"breadcrumb\":{\"@id\":\"https:\/\/www.a2logistics.com\/es\/transporte\/finlandia\/#breadcrumb\"},\"inLanguage\":\"es\",\"potentialAction\":[{\"@type\":\"ReadAction\",\"target\":[\"https:\/\/www.a2logistics.com\/es\/transporte\/finlandia\/\"]}]},{\"@type\":\"ImageObject\",\"inLanguage\":\"es\",\"@id\":\"https:\/\/www.a2logistics.com\/es\/transporte\/finlandia\/#primaryimage\",\"url\":\"https:\/\/www.a2logistics.com\/es\/wp-content\/uploads\/sites\/4\/2020\/06\/A2LOGISTICS_001C_STILL-11.jpg\",\"contentUrl\":\"https:\/\/www.a2logistics.com\/es\/wp-content\/uploads\/sites\/4\/2020\/06\/A2LOGISTICS_001C_STILL-11.jpg\",\"width\":2560,\"height\":1280},{\"@type\":\"BreadcrumbList\",\"@id\":\"https:\/\/www.a2logistics.com\/es\/transporte\/finlandia\/#breadcrumb\",\"itemListElement\":[{\"@type\":\"ListItem\",\"position\":1,\"name\":\"Home\",\"item\":\"https:\/\/www.a2logistics.com\/es\/\"},{\"@type\":\"ListItem\",\"position\":2,\"name\":\"Transporte\",\"item\":\"https:\/\/www.a2logistics.com\/es\/transporte\/\"},{\"@type\":\"ListItem\",\"position\":3,\"name\":\"Finlandia\"}]},{\"@type\":\"WebSite\",\"@id\":\"https:\/\/www.a2logistics.com\/es\/#website\",\"url\":\"https:\/\/www.a2logistics.com\/es\/\",\"name\":\"ES\",\"description\":\"A2 Logistics is een gerenommeerd expeditiebedrijf met meer dan 10 jaar ervaring in internationaal transport. Bekijk onze mogelijkheden online!\",\"potentialAction\":[{\"@type\":\"SearchAction\",\"target\":{\"@type\":\"EntryPoint\",\"urlTemplate\":\"https:\/\/www.a2logistics.com\/es\/?s={search_term_string}\"},\"query-input\":{\"@type\":\"PropertyValueSpecification\",\"valueRequired\":true,\"valueName\":\"search_term_string\"}}],\"inLanguage\":\"es\"}]}<\/script>\n<!-- \/ Yoast SEO plugin. -->","yoast_head_json":{"title":"Transporte Finlandia: transporte fiable | A2 Logistics","description":"Si busca un transitario fiable a Finlandia, puede contar con A2 Logistics. \u00a1Transporte seguro y asegurado desde los Pa\u00edses Bajos!","robots":{"index":"index","follow":"follow","max-snippet":"max-snippet:-1","max-image-preview":"max-image-preview:large","max-video-preview":"max-video-preview:-1"},"canonical":"https:\/\/www.a2logistics.com\/es\/transporte\/finlandia\/","og_locale":"es_ES","og_type":"article","og_title":"Transporte Finlandia: transporte fiable | A2 Logistics","og_description":"Si busca un transitario fiable a Finlandia, puede contar con A2 Logistics. \u00a1Transporte seguro y asegurado desde los Pa\u00edses Bajos!","og_url":"https:\/\/www.a2logistics.com\/es\/transporte\/finlandia\/","og_site_name":"ES","article_modified_time":"2020-07-09T09:24:05+00:00","og_image":[{"width":2560,"height":1280,"url":"https:\/\/www.a2logistics.com\/es\/wp-content\/uploads\/sites\/4\/2020\/06\/A2LOGISTICS_001C_STILL-11.jpg","type":"image\/jpeg"}],"twitter_card":"summary_large_image","schema":{"@context":"https:\/\/schema.org","@graph":[{"@type":"WebPage","@id":"https:\/\/www.a2logistics.com\/es\/transporte\/finlandia\/","url":"https:\/\/www.a2logistics.com\/es\/transporte\/finlandia\/","name":"Transporte Finlandia: transporte fiable | A2 Logistics","isPartOf":{"@id":"https:\/\/www.a2logistics.com\/es\/#website"},"primaryImageOfPage":{"@id":"https:\/\/www.a2logistics.com\/es\/transporte\/finlandia\/#primaryimage"},"image":{"@id":"https:\/\/www.a2logistics.com\/es\/transporte\/finlandia\/#primaryimage"},"thumbnailUrl":"https:\/\/www.a2logistics.com\/es\/wp-content\/uploads\/sites\/4\/2020\/06\/A2LOGISTICS_001C_STILL-11.jpg","datePublished":"2020-05-27T09:49:27+00:00","dateModified":"2020-07-09T09:24:05+00:00","description":"Si busca un transitario fiable a Finlandia, puede contar con A2 Logistics. \u00a1Transporte seguro y asegurado desde los Pa\u00edses Bajos!","breadcrumb":{"@id":"https:\/\/www.a2logistics.com\/es\/transporte\/finlandia\/#breadcrumb"},"inLanguage":"es","potentialAction":[{"@type":"ReadAction","target":["https:\/\/www.a2logistics.com\/es\/transporte\/finlandia\/"]}]},{"@type":"ImageObject","inLanguage":"es","@id":"https:\/\/www.a2logistics.com\/es\/transporte\/finlandia\/#primaryimage","url":"https:\/\/www.a2logistics.com\/es\/wp-content\/uploads\/sites\/4\/2020\/06\/A2LOGISTICS_001C_STILL-11.jpg","contentUrl":"https:\/\/www.a2logistics.com\/es\/wp-content\/uploads\/sites\/4\/2020\/06\/A2LOGISTICS_001C_STILL-11.jpg","width":2560,"height":1280},{"@type":"BreadcrumbList","@id":"https:\/\/www.a2logistics.com\/es\/transporte\/finlandia\/#breadcrumb","itemListElement":[{"@type":"ListItem","position":1,"name":"Home","item":"https:\/\/www.a2logistics.com\/es\/"},{"@type":"ListItem","position":2,"name":"Transporte","item":"https:\/\/www.a2logistics.com\/es\/transporte\/"},{"@type":"ListItem","position":3,"name":"Finlandia"}]},{"@type":"WebSite","@id":"https:\/\/www.a2logistics.com\/es\/#website","url":"https:\/\/www.a2logistics.com\/es\/","name":"ES","description":"A2 Logistics is een gerenommeerd expeditiebedrijf met meer dan 10 jaar ervaring in internationaal transport. Bekijk onze mogelijkheden online!","potentialAction":[{"@type":"SearchAction","target":{"@type":"EntryPoint","urlTemplate":"https:\/\/www.a2logistics.com\/es\/?s={search_term_string}"},"query-input":{"@type":"PropertyValueSpecification","valueRequired":true,"valueName":"search_term_string"}}],"inLanguage":"es"}]}},"_links":{"self":[{"href":"https:\/\/www.a2logistics.com\/es\/wp-json\/wp\/v2\/pages\/33","targetHints":{"allow":["GET"]}}],"collection":[{"href":"https:\/\/www.a2logistics.com\/es\/wp-json\/wp\/v2\/pages"}],"about":[{"href":"https:\/\/www.a2logistics.com\/es\/wp-json\/wp\/v2\/types\/page"}],"author":[{"embeddable":true,"href":"https:\/\/www.a2logistics.com\/es\/wp-json\/wp\/v2\/users\/2"}],"replies":[{"embeddable":true,"href":"https:\/\/www.a2logistics.com\/es\/wp-json\/wp\/v2\/comments?post=33"}],"version-history":[{"count":29,"href":"https:\/\/www.a2logistics.com\/es\/wp-json\/wp\/v2\/pages\/33\/revisions"}],"predecessor-version":[{"id":647,"href":"https:\/\/www.a2logistics.com\/es\/wp-json\/wp\/v2\/pages\/33\/revisions\/647"}],"up":[{"embeddable":true,"href":"https:\/\/www.a2logistics.com\/es\/wp-json\/wp\/v2\/pages\/14"}],"wp:featuredmedia":[{"embeddable":true,"href":"https:\/\/www.a2logistics.com\/es\/wp-json\/wp\/v2\/media\/290"}],"wp:attachment":[{"href":"https:\/\/www.a2logistics.com\/es\/wp-json\/wp\/v2\/media?parent=33"}],"curies":[{"name":"wp","href":"https:\/\/api.w.org\/{rel}","templated":true}]}}