{"id":31,"date":"2020-05-27T11:49:10","date_gmt":"2020-05-27T09:49:10","guid":{"rendered":"https:\/\/www.a2logistics.com\/?page_id=31"},"modified":"2020-07-09T11:23:37","modified_gmt":"2020-07-09T09:23:37","slug":"irlanda","status":"publish","type":"page","link":"https:\/\/www.a2logistics.com\/es\/transporte\/irlanda\/","title":{"rendered":"Irlanda"},"content":{"rendered":"<section id=section-block-block_5ece3afad1581 class=\"section block_content\"><div class=\"container\"><div class=\"block-row blocks-in-row-1\"><div class=\"block content-block\"><div class=\"inner-wrapper\"><H2 class=\"block-title\">A2 Logistics est\u00e1 especializado en el transporte desde y hasta Irlanda.<\/H2><div class=\"content-wrapper\"><p>A2 Logistics est\u00e1 especializado en el transporte desde y hasta Irlanda. Ya hemos ayudado a un gran n\u00famero de empresas con un problema de transporte. \u00bfTambi\u00e9n tiene alguna cuesti\u00f3n relacionada con el transporte dif\u00edcil de resolver? \u00bfEs Irlanda su destino y desea que su carga llegue ah\u00ed cuanto antes? Entonces A2 Logistics es su soluci\u00f3n. Nosotros le resolvemos todas las preocupaciones hasta la firma y env\u00edo del documento de CMR o albar\u00e1n de entrega.<\/p>\n<\/div><\/div><\/div><\/div><\/div><\/section>\n\n<section id=section-block_5ece3b07d1582 class=\"section block_image_and_content_left\"><div class=\"container\"><div class=\"block-row blocks-in-row-2\"><div class=\"block image-block\"><div class=\"inner-wrapper\"><figure class=\"img-wrapper\"><img decoding=\"async\" itemprop=\"image\" title=\"A2 Logistics | Internationaal transport\" alt=\"A2 Logistics | Internationaal transport\" src=\"https:\/\/www.a2logistics.com\/es\/wp-content\/uploads\/sites\/4\/2020\/06\/A2LOGISTICS_001C_STILL-3_1-660x500.jpg\"\/><\/figure><\/div><\/div><div class=\"block content-block\"><div class=\"inner-wrapper\"><H2 class=\"block-title\">\u00bfC\u00f3mo funciona el transporte a Irlanda?<\/H2><div class=\"content-wrapper\"><p>Para el transporte de su mercanc\u00eda colaboramos con varios actores locales en Irlanda. Lo hacemos desde hace a\u00f1os por lo que sabemos que podemos contar con ellos. Dado que el transporte a Irlanda tiene lugar parcialmente a trav\u00e9s del mar se requiere conocimiento profundo que Usted como cliente final quiz\u00e1s no tiene en cuenta. A2 Logistics cuenta con una amplia experiencia en el transporte mar\u00edtimo de corta distancia (short sea Shipping) y con agentes propios in situ.<\/p>\n<\/div><\/div><\/div><\/div><\/div><\/section>\n\n<section id=section-block-block_5ece3b21d1583 class=\"section block_content\"><div class=\"container\"><div class=\"block-row blocks-in-row-1\"><div class=\"block content-block\"><div class=\"inner-wrapper\"><H2 class=\"block-title\">Transportado seguro hacia el destino final<\/H2><div class=\"content-wrapper\"><p>Si nos conf\u00eda su env\u00edo en la mayor\u00eda de los casos \u00e9ste primero se llevar\u00e1 a nuestro centro de distribuci\u00f3n en Den Bosch(NL). No importa si su carga viene de Italia o Alemania la consolidamos en Den Bosch. Posteriormente se cargaran los contenedores. Despu\u00e9s los contenedores se enviar\u00e1n directamente al puerto en Irlanda. Nuestro transportista local recoge el contenedor del barco y lo lleva (asegurado) a su destino final. Transportar directamente por carretera tambi\u00e9n es posible. En caso de un env\u00edo urgente cruzamos el Canal de la Mancha a trav\u00e9s del t\u00fanel. Al ir por carretera ganaremos 1 d\u00eda de transito.<\/p>\n<\/div><\/div><\/div><\/div><\/div><\/section>\n\n<section id=section-block-block_5ece3b2fd1584 class=\"section block_content_and_image_left\"><div class=\"container\"><div class=\"block-row blocks-in-row-2\"><div class=\"block content-block\"><div class=\"inner-wrapper\"><H2 class=\"block-title\">Transporte Pa\u00edses Bajos-Irlanda mediante grupaje?<\/H2><div class=\"content-wrapper\"><p>\u00bfEs Irlanda su destino final? A2 Logistics siempre estudia todas las posibilidades para grupaje. En caso de transportes de Pa\u00edses Bajos hacia Irlanda conseguimos tarifas econ\u00f3micas. Consolidamos diferentes env\u00edos para Irlanda para optimizar al m\u00e1ximo los contenedores y repartir los gastos entre varios clientes. As\u00ed Usted se beneficiar\u00e1 de tarifas interesantes y altamente competitivas.<\/p>\n<\/div><\/div><\/div><div class=\"block image-block\"><div class=\"inner-wrapper\"><figure class=\"img-wrapper\"><img decoding=\"async\" itemprop=\"image\" title=\"IMG_0034\" alt=\"\" src=\"https:\/\/www.a2logistics.com\/es\/wp-content\/uploads\/sites\/4\/2020\/06\/IMG_0034-660x500.jpeg\"\/><\/figure><\/div><\/div><\/div><\/div><\/section>\n\n<section id=section-block-block_5ece3b44d1585 class=\"section block_content\"><div class=\"container\"><div class=\"block-row blocks-in-row-1\"><div class=\"block content-block\"><div class=\"inner-wrapper\"><H2 class=\"block-title\">\u00bfDesea conocer las posibilidades? P\u00f3ngase en contacto con nosotros sin compromiso.<\/H2><div class=\"content-wrapper\"><p>Si nos pide una oferta en d\u00edas laborables tendr\u00e1 su oferta dentro de 30 minutos incluyendo la tarifa y el tiempo de transito. Desde mercanc\u00edas peligrosas (ADR) hasta mercanc\u00eda de temperatura controlada. Hace mas de 15 a\u00f1os estamos ayudando nuestros clientes con \u00e9xito. \u00bfTiene mas preguntas? Estamos esperando para atenderles!<\/p>\n<\/div><a  title=\"Contacto\" href=\"https:\/\/www.a2logistics.com\/es\/contactenos\/#irlanda-section\" class=\"button\">Contacto<\/a><\/div><\/div><\/div><\/div><\/section>\n\n<section id=section-block-block_5ecfaa17c030d class=\"section cta_with_button_block\"><div class=\"container\"><div style=\"background-image:url(https:\/\/www.a2logistics.com\/es\/wp-content\/uploads\/sites\/4\/2020\/05\/A2LOGISTICS_001C_STILL-3-1024x512.jpg)\" class=\"background-underlay\"><\/div><div class=\"block-row blocks-in-row-1\"><div class=\"block cta-with-button-block\"><div class=\"inner-wrapper\"><H2 class=\"block-title\">\u00bfNecesitas ayuda con tu transporte?<\/H2><span class=\"outer-btn-wrapper\"><a  title=\"Planificaci\u00f3n Irlanda\" href=\"https:\/\/www.a2logistics.com\/es\/contactenos\/#irlanda-section\" class=\"button set\">Planificaci\u00f3n Irlanda<\/a><\/span><span class=\"outer-btn-wrapper\"><a  title=\"Ventas Irlanda\" href=\"https:\/\/www.a2logistics.com\/es\/contactenos\/#irlanda-section\" class=\"button\">Ventas Irlanda<\/a><\/span><\/div><\/div><\/div><\/section>","protected":false},"excerpt":{"rendered":"","protected":false},"author":2,"featured_media":281,"parent":14,"menu_order":10,"comment_status":"closed","ping_status":"closed","template":"destination-template.php","meta":{"_acf_changed":false,"_trash_the_other_posts":false,"editor_notices":[],"footnotes":""},"class_list":["post-31","page","type-page","status-publish","has-post-thumbnail","hentry"],"acf":[],"yoast_head":"<!-- This site is optimized with the Yoast SEO plugin v27.1.1 - https:\/\/yoast.com\/product\/yoast-seo-wordpress\/ -->\n<title>Transporte a Irlanda | A2 Logistics<\/title>\n<meta name=\"description\" content=\"A2 Logistics est\u00e1 especializado en el transporte desde y hasta Irlanda. Tambi\u00e9n es posible el grupaje. Solicite informaci\u00f3n sin compromiso para su carga.\" \/>\n<meta name=\"robots\" content=\"index, follow, max-snippet:-1, max-image-preview:large, max-video-preview:-1\" \/>\n<link rel=\"canonical\" href=\"https:\/\/www.a2logistics.com\/es\/transporte\/irlanda\/\" \/>\n<meta property=\"og:locale\" content=\"es_ES\" \/>\n<meta property=\"og:type\" content=\"article\" \/>\n<meta property=\"og:title\" content=\"Transporte a Irlanda | A2 Logistics\" \/>\n<meta property=\"og:description\" content=\"A2 Logistics est\u00e1 especializado en el transporte desde y hasta Irlanda. Tambi\u00e9n es posible el grupaje. Solicite informaci\u00f3n sin compromiso para su carga.\" \/>\n<meta property=\"og:url\" content=\"https:\/\/www.a2logistics.com\/es\/transporte\/irlanda\/\" \/>\n<meta property=\"og:site_name\" content=\"ES\" \/>\n<meta property=\"article:modified_time\" content=\"2020-07-09T09:23:37+00:00\" \/>\n<meta property=\"og:image\" content=\"https:\/\/www.a2logistics.com\/es\/wp-content\/uploads\/sites\/4\/2020\/06\/A2LOGISTICS_001C_STILL-2.jpg\" \/>\n\t<meta property=\"og:image:width\" content=\"2560\" \/>\n\t<meta property=\"og:image:height\" content=\"1280\" \/>\n\t<meta property=\"og:image:type\" content=\"image\/jpeg\" \/>\n<meta name=\"twitter:card\" content=\"summary_large_image\" \/>\n<script type=\"application\/ld+json\" class=\"yoast-schema-graph\">{\"@context\":\"https:\/\/schema.org\",\"@graph\":[{\"@type\":\"WebPage\",\"@id\":\"https:\/\/www.a2logistics.com\/es\/transporte\/irlanda\/\",\"url\":\"https:\/\/www.a2logistics.com\/es\/transporte\/irlanda\/\",\"name\":\"Transporte a Irlanda | A2 Logistics\",\"isPartOf\":{\"@id\":\"https:\/\/www.a2logistics.com\/es\/#website\"},\"primaryImageOfPage\":{\"@id\":\"https:\/\/www.a2logistics.com\/es\/transporte\/irlanda\/#primaryimage\"},\"image\":{\"@id\":\"https:\/\/www.a2logistics.com\/es\/transporte\/irlanda\/#primaryimage\"},\"thumbnailUrl\":\"https:\/\/www.a2logistics.com\/es\/wp-content\/uploads\/sites\/4\/2020\/06\/A2LOGISTICS_001C_STILL-2.jpg\",\"datePublished\":\"2020-05-27T09:49:10+00:00\",\"dateModified\":\"2020-07-09T09:23:37+00:00\",\"description\":\"A2 Logistics est\u00e1 especializado en el transporte desde y hasta Irlanda. Tambi\u00e9n es posible el grupaje. Solicite informaci\u00f3n sin compromiso para su carga.\",\"breadcrumb\":{\"@id\":\"https:\/\/www.a2logistics.com\/es\/transporte\/irlanda\/#breadcrumb\"},\"inLanguage\":\"es\",\"potentialAction\":[{\"@type\":\"ReadAction\",\"target\":[\"https:\/\/www.a2logistics.com\/es\/transporte\/irlanda\/\"]}]},{\"@type\":\"ImageObject\",\"inLanguage\":\"es\",\"@id\":\"https:\/\/www.a2logistics.com\/es\/transporte\/irlanda\/#primaryimage\",\"url\":\"https:\/\/www.a2logistics.com\/es\/wp-content\/uploads\/sites\/4\/2020\/06\/A2LOGISTICS_001C_STILL-2.jpg\",\"contentUrl\":\"https:\/\/www.a2logistics.com\/es\/wp-content\/uploads\/sites\/4\/2020\/06\/A2LOGISTICS_001C_STILL-2.jpg\",\"width\":2560,\"height\":1280,\"caption\":\"A2 Logistics | Internationaal transport\"},{\"@type\":\"BreadcrumbList\",\"@id\":\"https:\/\/www.a2logistics.com\/es\/transporte\/irlanda\/#breadcrumb\",\"itemListElement\":[{\"@type\":\"ListItem\",\"position\":1,\"name\":\"Home\",\"item\":\"https:\/\/www.a2logistics.com\/es\/\"},{\"@type\":\"ListItem\",\"position\":2,\"name\":\"Transporte\",\"item\":\"https:\/\/www.a2logistics.com\/es\/transporte\/\"},{\"@type\":\"ListItem\",\"position\":3,\"name\":\"Irlanda\"}]},{\"@type\":\"WebSite\",\"@id\":\"https:\/\/www.a2logistics.com\/es\/#website\",\"url\":\"https:\/\/www.a2logistics.com\/es\/\",\"name\":\"ES\",\"description\":\"A2 Logistics is een gerenommeerd expeditiebedrijf met meer dan 10 jaar ervaring in internationaal transport. Bekijk onze mogelijkheden online!\",\"potentialAction\":[{\"@type\":\"SearchAction\",\"target\":{\"@type\":\"EntryPoint\",\"urlTemplate\":\"https:\/\/www.a2logistics.com\/es\/?s={search_term_string}\"},\"query-input\":{\"@type\":\"PropertyValueSpecification\",\"valueRequired\":true,\"valueName\":\"search_term_string\"}}],\"inLanguage\":\"es\"}]}<\/script>\n<!-- \/ Yoast SEO plugin. -->","yoast_head_json":{"title":"Transporte a Irlanda | A2 Logistics","description":"A2 Logistics est\u00e1 especializado en el transporte desde y hasta Irlanda. Tambi\u00e9n es posible el grupaje. Solicite informaci\u00f3n sin compromiso para su carga.","robots":{"index":"index","follow":"follow","max-snippet":"max-snippet:-1","max-image-preview":"max-image-preview:large","max-video-preview":"max-video-preview:-1"},"canonical":"https:\/\/www.a2logistics.com\/es\/transporte\/irlanda\/","og_locale":"es_ES","og_type":"article","og_title":"Transporte a Irlanda | A2 Logistics","og_description":"A2 Logistics est\u00e1 especializado en el transporte desde y hasta Irlanda. Tambi\u00e9n es posible el grupaje. Solicite informaci\u00f3n sin compromiso para su carga.","og_url":"https:\/\/www.a2logistics.com\/es\/transporte\/irlanda\/","og_site_name":"ES","article_modified_time":"2020-07-09T09:23:37+00:00","og_image":[{"width":2560,"height":1280,"url":"https:\/\/www.a2logistics.com\/es\/wp-content\/uploads\/sites\/4\/2020\/06\/A2LOGISTICS_001C_STILL-2.jpg","type":"image\/jpeg"}],"twitter_card":"summary_large_image","schema":{"@context":"https:\/\/schema.org","@graph":[{"@type":"WebPage","@id":"https:\/\/www.a2logistics.com\/es\/transporte\/irlanda\/","url":"https:\/\/www.a2logistics.com\/es\/transporte\/irlanda\/","name":"Transporte a Irlanda | A2 Logistics","isPartOf":{"@id":"https:\/\/www.a2logistics.com\/es\/#website"},"primaryImageOfPage":{"@id":"https:\/\/www.a2logistics.com\/es\/transporte\/irlanda\/#primaryimage"},"image":{"@id":"https:\/\/www.a2logistics.com\/es\/transporte\/irlanda\/#primaryimage"},"thumbnailUrl":"https:\/\/www.a2logistics.com\/es\/wp-content\/uploads\/sites\/4\/2020\/06\/A2LOGISTICS_001C_STILL-2.jpg","datePublished":"2020-05-27T09:49:10+00:00","dateModified":"2020-07-09T09:23:37+00:00","description":"A2 Logistics est\u00e1 especializado en el transporte desde y hasta Irlanda. Tambi\u00e9n es posible el grupaje. Solicite informaci\u00f3n sin compromiso para su carga.","breadcrumb":{"@id":"https:\/\/www.a2logistics.com\/es\/transporte\/irlanda\/#breadcrumb"},"inLanguage":"es","potentialAction":[{"@type":"ReadAction","target":["https:\/\/www.a2logistics.com\/es\/transporte\/irlanda\/"]}]},{"@type":"ImageObject","inLanguage":"es","@id":"https:\/\/www.a2logistics.com\/es\/transporte\/irlanda\/#primaryimage","url":"https:\/\/www.a2logistics.com\/es\/wp-content\/uploads\/sites\/4\/2020\/06\/A2LOGISTICS_001C_STILL-2.jpg","contentUrl":"https:\/\/www.a2logistics.com\/es\/wp-content\/uploads\/sites\/4\/2020\/06\/A2LOGISTICS_001C_STILL-2.jpg","width":2560,"height":1280,"caption":"A2 Logistics | Internationaal transport"},{"@type":"BreadcrumbList","@id":"https:\/\/www.a2logistics.com\/es\/transporte\/irlanda\/#breadcrumb","itemListElement":[{"@type":"ListItem","position":1,"name":"Home","item":"https:\/\/www.a2logistics.com\/es\/"},{"@type":"ListItem","position":2,"name":"Transporte","item":"https:\/\/www.a2logistics.com\/es\/transporte\/"},{"@type":"ListItem","position":3,"name":"Irlanda"}]},{"@type":"WebSite","@id":"https:\/\/www.a2logistics.com\/es\/#website","url":"https:\/\/www.a2logistics.com\/es\/","name":"ES","description":"A2 Logistics is een gerenommeerd expeditiebedrijf met meer dan 10 jaar ervaring in internationaal transport. Bekijk onze mogelijkheden online!","potentialAction":[{"@type":"SearchAction","target":{"@type":"EntryPoint","urlTemplate":"https:\/\/www.a2logistics.com\/es\/?s={search_term_string}"},"query-input":{"@type":"PropertyValueSpecification","valueRequired":true,"valueName":"search_term_string"}}],"inLanguage":"es"}]}},"_links":{"self":[{"href":"https:\/\/www.a2logistics.com\/es\/wp-json\/wp\/v2\/pages\/31","targetHints":{"allow":["GET"]}}],"collection":[{"href":"https:\/\/www.a2logistics.com\/es\/wp-json\/wp\/v2\/pages"}],"about":[{"href":"https:\/\/www.a2logistics.com\/es\/wp-json\/wp\/v2\/types\/page"}],"author":[{"embeddable":true,"href":"https:\/\/www.a2logistics.com\/es\/wp-json\/wp\/v2\/users\/2"}],"replies":[{"embeddable":true,"href":"https:\/\/www.a2logistics.com\/es\/wp-json\/wp\/v2\/comments?post=31"}],"version-history":[{"count":52,"href":"https:\/\/www.a2logistics.com\/es\/wp-json\/wp\/v2\/pages\/31\/revisions"}],"predecessor-version":[{"id":646,"href":"https:\/\/www.a2logistics.com\/es\/wp-json\/wp\/v2\/pages\/31\/revisions\/646"}],"up":[{"embeddable":true,"href":"https:\/\/www.a2logistics.com\/es\/wp-json\/wp\/v2\/pages\/14"}],"wp:featuredmedia":[{"embeddable":true,"href":"https:\/\/www.a2logistics.com\/es\/wp-json\/wp\/v2\/media\/281"}],"wp:attachment":[{"href":"https:\/\/www.a2logistics.com\/es\/wp-json\/wp\/v2\/media?parent=31"}],"curies":[{"name":"wp","href":"https:\/\/api.w.org\/{rel}","templated":true}]}}