{"id":25,"date":"2020-05-27T11:46:31","date_gmt":"2020-05-27T09:46:31","guid":{"rendered":"https:\/\/www.a2logistics.com\/?page_id=25"},"modified":"2020-06-29T16:37:01","modified_gmt":"2020-06-29T14:37:01","slug":"como-trabajamos","status":"publish","type":"page","link":"https:\/\/www.a2logistics.com\/es\/a2-logistics\/como-trabajamos\/","title":{"rendered":"Como trabajamos"},"content":{"rendered":"<section id=section-block-block_5ece3bdd9189c class=\"section block_content\"><div class=\"container\"><div class=\"block-row blocks-in-row-1\"><div class=\"block content-block\"><div class=\"inner-wrapper\"><H2 class=\"block-title\">A2 Logistics cuenta con un equipo profesional de planificadores que est\u00e1n las 24 horas del d\u00eda, los 7 d\u00edas de la semana a su disposici\u00f3n para cualquier asunto relacionado con el transporte.<\/H2><div class=\"content-wrapper\"><p>A2 Logistics cuenta con un equipo profesional de planificadores que est\u00e1n las 24 horas del d\u00eda, los 7 d\u00edas de la semana a su disposici\u00f3n para cualquier asunto relacionado con el transporte. Si tiene una carga complicada que se debe enviar al extranjero? Solicite nuestra ayuda y nos pondremos a trabajar. Nosotros buscamos la ruta m\u00e1s r\u00e1pida y eficaz, sea por carretera, v\u00eda mar\u00edtima a corta distancia (short sea) o una combinaci\u00f3n de ambos (transporte multimodal). Tambi\u00e9n nos ponemos en contacto con los actores locales con los que mantenemos una colaboraci\u00f3n muy estrecha. De esta forma le podremos explicar enseguida qu\u00e9 posibilidades tiene.<\/p>\n<\/div><\/div><\/div><\/div><\/div><\/section>\n\n<section id=section-block_5ece3bec9189d class=\"section block_image_and_content_left\"><div class=\"container\"><div class=\"block-row blocks-in-row-2\"><div class=\"block image-block\"><div class=\"inner-wrapper\"><figure class=\"img-wrapper\"><img decoding=\"async\" itemprop=\"image\" title=\"A2 Logistics | Internationaal transport | Distributiecentrum\" alt=\"A2 Logistics | Distributiecentrum\" src=\"https:\/\/www.a2logistics.com\/es\/wp-content\/uploads\/sites\/4\/2020\/06\/A2logistics27077d009-660x500.jpg\"\/><\/figure><\/div><\/div><div class=\"block content-block\"><div class=\"inner-wrapper\"><H2 class=\"block-title\">Centro de distribuci\u00f3n en Den Bosch(NL)<\/H2><div class=\"content-wrapper\"><p>En nuestro centro de distribuci\u00f3n de Den Bosch(NL) se consolidan la mayor\u00eda de los env\u00edos. Disponemos de un elevado n\u00famero de veh\u00edculos. Adem\u00e1s su env\u00edo siempre se asegura seg\u00fan las condiciones del convenio CMR. Todo esto para toda Europa. \u00bfHa fabricado una m\u00e1quina muy grande que dentro de una semana se debe entregar a su cliente final? \u00a1Nosotros estamos encantados de ser su intermediario!<\/p>\n<\/div><\/div><\/div><\/div><\/div><\/section>\n\n<section id=section-block-block_5ece3c0d9189f class=\"section block_content_and_image_left\"><div class=\"container\"><div class=\"block-row blocks-in-row-2\"><div class=\"block content-block\"><div class=\"inner-wrapper\"><H2 class=\"block-title\">Respuesta en un plazo de media hora<\/H2><div class=\"content-wrapper\"><p>Fiabilidad, seguridad y un excelente servicio son cruciales para nosotros. Nuestras prioridades son tiempos de tr\u00e1nsito r\u00e1pidos, precios (diarios) correctos y una calidad impecable con la que se suministran nuestros productos. Si usted opta por A2 Logistics se acabar\u00e1n todas sus preocupaciones.<\/p>\n<\/div><\/div><\/div><div class=\"block image-block\"><div class=\"inner-wrapper\"><figure class=\"img-wrapper\"><img decoding=\"async\" itemprop=\"image\" title=\"A2 Logistics | Internationaal transport | Office\" alt=\"A2 Logistics | planning en contact\" src=\"https:\/\/www.a2logistics.com\/es\/wp-content\/uploads\/sites\/4\/2020\/06\/A2LOGISTICS_001C_STILL-4-660x500.jpg\"\/><\/figure><\/div><\/div><\/div><\/div><\/section>\n\n<section id=section-block-block_5ece3c20918a0 class=\"section block_content\"><div class=\"container\"><div class=\"block-row blocks-in-row-1\"><div class=\"block content-block\"><div class=\"inner-wrapper\"><H2 class=\"block-title\">Cont\u00e1ctennos sin compromiso para cualquier pregunta sobre sus env\u00edos. Estamos a su servicio!<\/H2><div class=\"content-wrapper\"><p>Al solicitar una oferta sin compromiso ya sabr\u00e1 en tan solo media hora lo que costar\u00e1 el env\u00edo de su producto o carga y con qu\u00e9 plazo podr\u00e1 llegar a su destino.<\/p>\n<\/div><a  title=\"Contacto\" href=\"https:\/\/www.a2logistics.com\/es\/contactenos\/\" class=\"button\">Contacto<\/a><\/div><\/div><\/div><\/div><\/section>\n\n<section id=section-block-block_5ecfaa17c030d class=\"section cta_with_button_block\"><div class=\"container\"><div style=\"background-image:url(https:\/\/www.a2logistics.com\/es\/wp-content\/uploads\/sites\/4\/2020\/06\/A2LOGISTICS_001C_STILL-3_1-1024x512.jpg)\" class=\"background-underlay\"><\/div><div class=\"block-row blocks-in-row-1\"><div class=\"block cta-with-button-block\"><div class=\"inner-wrapper\"><H2 class=\"block-title\">\u00bfNecesitas ayuda con tu transporte?<\/H2><span class=\"outer-btn-wrapper\"><a  title=\"Transporte Escandinavia\" href=\"http:\/\/coma2logi-bogajo.savviihq.com\/es\/transporte\/escandinavia\/\" class=\"button set\">Transporte Escandinavia<\/a><\/span><span class=\"outer-btn-wrapper\"><a  title=\"Transporte Irlanda\" href=\"http:\/\/coma2logi-bogajo.savviihq.com\/es\/transporte\/irlanda\/\" class=\"button\">Transporte Irlanda<\/a><\/span><\/div><\/div><\/div><\/section>","protected":false},"excerpt":{"rendered":"","protected":false},"author":2,"featured_media":303,"parent":27,"menu_order":20,"comment_status":"closed","ping_status":"closed","template":"","meta":{"_acf_changed":false,"_trash_the_other_posts":false,"editor_notices":[],"footnotes":""},"class_list":["post-25","page","type-page","status-publish","has-post-thumbnail","hentry"],"acf":[],"yoast_head":"<!-- This site is optimized with the Yoast SEO plugin v27.1.1 - https:\/\/yoast.com\/product\/yoast-seo-wordpress\/ -->\n<title>Nuestra manera de trabajar | A2 Logistics<\/title>\n<meta name=\"description\" content=\"\u00bfQu\u00e9 posibilidades existen para su problema de transporte? A2 Logistics le podr\u00e1 informar de todo acerca de nuestros tiempos de tr\u00e1nsito r\u00e9cord y precios correctos.\" \/>\n<meta name=\"robots\" content=\"index, follow, max-snippet:-1, max-image-preview:large, max-video-preview:-1\" \/>\n<link rel=\"canonical\" href=\"https:\/\/www.a2logistics.com\/es\/a2-logistics\/como-trabajamos\/\" \/>\n<meta property=\"og:locale\" content=\"es_ES\" \/>\n<meta property=\"og:type\" content=\"article\" \/>\n<meta property=\"og:title\" content=\"Nuestra manera de trabajar | A2 Logistics\" \/>\n<meta property=\"og:description\" content=\"\u00bfQu\u00e9 posibilidades existen para su problema de transporte? A2 Logistics le podr\u00e1 informar de todo acerca de nuestros tiempos de tr\u00e1nsito r\u00e9cord y precios correctos.\" \/>\n<meta property=\"og:url\" content=\"https:\/\/www.a2logistics.com\/es\/a2-logistics\/como-trabajamos\/\" \/>\n<meta property=\"og:site_name\" content=\"ES\" \/>\n<meta property=\"article:modified_time\" content=\"2020-06-29T14:37:01+00:00\" \/>\n<meta property=\"og:image\" content=\"https:\/\/www.a2logistics.com\/es\/wp-content\/uploads\/sites\/4\/2020\/06\/A2logistics27077d019.jpg\" \/>\n\t<meta property=\"og:image:width\" content=\"2158\" \/>\n\t<meta property=\"og:image:height\" content=\"1440\" \/>\n\t<meta property=\"og:image:type\" content=\"image\/jpeg\" \/>\n<meta name=\"twitter:card\" content=\"summary_large_image\" \/>\n<script type=\"application\/ld+json\" class=\"yoast-schema-graph\">{\"@context\":\"https:\/\/schema.org\",\"@graph\":[{\"@type\":\"WebPage\",\"@id\":\"https:\/\/www.a2logistics.com\/es\/a2-logistics\/como-trabajamos\/\",\"url\":\"https:\/\/www.a2logistics.com\/es\/a2-logistics\/como-trabajamos\/\",\"name\":\"Nuestra manera de trabajar | A2 Logistics\",\"isPartOf\":{\"@id\":\"https:\/\/www.a2logistics.com\/es\/#website\"},\"primaryImageOfPage\":{\"@id\":\"https:\/\/www.a2logistics.com\/es\/a2-logistics\/como-trabajamos\/#primaryimage\"},\"image\":{\"@id\":\"https:\/\/www.a2logistics.com\/es\/a2-logistics\/como-trabajamos\/#primaryimage\"},\"thumbnailUrl\":\"https:\/\/www.a2logistics.com\/es\/wp-content\/uploads\/sites\/4\/2020\/06\/A2logistics27077d019.jpg\",\"datePublished\":\"2020-05-27T09:46:31+00:00\",\"dateModified\":\"2020-06-29T14:37:01+00:00\",\"description\":\"\u00bfQu\u00e9 posibilidades existen para su problema de transporte? A2 Logistics le podr\u00e1 informar de todo acerca de nuestros tiempos de tr\u00e1nsito r\u00e9cord y precios correctos.\",\"breadcrumb\":{\"@id\":\"https:\/\/www.a2logistics.com\/es\/a2-logistics\/como-trabajamos\/#breadcrumb\"},\"inLanguage\":\"es\",\"potentialAction\":[{\"@type\":\"ReadAction\",\"target\":[\"https:\/\/www.a2logistics.com\/es\/a2-logistics\/como-trabajamos\/\"]}]},{\"@type\":\"ImageObject\",\"inLanguage\":\"es\",\"@id\":\"https:\/\/www.a2logistics.com\/es\/a2-logistics\/como-trabajamos\/#primaryimage\",\"url\":\"https:\/\/www.a2logistics.com\/es\/wp-content\/uploads\/sites\/4\/2020\/06\/A2logistics27077d019.jpg\",\"contentUrl\":\"https:\/\/www.a2logistics.com\/es\/wp-content\/uploads\/sites\/4\/2020\/06\/A2logistics27077d019.jpg\",\"width\":2158,\"height\":1440},{\"@type\":\"BreadcrumbList\",\"@id\":\"https:\/\/www.a2logistics.com\/es\/a2-logistics\/como-trabajamos\/#breadcrumb\",\"itemListElement\":[{\"@type\":\"ListItem\",\"position\":1,\"name\":\"Home\",\"item\":\"https:\/\/www.a2logistics.com\/es\/\"},{\"@type\":\"ListItem\",\"position\":2,\"name\":\"Acerca de nosotros\",\"item\":\"https:\/\/www.a2logistics.com\/es\/a2-logistics\/\"},{\"@type\":\"ListItem\",\"position\":3,\"name\":\"Como trabajamos\"}]},{\"@type\":\"WebSite\",\"@id\":\"https:\/\/www.a2logistics.com\/es\/#website\",\"url\":\"https:\/\/www.a2logistics.com\/es\/\",\"name\":\"ES\",\"description\":\"A2 Logistics is een gerenommeerd expeditiebedrijf met meer dan 10 jaar ervaring in internationaal transport. Bekijk onze mogelijkheden online!\",\"potentialAction\":[{\"@type\":\"SearchAction\",\"target\":{\"@type\":\"EntryPoint\",\"urlTemplate\":\"https:\/\/www.a2logistics.com\/es\/?s={search_term_string}\"},\"query-input\":{\"@type\":\"PropertyValueSpecification\",\"valueRequired\":true,\"valueName\":\"search_term_string\"}}],\"inLanguage\":\"es\"}]}<\/script>\n<!-- \/ Yoast SEO plugin. -->","yoast_head_json":{"title":"Nuestra manera de trabajar | A2 Logistics","description":"\u00bfQu\u00e9 posibilidades existen para su problema de transporte? A2 Logistics le podr\u00e1 informar de todo acerca de nuestros tiempos de tr\u00e1nsito r\u00e9cord y precios correctos.","robots":{"index":"index","follow":"follow","max-snippet":"max-snippet:-1","max-image-preview":"max-image-preview:large","max-video-preview":"max-video-preview:-1"},"canonical":"https:\/\/www.a2logistics.com\/es\/a2-logistics\/como-trabajamos\/","og_locale":"es_ES","og_type":"article","og_title":"Nuestra manera de trabajar | A2 Logistics","og_description":"\u00bfQu\u00e9 posibilidades existen para su problema de transporte? A2 Logistics le podr\u00e1 informar de todo acerca de nuestros tiempos de tr\u00e1nsito r\u00e9cord y precios correctos.","og_url":"https:\/\/www.a2logistics.com\/es\/a2-logistics\/como-trabajamos\/","og_site_name":"ES","article_modified_time":"2020-06-29T14:37:01+00:00","og_image":[{"width":2158,"height":1440,"url":"https:\/\/www.a2logistics.com\/es\/wp-content\/uploads\/sites\/4\/2020\/06\/A2logistics27077d019.jpg","type":"image\/jpeg"}],"twitter_card":"summary_large_image","schema":{"@context":"https:\/\/schema.org","@graph":[{"@type":"WebPage","@id":"https:\/\/www.a2logistics.com\/es\/a2-logistics\/como-trabajamos\/","url":"https:\/\/www.a2logistics.com\/es\/a2-logistics\/como-trabajamos\/","name":"Nuestra manera de trabajar | A2 Logistics","isPartOf":{"@id":"https:\/\/www.a2logistics.com\/es\/#website"},"primaryImageOfPage":{"@id":"https:\/\/www.a2logistics.com\/es\/a2-logistics\/como-trabajamos\/#primaryimage"},"image":{"@id":"https:\/\/www.a2logistics.com\/es\/a2-logistics\/como-trabajamos\/#primaryimage"},"thumbnailUrl":"https:\/\/www.a2logistics.com\/es\/wp-content\/uploads\/sites\/4\/2020\/06\/A2logistics27077d019.jpg","datePublished":"2020-05-27T09:46:31+00:00","dateModified":"2020-06-29T14:37:01+00:00","description":"\u00bfQu\u00e9 posibilidades existen para su problema de transporte? A2 Logistics le podr\u00e1 informar de todo acerca de nuestros tiempos de tr\u00e1nsito r\u00e9cord y precios correctos.","breadcrumb":{"@id":"https:\/\/www.a2logistics.com\/es\/a2-logistics\/como-trabajamos\/#breadcrumb"},"inLanguage":"es","potentialAction":[{"@type":"ReadAction","target":["https:\/\/www.a2logistics.com\/es\/a2-logistics\/como-trabajamos\/"]}]},{"@type":"ImageObject","inLanguage":"es","@id":"https:\/\/www.a2logistics.com\/es\/a2-logistics\/como-trabajamos\/#primaryimage","url":"https:\/\/www.a2logistics.com\/es\/wp-content\/uploads\/sites\/4\/2020\/06\/A2logistics27077d019.jpg","contentUrl":"https:\/\/www.a2logistics.com\/es\/wp-content\/uploads\/sites\/4\/2020\/06\/A2logistics27077d019.jpg","width":2158,"height":1440},{"@type":"BreadcrumbList","@id":"https:\/\/www.a2logistics.com\/es\/a2-logistics\/como-trabajamos\/#breadcrumb","itemListElement":[{"@type":"ListItem","position":1,"name":"Home","item":"https:\/\/www.a2logistics.com\/es\/"},{"@type":"ListItem","position":2,"name":"Acerca de nosotros","item":"https:\/\/www.a2logistics.com\/es\/a2-logistics\/"},{"@type":"ListItem","position":3,"name":"Como trabajamos"}]},{"@type":"WebSite","@id":"https:\/\/www.a2logistics.com\/es\/#website","url":"https:\/\/www.a2logistics.com\/es\/","name":"ES","description":"A2 Logistics is een gerenommeerd expeditiebedrijf met meer dan 10 jaar ervaring in internationaal transport. Bekijk onze mogelijkheden online!","potentialAction":[{"@type":"SearchAction","target":{"@type":"EntryPoint","urlTemplate":"https:\/\/www.a2logistics.com\/es\/?s={search_term_string}"},"query-input":{"@type":"PropertyValueSpecification","valueRequired":true,"valueName":"search_term_string"}}],"inLanguage":"es"}]}},"_links":{"self":[{"href":"https:\/\/www.a2logistics.com\/es\/wp-json\/wp\/v2\/pages\/25","targetHints":{"allow":["GET"]}}],"collection":[{"href":"https:\/\/www.a2logistics.com\/es\/wp-json\/wp\/v2\/pages"}],"about":[{"href":"https:\/\/www.a2logistics.com\/es\/wp-json\/wp\/v2\/types\/page"}],"author":[{"embeddable":true,"href":"https:\/\/www.a2logistics.com\/es\/wp-json\/wp\/v2\/users\/2"}],"replies":[{"embeddable":true,"href":"https:\/\/www.a2logistics.com\/es\/wp-json\/wp\/v2\/comments?post=25"}],"version-history":[{"count":23,"href":"https:\/\/www.a2logistics.com\/es\/wp-json\/wp\/v2\/pages\/25\/revisions"}],"predecessor-version":[{"id":643,"href":"https:\/\/www.a2logistics.com\/es\/wp-json\/wp\/v2\/pages\/25\/revisions\/643"}],"up":[{"embeddable":true,"href":"https:\/\/www.a2logistics.com\/es\/wp-json\/wp\/v2\/pages\/27"}],"wp:featuredmedia":[{"embeddable":true,"href":"https:\/\/www.a2logistics.com\/es\/wp-json\/wp\/v2\/media\/303"}],"wp:attachment":[{"href":"https:\/\/www.a2logistics.com\/es\/wp-json\/wp\/v2\/media?parent=25"}],"curies":[{"name":"wp","href":"https:\/\/api.w.org\/{rel}","templated":true}]}}