{"id":90,"date":"2020-05-28T11:35:47","date_gmt":"2020-05-28T09:35:47","guid":{"rendered":"https:\/\/www.a2logistics.com\/?page_id=90"},"modified":"2020-08-04T16:03:28","modified_gmt":"2020-08-04T14:03:28","slug":"skandinavien","status":"publish","type":"page","link":"https:\/\/www.a2logistics.com\/de\/transport\/skandinavien\/","title":{"rendered":"Skandinavien"},"content":{"rendered":"<section id=section-block-block_5ecf850ccfebe class=\"section block_content\"><div class=\"container\"><div class=\"block-row blocks-in-row-1\"><div class=\"block content-block\"><div class=\"inner-wrapper\"><H2 class=\"block-title\">Transport ist unser Gesch\u00e4ft, und dabei ist kein Wunsch zu ausgefallen f\u00fcr uns.<\/H2><div class=\"content-wrapper\"><p>A2 Logistics l\u00e4sst G\u00fcter von und nach verschiedenen L\u00e4ndern in Europa transportieren, wobei Skandinavien einer unserer Spezialit\u00e4ten ist. Regelm\u00e4\u00dfig fahren Lkw mit unseren Sendungen nach Norwegen, Schweden und Finnland. Eine solche Sendung kann aus allerlei G\u00fctern bestehen. Gefahrenstoffe, temperierter Transport oder gro\u00dfe Maschinen, wir bringen es nach Skandinavien. Transport ist unser Gesch\u00e4ft und dabei ist keine Anfrage f\u00fcr uns unm\u00f6glich.<\/p>\n<\/div><\/div><\/div><\/div><\/div><\/section>\n\n<section id=section-block_5ecf8543cfebf class=\"section block_image_and_content_left\"><div class=\"container\"><div class=\"block-row blocks-in-row-2\"><div class=\"block image-block\"><div class=\"inner-wrapper\"><figure class=\"img-wrapper\"><img decoding=\"async\" itemprop=\"image\" title=\"EDITV1_4K25.00_00_45_05.Still019\" alt=\"\" src=\"https:\/\/www.a2logistics.com\/de\/wp-content\/uploads\/sites\/5\/2020\/06\/EDITV1_4K25.00_00_45_05.Still019-660x500.jpg\"\/><\/figure><\/div><\/div><div class=\"block content-block\"><div class=\"inner-wrapper\"><div class=\"content-wrapper\"><p>Hat Ihr Unternehmen eine (schwierige) Ladung, die innerhalb einer Woche geliefert werden muss? Mit gr\u00f6\u00dfter Sorgfalt f\u00fcr Ihre Produkte und \u2013 mindestens ebenso wichtig \u2013 Ihre Kunden erledigen wir den Transport nach Skandinavien. Dabei wird die Mehrzahl der Produkte in unserem Distributionszentrum in Den Bosch sorgf\u00e4ltig in Ladungstr\u00e4ger eingepackt. Anschlie\u00dfend gehen sie auf der Stra\u00dfe und \u00fcber See zu ihrem Bestimmungsort. F\u00fcr Short Sea Shipping und Stra\u00dfentransporte nutzen wir zahllose Fahrzeuge und Spediteure vor Ort. Dabei profitieren Sie von korrekten Tagespreisen!<\/p>\n<\/div><\/div><\/div><\/div><\/div><\/section>\n\n<section id=section-block-block_5ecf8593cfec1 class=\"section block_content_and_image_left\"><div class=\"container\"><div class=\"block-row blocks-in-row-2\"><div class=\"block content-block\"><div class=\"inner-wrapper\"><H2 class=\"block-title\">Die schnellsten und effizientesten L\u00f6sungen<\/H2><div class=\"content-wrapper\"><p>Einen verf\u00fcgbaren LKW nutzen wir am liebsten vollst\u00e4ndig. Sammelladungen sind deshalb kein Fremdwort f\u00fcr uns. Sind Sie interessiert, was unsere Skandinavien-Spediteure f\u00fcr Ihren Skandinavien-Transport leisten k\u00f6nnen? Dann setzen Sie sich bitte unverbindlich mit uns in Verbindung. Gemeinsam mit Ihnen suchen wir gern die schnellste und effizienteste L\u00f6sung, beispielsweise \u00fcber den Golf von Finnland. An Werktagen k\u00f6nnen Sie von uns in einer halben Stunde nach Ihrer Anfrage ein Angebot nach Ma\u00df f\u00fcr Transporte nach Skandinavien erwarten. Wir erledigen dabei alles f\u00fcr Sie, bis hin zur Zusendung eines g\u00fcltigen Zustellnachweises.<\/p>\n<\/div><\/div><\/div><div class=\"block image-block\"><div class=\"inner-wrapper\"><figure class=\"img-wrapper\"><img decoding=\"async\" itemprop=\"image\" title=\"A2LOGISTICS_001C_STILL (6)\" alt=\"\" src=\"https:\/\/www.a2logistics.com\/de\/wp-content\/uploads\/sites\/5\/2020\/06\/A2LOGISTICS_001C_STILL-6-660x500.jpg\"\/><\/figure><\/div><\/div><\/div><\/div><\/section>\n\n<section id=section-block-block_5ecf856ccfec0 class=\"section block_content\"><div class=\"container\"><div class=\"block-row blocks-in-row-1\"><div class=\"block content-block\"><div class=\"inner-wrapper\"><H2 class=\"block-title\">Lagern Sie Ihre skandinavischen Sendungen an A2 Logistics aus<\/H2><div class=\"content-wrapper\"><p>Sparen Sie Zeit und Geld \u2013 besonders bei Auftr\u00e4gen mit wenig Volumen \u2013 und \u00fcberlassen Sie Ihren Skandinavien-Transport A2 Logistics, Ihrem professionellen Vermittler. Wir sorgen f\u00fcr eine sichere Lieferung Ihrer Sendung in einem qualitativ guten Zustand!<\/p>\n<\/div><a  title=\"kontaktiere uns\" href=\"https:\/\/www.a2logistics.com\/de\/kontakt\/#skandinavien-section\" class=\"button\">kontaktiere uns<\/a><\/div><\/div><\/div><\/div><\/section>\n\n<section id=section-block-block_5ecfaa17c030d class=\"section cta_with_button_block\"><div class=\"container\"><div style=\"background-image:url(https:\/\/www.a2logistics.com\/de\/wp-content\/uploads\/sites\/5\/2020\/05\/A2LOGISTICS_001C_STILL-3-1024x512.jpg)\" class=\"background-underlay\"><\/div><div class=\"block-row blocks-in-row-1\"><div class=\"block cta-with-button-block\"><div class=\"inner-wrapper\"><H2 class=\"block-title\">Ben\u00f6tigen Sie Hilfe bei Ihrem Transport?<\/H2><span class=\"outer-btn-wrapper\"><a  title=\"Sales Skandinavien\" href=\"https:\/\/www.a2logistics.com\/de\/kontakt\/#skandinavien-section\" class=\"button set\">Sales Skandinavien<\/a><\/span><span class=\"outer-btn-wrapper\"><a  title=\"Planning Skandinavien\" href=\"https:\/\/www.a2logistics.com\/de\/kontakt\/#skandinavien-section\" class=\"button\">Planning Skandinavien<\/a><\/span><\/div><\/div><\/div><\/section>","protected":false},"excerpt":{"rendered":"","protected":false},"author":2,"featured_media":281,"parent":14,"menu_order":80,"comment_status":"closed","ping_status":"closed","template":"destination-template.php","meta":{"_acf_changed":false,"_trash_the_other_posts":false,"editor_notices":[],"footnotes":""},"class_list":["post-90","page","type-page","status-publish","has-post-thumbnail","hentry"],"acf":[],"yoast_head":"<!-- This site is optimized with the Yoast SEO plugin v27.1.1 - https:\/\/yoast.com\/product\/yoast-seo-wordpress\/ -->\n<title>Transport nach Skandinavien: Spediteure in Skandinavien | A2 Logistics<\/title>\n<meta name=\"description\" content=\"F\u00fcr professionellen Skandinavien-Transport gehen Sie am besten zu A2 Logistics. Unsere Spediteure denken gern gemeinsam mit Ihnen \u00fcber die schnellste und vorteilhafteste Route nach.\" \/>\n<meta name=\"robots\" content=\"index, follow, max-snippet:-1, max-image-preview:large, max-video-preview:-1\" \/>\n<link rel=\"canonical\" href=\"https:\/\/www.a2logistics.com\/de\/transport\/skandinavien\/\" \/>\n<meta property=\"og:locale\" content=\"de_DE\" \/>\n<meta property=\"og:type\" content=\"article\" \/>\n<meta property=\"og:title\" content=\"Transport nach Skandinavien: Spediteure in Skandinavien | A2 Logistics\" \/>\n<meta property=\"og:description\" content=\"F\u00fcr professionellen Skandinavien-Transport gehen Sie am besten zu A2 Logistics. Unsere Spediteure denken gern gemeinsam mit Ihnen \u00fcber die schnellste und vorteilhafteste Route nach.\" \/>\n<meta property=\"og:url\" content=\"https:\/\/www.a2logistics.com\/de\/transport\/skandinavien\/\" \/>\n<meta property=\"og:site_name\" content=\"DE\" \/>\n<meta property=\"article:modified_time\" content=\"2020-08-04T14:03:28+00:00\" \/>\n<meta property=\"og:image\" content=\"https:\/\/www.a2logistics.com\/de\/wp-content\/uploads\/sites\/5\/2020\/06\/A2LOGISTICS_001C_STILL-2.jpg\" \/>\n\t<meta property=\"og:image:width\" content=\"2560\" \/>\n\t<meta property=\"og:image:height\" content=\"1280\" \/>\n\t<meta property=\"og:image:type\" content=\"image\/jpeg\" \/>\n<meta name=\"twitter:card\" content=\"summary_large_image\" \/>\n<script type=\"application\/ld+json\" class=\"yoast-schema-graph\">{\"@context\":\"https:\/\/schema.org\",\"@graph\":[{\"@type\":\"WebPage\",\"@id\":\"https:\/\/www.a2logistics.com\/de\/transport\/skandinavien\/\",\"url\":\"https:\/\/www.a2logistics.com\/de\/transport\/skandinavien\/\",\"name\":\"Transport nach Skandinavien: Spediteure in Skandinavien | A2 Logistics\",\"isPartOf\":{\"@id\":\"https:\/\/www.a2logistics.com\/de\/#website\"},\"primaryImageOfPage\":{\"@id\":\"https:\/\/www.a2logistics.com\/de\/transport\/skandinavien\/#primaryimage\"},\"image\":{\"@id\":\"https:\/\/www.a2logistics.com\/de\/transport\/skandinavien\/#primaryimage\"},\"thumbnailUrl\":\"https:\/\/www.a2logistics.com\/de\/wp-content\/uploads\/sites\/5\/2020\/06\/A2LOGISTICS_001C_STILL-2.jpg\",\"datePublished\":\"2020-05-28T09:35:47+00:00\",\"dateModified\":\"2020-08-04T14:03:28+00:00\",\"description\":\"F\u00fcr professionellen Skandinavien-Transport gehen Sie am besten zu A2 Logistics. Unsere Spediteure denken gern gemeinsam mit Ihnen \u00fcber die schnellste und vorteilhafteste Route nach.\",\"breadcrumb\":{\"@id\":\"https:\/\/www.a2logistics.com\/de\/transport\/skandinavien\/#breadcrumb\"},\"inLanguage\":\"de\",\"potentialAction\":[{\"@type\":\"ReadAction\",\"target\":[\"https:\/\/www.a2logistics.com\/de\/transport\/skandinavien\/\"]}]},{\"@type\":\"ImageObject\",\"inLanguage\":\"de\",\"@id\":\"https:\/\/www.a2logistics.com\/de\/transport\/skandinavien\/#primaryimage\",\"url\":\"https:\/\/www.a2logistics.com\/de\/wp-content\/uploads\/sites\/5\/2020\/06\/A2LOGISTICS_001C_STILL-2.jpg\",\"contentUrl\":\"https:\/\/www.a2logistics.com\/de\/wp-content\/uploads\/sites\/5\/2020\/06\/A2LOGISTICS_001C_STILL-2.jpg\",\"width\":2560,\"height\":1280,\"caption\":\"A2 Logistics | Internationaal transport\"},{\"@type\":\"BreadcrumbList\",\"@id\":\"https:\/\/www.a2logistics.com\/de\/transport\/skandinavien\/#breadcrumb\",\"itemListElement\":[{\"@type\":\"ListItem\",\"position\":1,\"name\":\"Home\",\"item\":\"https:\/\/www.a2logistics.com\/de\/\"},{\"@type\":\"ListItem\",\"position\":2,\"name\":\"Transport\",\"item\":\"https:\/\/www.a2logistics.com\/de\/transport\/\"},{\"@type\":\"ListItem\",\"position\":3,\"name\":\"Skandinavien\"}]},{\"@type\":\"WebSite\",\"@id\":\"https:\/\/www.a2logistics.com\/de\/#website\",\"url\":\"https:\/\/www.a2logistics.com\/de\/\",\"name\":\"DE\",\"description\":\"A2 Logistics is een gerenommeerd expeditiebedrijf met meer dan 10 jaar ervaring in internationaal transport. Bekijk onze mogelijkheden online!\",\"potentialAction\":[{\"@type\":\"SearchAction\",\"target\":{\"@type\":\"EntryPoint\",\"urlTemplate\":\"https:\/\/www.a2logistics.com\/de\/?s={search_term_string}\"},\"query-input\":{\"@type\":\"PropertyValueSpecification\",\"valueRequired\":true,\"valueName\":\"search_term_string\"}}],\"inLanguage\":\"de\"}]}<\/script>\n<!-- \/ Yoast SEO plugin. -->","yoast_head_json":{"title":"Transport nach Skandinavien: Spediteure in Skandinavien | A2 Logistics","description":"F\u00fcr professionellen Skandinavien-Transport gehen Sie am besten zu A2 Logistics. Unsere Spediteure denken gern gemeinsam mit Ihnen \u00fcber die schnellste und vorteilhafteste Route nach.","robots":{"index":"index","follow":"follow","max-snippet":"max-snippet:-1","max-image-preview":"max-image-preview:large","max-video-preview":"max-video-preview:-1"},"canonical":"https:\/\/www.a2logistics.com\/de\/transport\/skandinavien\/","og_locale":"de_DE","og_type":"article","og_title":"Transport nach Skandinavien: Spediteure in Skandinavien | A2 Logistics","og_description":"F\u00fcr professionellen Skandinavien-Transport gehen Sie am besten zu A2 Logistics. Unsere Spediteure denken gern gemeinsam mit Ihnen \u00fcber die schnellste und vorteilhafteste Route nach.","og_url":"https:\/\/www.a2logistics.com\/de\/transport\/skandinavien\/","og_site_name":"DE","article_modified_time":"2020-08-04T14:03:28+00:00","og_image":[{"width":2560,"height":1280,"url":"https:\/\/www.a2logistics.com\/de\/wp-content\/uploads\/sites\/5\/2020\/06\/A2LOGISTICS_001C_STILL-2.jpg","type":"image\/jpeg"}],"twitter_card":"summary_large_image","schema":{"@context":"https:\/\/schema.org","@graph":[{"@type":"WebPage","@id":"https:\/\/www.a2logistics.com\/de\/transport\/skandinavien\/","url":"https:\/\/www.a2logistics.com\/de\/transport\/skandinavien\/","name":"Transport nach Skandinavien: Spediteure in Skandinavien | A2 Logistics","isPartOf":{"@id":"https:\/\/www.a2logistics.com\/de\/#website"},"primaryImageOfPage":{"@id":"https:\/\/www.a2logistics.com\/de\/transport\/skandinavien\/#primaryimage"},"image":{"@id":"https:\/\/www.a2logistics.com\/de\/transport\/skandinavien\/#primaryimage"},"thumbnailUrl":"https:\/\/www.a2logistics.com\/de\/wp-content\/uploads\/sites\/5\/2020\/06\/A2LOGISTICS_001C_STILL-2.jpg","datePublished":"2020-05-28T09:35:47+00:00","dateModified":"2020-08-04T14:03:28+00:00","description":"F\u00fcr professionellen Skandinavien-Transport gehen Sie am besten zu A2 Logistics. Unsere Spediteure denken gern gemeinsam mit Ihnen \u00fcber die schnellste und vorteilhafteste Route nach.","breadcrumb":{"@id":"https:\/\/www.a2logistics.com\/de\/transport\/skandinavien\/#breadcrumb"},"inLanguage":"de","potentialAction":[{"@type":"ReadAction","target":["https:\/\/www.a2logistics.com\/de\/transport\/skandinavien\/"]}]},{"@type":"ImageObject","inLanguage":"de","@id":"https:\/\/www.a2logistics.com\/de\/transport\/skandinavien\/#primaryimage","url":"https:\/\/www.a2logistics.com\/de\/wp-content\/uploads\/sites\/5\/2020\/06\/A2LOGISTICS_001C_STILL-2.jpg","contentUrl":"https:\/\/www.a2logistics.com\/de\/wp-content\/uploads\/sites\/5\/2020\/06\/A2LOGISTICS_001C_STILL-2.jpg","width":2560,"height":1280,"caption":"A2 Logistics | Internationaal transport"},{"@type":"BreadcrumbList","@id":"https:\/\/www.a2logistics.com\/de\/transport\/skandinavien\/#breadcrumb","itemListElement":[{"@type":"ListItem","position":1,"name":"Home","item":"https:\/\/www.a2logistics.com\/de\/"},{"@type":"ListItem","position":2,"name":"Transport","item":"https:\/\/www.a2logistics.com\/de\/transport\/"},{"@type":"ListItem","position":3,"name":"Skandinavien"}]},{"@type":"WebSite","@id":"https:\/\/www.a2logistics.com\/de\/#website","url":"https:\/\/www.a2logistics.com\/de\/","name":"DE","description":"A2 Logistics is een gerenommeerd expeditiebedrijf met meer dan 10 jaar ervaring in internationaal transport. Bekijk onze mogelijkheden online!","potentialAction":[{"@type":"SearchAction","target":{"@type":"EntryPoint","urlTemplate":"https:\/\/www.a2logistics.com\/de\/?s={search_term_string}"},"query-input":{"@type":"PropertyValueSpecification","valueRequired":true,"valueName":"search_term_string"}}],"inLanguage":"de"}]}},"_links":{"self":[{"href":"https:\/\/www.a2logistics.com\/de\/wp-json\/wp\/v2\/pages\/90","targetHints":{"allow":["GET"]}}],"collection":[{"href":"https:\/\/www.a2logistics.com\/de\/wp-json\/wp\/v2\/pages"}],"about":[{"href":"https:\/\/www.a2logistics.com\/de\/wp-json\/wp\/v2\/types\/page"}],"author":[{"embeddable":true,"href":"https:\/\/www.a2logistics.com\/de\/wp-json\/wp\/v2\/users\/2"}],"replies":[{"embeddable":true,"href":"https:\/\/www.a2logistics.com\/de\/wp-json\/wp\/v2\/comments?post=90"}],"version-history":[{"count":33,"href":"https:\/\/www.a2logistics.com\/de\/wp-json\/wp\/v2\/pages\/90\/revisions"}],"predecessor-version":[{"id":648,"href":"https:\/\/www.a2logistics.com\/de\/wp-json\/wp\/v2\/pages\/90\/revisions\/648"}],"up":[{"embeddable":true,"href":"https:\/\/www.a2logistics.com\/de\/wp-json\/wp\/v2\/pages\/14"}],"wp:featuredmedia":[{"embeddable":true,"href":"https:\/\/www.a2logistics.com\/de\/wp-json\/wp\/v2\/media\/281"}],"wp:attachment":[{"href":"https:\/\/www.a2logistics.com\/de\/wp-json\/wp\/v2\/media?parent=90"}],"curies":[{"name":"wp","href":"https:\/\/api.w.org\/{rel}","templated":true}]}}