{"id":41,"date":"2020-05-27T11:51:31","date_gmt":"2020-05-27T09:51:31","guid":{"rendered":"https:\/\/www.a2logistics.com\/?page_id=41"},"modified":"2020-07-07T17:08:16","modified_gmt":"2020-07-07T15:08:16","slug":"short-sea-shipping","status":"publish","type":"page","link":"https:\/\/www.a2logistics.com\/de\/transport\/short-sea-shipping\/","title":{"rendered":"Short sea shipping"},"content":{"rendered":"<section id=section-block-block_5ece4e72a0ad4 class=\"section block_content\"><div class=\"container\"><div class=\"block-row blocks-in-row-1\"><div class=\"block content-block\"><div class=\"inner-wrapper\"><H2 class=\"block-title\">Short Sea Shipping<\/H2><div class=\"content-wrapper\"><p>Neben Transport auf der Stra\u00dfe bef\u00f6rdern wir (Volumen-)Transporte auch oft auf See. Wenn wir auf einer Route G\u00fcter (zum Teil) auf See bef\u00f6rdern, nicht nur von Hafen zu Hafen, sondern auch von Land zu Land, nennen wir das Short Sea Shipping. Auch bei Short Sea Shipping profitieren Sie von korrekten Preisen und sehr schnellen Transitzeiten. Zudem ist Short Sea Shipping sehr nachhaltig!<\/p>\n<\/div><\/div><\/div><\/div><\/div><\/section>\n\n<section id=section-block_5ece4e89a0ad5 class=\"section block_image_and_content_left\"><div class=\"container\"><div class=\"block-row blocks-in-row-2\"><div class=\"block image-block\"><div class=\"inner-wrapper\"><figure class=\"img-wrapper\"><img decoding=\"async\" itemprop=\"image\" title=\"A2LOGISTICS_001C_STILL (11)\" alt=\"\" src=\"https:\/\/www.a2logistics.com\/de\/wp-content\/uploads\/sites\/5\/2020\/06\/A2LOGISTICS_001C_STILL-11-660x500.jpg\"\/><\/figure><\/div><\/div><div class=\"block content-block\"><div class=\"inner-wrapper\"><H2 class=\"block-title\">Effiziente L\u00f6sung f\u00fcr Ihr Transportproblem<\/H2><div class=\"content-wrapper\"><p>Haben Sie ein Produkt oder ein gr\u00f6\u00dferes Volumen, das zum Beispiel aus Italien nach Skandinavien transportiert werden muss? Dann setzen Sie sich bitte unverbindlich mit uns in Verbindung. Wir sagen Ihnen gern mehr \u00fcber die M\u00f6glichkeiten und finden gemeinsam mit Ihnen die beste und effizienteste L\u00f6sung f\u00fcr Ihre Transportaufgabe. Ihre Fracht wird immer versichert (unter CMR-Bedingungen) bef\u00f6rdert!<\/p>\n<\/div><\/div><\/div><\/div><\/div><\/section>\n\n<section id=section-block-block_5ecfaa17c030d class=\"section cta_with_button_block\"><div class=\"container\"><div style=\"background-image:url(https:\/\/www.a2logistics.com\/de\/wp-content\/uploads\/sites\/5\/2020\/06\/A2LOGISTICS_001C_STILL-3_1-1024x512.jpg)\" class=\"background-underlay\"><\/div><div class=\"block-row blocks-in-row-1\"><div class=\"block cta-with-button-block\"><div class=\"inner-wrapper\"><H2 class=\"block-title\">Ben\u00f6tigen Sie Hilfe bei Ihrem Transport?<\/H2><span class=\"outer-btn-wrapper\"><a  title=\"Transport Skandinavien\" href=\"http:\/\/coma2logi-bogajo.savviihq.com\/de\/transport\/skandinavien\/\" class=\"button set\">Transport Skandinavien<\/a><\/span><span class=\"outer-btn-wrapper\"><a  title=\"Transport Irland\" href=\"http:\/\/coma2logi-bogajo.savviihq.com\/de\/transport\/irland\/\" class=\"button\">Transport Irland<\/a><\/span><\/div><\/div><\/div><\/section>","protected":false},"excerpt":{"rendered":"","protected":false},"author":2,"featured_media":290,"parent":14,"menu_order":70,"comment_status":"closed","ping_status":"closed","template":"","meta":{"_acf_changed":false,"_trash_the_other_posts":false,"editor_notices":[],"footnotes":""},"class_list":["post-41","page","type-page","status-publish","has-post-thumbnail","hentry"],"acf":[],"yoast_head":"<!-- This site is optimized with the Yoast SEO plugin v27.1.1 - https:\/\/yoast.com\/product\/yoast-seo-wordpress\/ -->\n<title>Volumentransport und Short Sea Shipping | A2 Logistics<\/title>\n<meta name=\"description\" content=\"A2 Logistics ist Ihr Partner, wenn es um den Transport von (Volumen-)G\u00fctern geht, nicht nur auf der Stra\u00dfe, sondern auch mit Short Sea Shipping.\" \/>\n<meta name=\"robots\" content=\"index, follow, max-snippet:-1, max-image-preview:large, max-video-preview:-1\" \/>\n<link rel=\"canonical\" href=\"https:\/\/www.a2logistics.com\/de\/transport\/short-sea-shipping\/\" \/>\n<meta property=\"og:locale\" content=\"de_DE\" \/>\n<meta property=\"og:type\" content=\"article\" \/>\n<meta property=\"og:title\" content=\"Volumentransport und Short Sea Shipping | A2 Logistics\" \/>\n<meta property=\"og:description\" content=\"A2 Logistics ist Ihr Partner, wenn es um den Transport von (Volumen-)G\u00fctern geht, nicht nur auf der Stra\u00dfe, sondern auch mit Short Sea Shipping.\" \/>\n<meta property=\"og:url\" content=\"https:\/\/www.a2logistics.com\/de\/transport\/short-sea-shipping\/\" \/>\n<meta property=\"og:site_name\" content=\"DE\" \/>\n<meta property=\"article:modified_time\" content=\"2020-07-07T15:08:16+00:00\" \/>\n<meta property=\"og:image\" content=\"https:\/\/www.a2logistics.com\/de\/wp-content\/uploads\/sites\/5\/2020\/06\/A2LOGISTICS_001C_STILL-11.jpg\" \/>\n\t<meta property=\"og:image:width\" content=\"2560\" \/>\n\t<meta property=\"og:image:height\" content=\"1280\" \/>\n\t<meta property=\"og:image:type\" content=\"image\/jpeg\" \/>\n<meta name=\"twitter:card\" content=\"summary_large_image\" \/>\n<script type=\"application\/ld+json\" class=\"yoast-schema-graph\">{\"@context\":\"https:\/\/schema.org\",\"@graph\":[{\"@type\":\"WebPage\",\"@id\":\"https:\/\/www.a2logistics.com\/de\/transport\/short-sea-shipping\/\",\"url\":\"https:\/\/www.a2logistics.com\/de\/transport\/short-sea-shipping\/\",\"name\":\"Volumentransport und Short Sea Shipping | A2 Logistics\",\"isPartOf\":{\"@id\":\"https:\/\/www.a2logistics.com\/de\/#website\"},\"primaryImageOfPage\":{\"@id\":\"https:\/\/www.a2logistics.com\/de\/transport\/short-sea-shipping\/#primaryimage\"},\"image\":{\"@id\":\"https:\/\/www.a2logistics.com\/de\/transport\/short-sea-shipping\/#primaryimage\"},\"thumbnailUrl\":\"https:\/\/www.a2logistics.com\/de\/wp-content\/uploads\/sites\/5\/2020\/06\/A2LOGISTICS_001C_STILL-11.jpg\",\"datePublished\":\"2020-05-27T09:51:31+00:00\",\"dateModified\":\"2020-07-07T15:08:16+00:00\",\"description\":\"A2 Logistics ist Ihr Partner, wenn es um den Transport von (Volumen-)G\u00fctern geht, nicht nur auf der Stra\u00dfe, sondern auch mit Short Sea Shipping.\",\"breadcrumb\":{\"@id\":\"https:\/\/www.a2logistics.com\/de\/transport\/short-sea-shipping\/#breadcrumb\"},\"inLanguage\":\"de\",\"potentialAction\":[{\"@type\":\"ReadAction\",\"target\":[\"https:\/\/www.a2logistics.com\/de\/transport\/short-sea-shipping\/\"]}]},{\"@type\":\"ImageObject\",\"inLanguage\":\"de\",\"@id\":\"https:\/\/www.a2logistics.com\/de\/transport\/short-sea-shipping\/#primaryimage\",\"url\":\"https:\/\/www.a2logistics.com\/de\/wp-content\/uploads\/sites\/5\/2020\/06\/A2LOGISTICS_001C_STILL-11.jpg\",\"contentUrl\":\"https:\/\/www.a2logistics.com\/de\/wp-content\/uploads\/sites\/5\/2020\/06\/A2LOGISTICS_001C_STILL-11.jpg\",\"width\":2560,\"height\":1280},{\"@type\":\"BreadcrumbList\",\"@id\":\"https:\/\/www.a2logistics.com\/de\/transport\/short-sea-shipping\/#breadcrumb\",\"itemListElement\":[{\"@type\":\"ListItem\",\"position\":1,\"name\":\"Home\",\"item\":\"https:\/\/www.a2logistics.com\/de\/\"},{\"@type\":\"ListItem\",\"position\":2,\"name\":\"Transport\",\"item\":\"https:\/\/www.a2logistics.com\/de\/transport\/\"},{\"@type\":\"ListItem\",\"position\":3,\"name\":\"Short sea shipping\"}]},{\"@type\":\"WebSite\",\"@id\":\"https:\/\/www.a2logistics.com\/de\/#website\",\"url\":\"https:\/\/www.a2logistics.com\/de\/\",\"name\":\"DE\",\"description\":\"A2 Logistics is een gerenommeerd expeditiebedrijf met meer dan 10 jaar ervaring in internationaal transport. Bekijk onze mogelijkheden online!\",\"potentialAction\":[{\"@type\":\"SearchAction\",\"target\":{\"@type\":\"EntryPoint\",\"urlTemplate\":\"https:\/\/www.a2logistics.com\/de\/?s={search_term_string}\"},\"query-input\":{\"@type\":\"PropertyValueSpecification\",\"valueRequired\":true,\"valueName\":\"search_term_string\"}}],\"inLanguage\":\"de\"}]}<\/script>\n<!-- \/ Yoast SEO plugin. -->","yoast_head_json":{"title":"Volumentransport und Short Sea Shipping | A2 Logistics","description":"A2 Logistics ist Ihr Partner, wenn es um den Transport von (Volumen-)G\u00fctern geht, nicht nur auf der Stra\u00dfe, sondern auch mit Short Sea Shipping.","robots":{"index":"index","follow":"follow","max-snippet":"max-snippet:-1","max-image-preview":"max-image-preview:large","max-video-preview":"max-video-preview:-1"},"canonical":"https:\/\/www.a2logistics.com\/de\/transport\/short-sea-shipping\/","og_locale":"de_DE","og_type":"article","og_title":"Volumentransport und Short Sea Shipping | A2 Logistics","og_description":"A2 Logistics ist Ihr Partner, wenn es um den Transport von (Volumen-)G\u00fctern geht, nicht nur auf der Stra\u00dfe, sondern auch mit Short Sea Shipping.","og_url":"https:\/\/www.a2logistics.com\/de\/transport\/short-sea-shipping\/","og_site_name":"DE","article_modified_time":"2020-07-07T15:08:16+00:00","og_image":[{"width":2560,"height":1280,"url":"https:\/\/www.a2logistics.com\/de\/wp-content\/uploads\/sites\/5\/2020\/06\/A2LOGISTICS_001C_STILL-11.jpg","type":"image\/jpeg"}],"twitter_card":"summary_large_image","schema":{"@context":"https:\/\/schema.org","@graph":[{"@type":"WebPage","@id":"https:\/\/www.a2logistics.com\/de\/transport\/short-sea-shipping\/","url":"https:\/\/www.a2logistics.com\/de\/transport\/short-sea-shipping\/","name":"Volumentransport und Short Sea Shipping | A2 Logistics","isPartOf":{"@id":"https:\/\/www.a2logistics.com\/de\/#website"},"primaryImageOfPage":{"@id":"https:\/\/www.a2logistics.com\/de\/transport\/short-sea-shipping\/#primaryimage"},"image":{"@id":"https:\/\/www.a2logistics.com\/de\/transport\/short-sea-shipping\/#primaryimage"},"thumbnailUrl":"https:\/\/www.a2logistics.com\/de\/wp-content\/uploads\/sites\/5\/2020\/06\/A2LOGISTICS_001C_STILL-11.jpg","datePublished":"2020-05-27T09:51:31+00:00","dateModified":"2020-07-07T15:08:16+00:00","description":"A2 Logistics ist Ihr Partner, wenn es um den Transport von (Volumen-)G\u00fctern geht, nicht nur auf der Stra\u00dfe, sondern auch mit Short Sea Shipping.","breadcrumb":{"@id":"https:\/\/www.a2logistics.com\/de\/transport\/short-sea-shipping\/#breadcrumb"},"inLanguage":"de","potentialAction":[{"@type":"ReadAction","target":["https:\/\/www.a2logistics.com\/de\/transport\/short-sea-shipping\/"]}]},{"@type":"ImageObject","inLanguage":"de","@id":"https:\/\/www.a2logistics.com\/de\/transport\/short-sea-shipping\/#primaryimage","url":"https:\/\/www.a2logistics.com\/de\/wp-content\/uploads\/sites\/5\/2020\/06\/A2LOGISTICS_001C_STILL-11.jpg","contentUrl":"https:\/\/www.a2logistics.com\/de\/wp-content\/uploads\/sites\/5\/2020\/06\/A2LOGISTICS_001C_STILL-11.jpg","width":2560,"height":1280},{"@type":"BreadcrumbList","@id":"https:\/\/www.a2logistics.com\/de\/transport\/short-sea-shipping\/#breadcrumb","itemListElement":[{"@type":"ListItem","position":1,"name":"Home","item":"https:\/\/www.a2logistics.com\/de\/"},{"@type":"ListItem","position":2,"name":"Transport","item":"https:\/\/www.a2logistics.com\/de\/transport\/"},{"@type":"ListItem","position":3,"name":"Short sea shipping"}]},{"@type":"WebSite","@id":"https:\/\/www.a2logistics.com\/de\/#website","url":"https:\/\/www.a2logistics.com\/de\/","name":"DE","description":"A2 Logistics is een gerenommeerd expeditiebedrijf met meer dan 10 jaar ervaring in internationaal transport. Bekijk onze mogelijkheden online!","potentialAction":[{"@type":"SearchAction","target":{"@type":"EntryPoint","urlTemplate":"https:\/\/www.a2logistics.com\/de\/?s={search_term_string}"},"query-input":{"@type":"PropertyValueSpecification","valueRequired":true,"valueName":"search_term_string"}}],"inLanguage":"de"}]}},"_links":{"self":[{"href":"https:\/\/www.a2logistics.com\/de\/wp-json\/wp\/v2\/pages\/41","targetHints":{"allow":["GET"]}}],"collection":[{"href":"https:\/\/www.a2logistics.com\/de\/wp-json\/wp\/v2\/pages"}],"about":[{"href":"https:\/\/www.a2logistics.com\/de\/wp-json\/wp\/v2\/types\/page"}],"author":[{"embeddable":true,"href":"https:\/\/www.a2logistics.com\/de\/wp-json\/wp\/v2\/users\/2"}],"replies":[{"embeddable":true,"href":"https:\/\/www.a2logistics.com\/de\/wp-json\/wp\/v2\/comments?post=41"}],"version-history":[{"count":13,"href":"https:\/\/www.a2logistics.com\/de\/wp-json\/wp\/v2\/pages\/41\/revisions"}],"predecessor-version":[{"id":663,"href":"https:\/\/www.a2logistics.com\/de\/wp-json\/wp\/v2\/pages\/41\/revisions\/663"}],"up":[{"embeddable":true,"href":"https:\/\/www.a2logistics.com\/de\/wp-json\/wp\/v2\/pages\/14"}],"wp:featuredmedia":[{"embeddable":true,"href":"https:\/\/www.a2logistics.com\/de\/wp-json\/wp\/v2\/media\/290"}],"wp:attachment":[{"href":"https:\/\/www.a2logistics.com\/de\/wp-json\/wp\/v2\/media?parent=41"}],"curies":[{"name":"wp","href":"https:\/\/api.w.org\/{rel}","templated":true}]}}