{"id":37,"date":"2020-05-27T11:50:11","date_gmt":"2020-05-27T09:50:11","guid":{"rendered":"https:\/\/www.a2logistics.com\/?page_id=37"},"modified":"2020-07-09T11:29:15","modified_gmt":"2020-07-09T09:29:15","slug":"schweden","status":"publish","type":"page","link":"https:\/\/www.a2logistics.com\/de\/transport\/schweden\/","title":{"rendered":"Schweden"},"content":{"rendered":"<section id=section-block-block_5ece4cd13eac2 class=\"section block_content\"><div class=\"container\"><div class=\"block-row blocks-in-row-1\"><div class=\"block content-block\"><div class=\"inner-wrapper\"><H2 class=\"block-title\">Bereits mehr als 15 Jahren l\u00e4sst A2 Logistics G\u00fcter von und nach Skandinavien transportieren.<\/H2><div class=\"content-wrapper\"><p>ADR, Maschinen, man k\u00f6nnte es sich verr\u00fcckter nicht ausdenken. Nach Norwegen und Finnland, aber auch f\u00fcr den Transport nach Schweden sind Sie bei uns an der richtigen Adresse. Wir nehmen Ihnen alle Sorgen ab und erledigen sogar die Versicherungspapiere f\u00fcr Sie. Nach der Zustellung erhalten Sie von uns einen unterzeichneten Zustellnachweis.<\/p>\n<\/div><\/div><\/div><\/div><\/div><\/section>\n\n<section id=section-block_5ece4cde3eac3 class=\"section block_image_and_content_left\"><div class=\"container\"><div class=\"block-row blocks-in-row-2\"><div class=\"block image-block\"><div class=\"inner-wrapper\"><figure class=\"img-wrapper\"><img decoding=\"async\" itemprop=\"image\" title=\"A2 Logistics | Internationaal transport\" alt=\"A2 Logistics | Internationaal transport\" src=\"https:\/\/www.a2logistics.com\/de\/wp-content\/uploads\/sites\/5\/2020\/06\/A2LOGISTICS_001C_STILL-2-660x500.jpg\"\/><\/figure><\/div><\/div><div class=\"block content-block\"><div class=\"inner-wrapper\"><H2 class=\"block-title\">Transport Schweden<\/H2><div class=\"content-wrapper\"><p>Beim Transport nach Schweden geht es sowohl um Transport auf der Stra\u00dfe als auch auf See (sogenanntes Short Sea Shipping). Hierf\u00fcr arbeiten wir mit professionellen Spediteuren vor Ort zusammen, die wie wir \u00fcber langj\u00e4hrige Erfahrung verf\u00fcgen und einen ansehnlichen Kundenstamm aufgebaut haben. Wir k\u00f6nnen ihre Fahrzeuge und ihre Fachkompetenz nutzen, um Ihre Sendung schnell und sicher zu bef\u00f6rdern sowie in einem qualitativ ausgezeichneten Zustand ankommen zu lassen.<\/p>\n<\/div><\/div><\/div><\/div><\/div><\/section>\n\n<section id=section-block-block_5ece4d053eac4 class=\"section block_content\"><div class=\"container\"><div class=\"block-row blocks-in-row-1\"><div class=\"block content-block\"><div class=\"inner-wrapper\"><H2 class=\"block-title\">Von Den Bosch nach Schweden.<\/H2><div class=\"content-wrapper\"><p>Ihre Sendung wird vielfach in unserm Distributionszentrum in Den Bosch f\u00fcr den Transport vorbereitet. Schweden ist ein stark gefragtes Ziel. F\u00fcr Transporte nach Schweden pr\u00fcfen wir deshalb immer, ob es mehrere Auftraggeber mit einer gleichzeitigen Sendung nach Schweden gibt. Durch Kombinieren solcher Transporte in Form von Sammelladungen nach Schweden k\u00f6nnen wir unsere Kr\u00e4fte b\u00fcndeln und die Kosten teilen. Und Sie profitieren folglich von einem annehmbaren Tarif!<\/p>\n<\/div><\/div><\/div><\/div><\/div><\/section>\n\n<section id=section-block-block_5ece4d143eac5 class=\"section block_content\"><div class=\"container\"><div class=\"block-row blocks-in-row-1\"><div class=\"block content-block\"><div class=\"inner-wrapper\"><H2 class=\"block-title\">Scharf kalkuliertes Angebot f\u00fcr Ihren Transport nach Schweden<\/H2><div class=\"content-wrapper\"><p>Haben Sie als Unternehmen eine Sendung, die irgendwo in Europa abgeholt oder in das Ausland bef\u00f6rdert werden muss? Wenden Sie sich mit Ihrer Transportaufgabe an uns, wir machen uns gern damit an die Arbeit. Werktags bekommen Sie von uns innerhalb einer halben Stunde ein ausf\u00fchrliches Angebot mit den f\u00fcr Ihre Sendung m\u00f6glichen Transitzeiten. A2 Logistics sorgt f\u00fcr versicherten Transport aus den Niederlanden nach Schweden (oder umgekehrt) und viele andere Ziele in Europa!<\/p>\n<\/div><a  title=\"kontaktiere uns\" href=\"https:\/\/www.a2logistics.com\/de\/kontakt\/#skandinavien-section\" class=\"button\">kontaktiere uns<\/a><\/div><\/div><\/div><\/div><\/section>\n\n<section id=section-block-block_5ecfaa17c030d class=\"section cta_with_button_block\"><div class=\"container\"><div style=\"background-image:url(https:\/\/www.a2logistics.com\/de\/wp-content\/uploads\/sites\/5\/2020\/05\/A2LOGISTICS_001C_STILL-3-1024x512.jpg)\" class=\"background-underlay\"><\/div><div class=\"block-row blocks-in-row-1\"><div class=\"block cta-with-button-block\"><div class=\"inner-wrapper\"><H2 class=\"block-title\">Ben\u00f6tigen Sie Hilfe bei Ihrem Transport?<\/H2><span class=\"outer-btn-wrapper\"><a  title=\"Sales Schweden\" href=\"https:\/\/www.a2logistics.com\/de\/kontakt\/#skandinavien-section\" class=\"button set\">Sales Schweden<\/a><\/span><span class=\"outer-btn-wrapper\"><a  title=\"Planung Schweden\" href=\"https:\/\/www.a2logistics.com\/de\/kontakt\/#skandinavien-section\" class=\"button\">Planung Schweden<\/a><\/span><\/div><\/div><\/div><\/section>","protected":false},"excerpt":{"rendered":"","protected":false},"author":2,"featured_media":290,"parent":14,"menu_order":40,"comment_status":"closed","ping_status":"closed","template":"","meta":{"_acf_changed":false,"_trash_the_other_posts":false,"editor_notices":[],"footnotes":""},"class_list":["post-37","page","type-page","status-publish","has-post-thumbnail","hentry"],"acf":[],"yoast_head":"<!-- This site is optimized with the Yoast SEO plugin v27.1.1 - https:\/\/yoast.com\/product\/yoast-seo-wordpress\/ -->\n<title>Transport nach Schweden und umgekehrt | A2 Logistics<\/title>\n<meta name=\"description\" content=\"A2 Logistics sorgt f\u00fcr den sicheren und fachkundigen Transport Ihrer G\u00fcter durch Europa. Auch f\u00fcr (Eil-)Transporte nach Schweden sind Sie bei uns an der richtigen Adresse.\" \/>\n<meta name=\"robots\" content=\"index, follow, max-snippet:-1, max-image-preview:large, max-video-preview:-1\" \/>\n<link rel=\"canonical\" href=\"https:\/\/www.a2logistics.com\/de\/transport\/schweden\/\" \/>\n<meta property=\"og:locale\" content=\"de_DE\" \/>\n<meta property=\"og:type\" content=\"article\" \/>\n<meta property=\"og:title\" content=\"Transport nach Schweden und umgekehrt | A2 Logistics\" \/>\n<meta property=\"og:description\" content=\"A2 Logistics sorgt f\u00fcr den sicheren und fachkundigen Transport Ihrer G\u00fcter durch Europa. Auch f\u00fcr (Eil-)Transporte nach Schweden sind Sie bei uns an der richtigen Adresse.\" \/>\n<meta property=\"og:url\" content=\"https:\/\/www.a2logistics.com\/de\/transport\/schweden\/\" \/>\n<meta property=\"og:site_name\" content=\"DE\" \/>\n<meta property=\"article:modified_time\" content=\"2020-07-09T09:29:15+00:00\" \/>\n<meta property=\"og:image\" content=\"https:\/\/www.a2logistics.com\/de\/wp-content\/uploads\/sites\/5\/2020\/06\/A2LOGISTICS_001C_STILL-11.jpg\" \/>\n\t<meta property=\"og:image:width\" content=\"2560\" \/>\n\t<meta property=\"og:image:height\" content=\"1280\" \/>\n\t<meta property=\"og:image:type\" content=\"image\/jpeg\" \/>\n<meta name=\"twitter:card\" content=\"summary_large_image\" \/>\n<script type=\"application\/ld+json\" class=\"yoast-schema-graph\">{\"@context\":\"https:\/\/schema.org\",\"@graph\":[{\"@type\":\"WebPage\",\"@id\":\"https:\/\/www.a2logistics.com\/de\/transport\/schweden\/\",\"url\":\"https:\/\/www.a2logistics.com\/de\/transport\/schweden\/\",\"name\":\"Transport nach Schweden und umgekehrt | A2 Logistics\",\"isPartOf\":{\"@id\":\"https:\/\/www.a2logistics.com\/de\/#website\"},\"primaryImageOfPage\":{\"@id\":\"https:\/\/www.a2logistics.com\/de\/transport\/schweden\/#primaryimage\"},\"image\":{\"@id\":\"https:\/\/www.a2logistics.com\/de\/transport\/schweden\/#primaryimage\"},\"thumbnailUrl\":\"https:\/\/www.a2logistics.com\/de\/wp-content\/uploads\/sites\/5\/2020\/06\/A2LOGISTICS_001C_STILL-11.jpg\",\"datePublished\":\"2020-05-27T09:50:11+00:00\",\"dateModified\":\"2020-07-09T09:29:15+00:00\",\"description\":\"A2 Logistics sorgt f\u00fcr den sicheren und fachkundigen Transport Ihrer G\u00fcter durch Europa. Auch f\u00fcr (Eil-)Transporte nach Schweden sind Sie bei uns an der richtigen Adresse.\",\"breadcrumb\":{\"@id\":\"https:\/\/www.a2logistics.com\/de\/transport\/schweden\/#breadcrumb\"},\"inLanguage\":\"de\",\"potentialAction\":[{\"@type\":\"ReadAction\",\"target\":[\"https:\/\/www.a2logistics.com\/de\/transport\/schweden\/\"]}]},{\"@type\":\"ImageObject\",\"inLanguage\":\"de\",\"@id\":\"https:\/\/www.a2logistics.com\/de\/transport\/schweden\/#primaryimage\",\"url\":\"https:\/\/www.a2logistics.com\/de\/wp-content\/uploads\/sites\/5\/2020\/06\/A2LOGISTICS_001C_STILL-11.jpg\",\"contentUrl\":\"https:\/\/www.a2logistics.com\/de\/wp-content\/uploads\/sites\/5\/2020\/06\/A2LOGISTICS_001C_STILL-11.jpg\",\"width\":2560,\"height\":1280},{\"@type\":\"BreadcrumbList\",\"@id\":\"https:\/\/www.a2logistics.com\/de\/transport\/schweden\/#breadcrumb\",\"itemListElement\":[{\"@type\":\"ListItem\",\"position\":1,\"name\":\"Home\",\"item\":\"https:\/\/www.a2logistics.com\/de\/\"},{\"@type\":\"ListItem\",\"position\":2,\"name\":\"Transport\",\"item\":\"https:\/\/www.a2logistics.com\/de\/transport\/\"},{\"@type\":\"ListItem\",\"position\":3,\"name\":\"Schweden\"}]},{\"@type\":\"WebSite\",\"@id\":\"https:\/\/www.a2logistics.com\/de\/#website\",\"url\":\"https:\/\/www.a2logistics.com\/de\/\",\"name\":\"DE\",\"description\":\"A2 Logistics is een gerenommeerd expeditiebedrijf met meer dan 10 jaar ervaring in internationaal transport. Bekijk onze mogelijkheden online!\",\"potentialAction\":[{\"@type\":\"SearchAction\",\"target\":{\"@type\":\"EntryPoint\",\"urlTemplate\":\"https:\/\/www.a2logistics.com\/de\/?s={search_term_string}\"},\"query-input\":{\"@type\":\"PropertyValueSpecification\",\"valueRequired\":true,\"valueName\":\"search_term_string\"}}],\"inLanguage\":\"de\"}]}<\/script>\n<!-- \/ Yoast SEO plugin. -->","yoast_head_json":{"title":"Transport nach Schweden und umgekehrt | A2 Logistics","description":"A2 Logistics sorgt f\u00fcr den sicheren und fachkundigen Transport Ihrer G\u00fcter durch Europa. Auch f\u00fcr (Eil-)Transporte nach Schweden sind Sie bei uns an der richtigen Adresse.","robots":{"index":"index","follow":"follow","max-snippet":"max-snippet:-1","max-image-preview":"max-image-preview:large","max-video-preview":"max-video-preview:-1"},"canonical":"https:\/\/www.a2logistics.com\/de\/transport\/schweden\/","og_locale":"de_DE","og_type":"article","og_title":"Transport nach Schweden und umgekehrt | A2 Logistics","og_description":"A2 Logistics sorgt f\u00fcr den sicheren und fachkundigen Transport Ihrer G\u00fcter durch Europa. Auch f\u00fcr (Eil-)Transporte nach Schweden sind Sie bei uns an der richtigen Adresse.","og_url":"https:\/\/www.a2logistics.com\/de\/transport\/schweden\/","og_site_name":"DE","article_modified_time":"2020-07-09T09:29:15+00:00","og_image":[{"width":2560,"height":1280,"url":"https:\/\/www.a2logistics.com\/de\/wp-content\/uploads\/sites\/5\/2020\/06\/A2LOGISTICS_001C_STILL-11.jpg","type":"image\/jpeg"}],"twitter_card":"summary_large_image","schema":{"@context":"https:\/\/schema.org","@graph":[{"@type":"WebPage","@id":"https:\/\/www.a2logistics.com\/de\/transport\/schweden\/","url":"https:\/\/www.a2logistics.com\/de\/transport\/schweden\/","name":"Transport nach Schweden und umgekehrt | A2 Logistics","isPartOf":{"@id":"https:\/\/www.a2logistics.com\/de\/#website"},"primaryImageOfPage":{"@id":"https:\/\/www.a2logistics.com\/de\/transport\/schweden\/#primaryimage"},"image":{"@id":"https:\/\/www.a2logistics.com\/de\/transport\/schweden\/#primaryimage"},"thumbnailUrl":"https:\/\/www.a2logistics.com\/de\/wp-content\/uploads\/sites\/5\/2020\/06\/A2LOGISTICS_001C_STILL-11.jpg","datePublished":"2020-05-27T09:50:11+00:00","dateModified":"2020-07-09T09:29:15+00:00","description":"A2 Logistics sorgt f\u00fcr den sicheren und fachkundigen Transport Ihrer G\u00fcter durch Europa. Auch f\u00fcr (Eil-)Transporte nach Schweden sind Sie bei uns an der richtigen Adresse.","breadcrumb":{"@id":"https:\/\/www.a2logistics.com\/de\/transport\/schweden\/#breadcrumb"},"inLanguage":"de","potentialAction":[{"@type":"ReadAction","target":["https:\/\/www.a2logistics.com\/de\/transport\/schweden\/"]}]},{"@type":"ImageObject","inLanguage":"de","@id":"https:\/\/www.a2logistics.com\/de\/transport\/schweden\/#primaryimage","url":"https:\/\/www.a2logistics.com\/de\/wp-content\/uploads\/sites\/5\/2020\/06\/A2LOGISTICS_001C_STILL-11.jpg","contentUrl":"https:\/\/www.a2logistics.com\/de\/wp-content\/uploads\/sites\/5\/2020\/06\/A2LOGISTICS_001C_STILL-11.jpg","width":2560,"height":1280},{"@type":"BreadcrumbList","@id":"https:\/\/www.a2logistics.com\/de\/transport\/schweden\/#breadcrumb","itemListElement":[{"@type":"ListItem","position":1,"name":"Home","item":"https:\/\/www.a2logistics.com\/de\/"},{"@type":"ListItem","position":2,"name":"Transport","item":"https:\/\/www.a2logistics.com\/de\/transport\/"},{"@type":"ListItem","position":3,"name":"Schweden"}]},{"@type":"WebSite","@id":"https:\/\/www.a2logistics.com\/de\/#website","url":"https:\/\/www.a2logistics.com\/de\/","name":"DE","description":"A2 Logistics is een gerenommeerd expeditiebedrijf met meer dan 10 jaar ervaring in internationaal transport. Bekijk onze mogelijkheden online!","potentialAction":[{"@type":"SearchAction","target":{"@type":"EntryPoint","urlTemplate":"https:\/\/www.a2logistics.com\/de\/?s={search_term_string}"},"query-input":{"@type":"PropertyValueSpecification","valueRequired":true,"valueName":"search_term_string"}}],"inLanguage":"de"}]}},"_links":{"self":[{"href":"https:\/\/www.a2logistics.com\/de\/wp-json\/wp\/v2\/pages\/37","targetHints":{"allow":["GET"]}}],"collection":[{"href":"https:\/\/www.a2logistics.com\/de\/wp-json\/wp\/v2\/pages"}],"about":[{"href":"https:\/\/www.a2logistics.com\/de\/wp-json\/wp\/v2\/types\/page"}],"author":[{"embeddable":true,"href":"https:\/\/www.a2logistics.com\/de\/wp-json\/wp\/v2\/users\/2"}],"replies":[{"embeddable":true,"href":"https:\/\/www.a2logistics.com\/de\/wp-json\/wp\/v2\/comments?post=37"}],"version-history":[{"count":20,"href":"https:\/\/www.a2logistics.com\/de\/wp-json\/wp\/v2\/pages\/37\/revisions"}],"predecessor-version":[{"id":650,"href":"https:\/\/www.a2logistics.com\/de\/wp-json\/wp\/v2\/pages\/37\/revisions\/650"}],"up":[{"embeddable":true,"href":"https:\/\/www.a2logistics.com\/de\/wp-json\/wp\/v2\/pages\/14"}],"wp:featuredmedia":[{"embeddable":true,"href":"https:\/\/www.a2logistics.com\/de\/wp-json\/wp\/v2\/media\/290"}],"wp:attachment":[{"href":"https:\/\/www.a2logistics.com\/de\/wp-json\/wp\/v2\/media?parent=37"}],"curies":[{"name":"wp","href":"https:\/\/api.w.org\/{rel}","templated":true}]}}