{"id":33,"date":"2020-05-27T11:49:27","date_gmt":"2020-05-27T09:49:27","guid":{"rendered":"https:\/\/www.a2logistics.com\/?page_id=33"},"modified":"2020-07-03T11:38:13","modified_gmt":"2020-07-03T09:38:13","slug":"finnland","status":"publish","type":"page","link":"https:\/\/www.a2logistics.com\/de\/transport\/finnland\/","title":{"rendered":"Finnland"},"content":{"rendered":"<section id=section-block-block_5ece4b0619dfa class=\"section block_content\"><div class=\"container\"><div class=\"block-row blocks-in-row-1\"><div class=\"block content-block\"><div class=\"inner-wrapper\"><H2 class=\"block-title\">A2 Logistics ist bereits seit Jahren auf Transportvermittlung von und nach Finnland spezialisiert.<\/H2><div class=\"content-wrapper\"><p>A2 Logistics ist bereits seit Jahren auf Transportvermittlung von und nach Finnland spezialisiert. Es ist sogar eines der L\u00e4nder, in das wir am h\u00e4ufigsten transportieren lassen. Suchen Sie deshalb einen Vermittler, der Ihnen den Finnland-Transport abnehmen kann? Dann sind Sie bei uns an der richtigen Adresse.<\/p>\n<\/div><\/div><\/div><\/div><\/div><\/section>\n\n<section id=section-block_5ece4b1f19dfb class=\"section block_image_and_content_left\"><div class=\"container\"><div class=\"block-row blocks-in-row-2\"><div class=\"block image-block\"><div class=\"inner-wrapper\"><figure class=\"img-wrapper\"><img decoding=\"async\" itemprop=\"image\" title=\"A2 Logistics - Transport\" alt=\"vrachtwagen rijdend over een snelweg vanuit de lucht\" src=\"https:\/\/www.a2logistics.com\/de\/wp-content\/uploads\/sites\/5\/2020\/05\/A2LOGISTICS_001C_STILL-10-660x500.jpg\"\/><\/figure><\/div><\/div><div class=\"block content-block\"><div class=\"inner-wrapper\"><H2 class=\"block-title\">Transport Finnland<\/H2><div class=\"content-wrapper\"><p>Bereits seit Jahr und Tag arbeiten wir f\u00fcr den Transport nach Finnland mit inl\u00e4ndischen Spediteuren und unseren eigenen Vertretern, die s\u00e4mtliche Stra\u00dfen und Gefahren vor Ort kennen. Wenn wir f\u00fcr Sie eine Sendung zum Transport von den Niederlanden nach Finnland (zum Beispiel Ihren Transport nach Helsinki) bereitstellen, findet dieser Transport zum Teil auf der Stra\u00dfe und zum Teil auf See statt, dabei spricht man von Short Sea Shipping. Der Container mit den Sendungen wird bei Eintreffen in Finnland von unserem Spediteur vom Schiff abgeholt und zum Bestimmungsort gebracht. Auch hier kann auf der Stra\u00dfe Zeit gespart werden.<\/p>\n<\/div><\/div><\/div><\/div><\/div><\/section>\n\n<section id=section-block-block_5ece4b4719dfc class=\"section block_content\"><div class=\"container\"><div class=\"block-row blocks-in-row-1\"><div class=\"block content-block\"><div class=\"inner-wrapper\"><H2 class=\"block-title\">Zuverl\u00e4ssiger Transport nach Finnland<\/H2><div class=\"content-wrapper\"><p>A2 Logistics steht t\u00e4glich in engem Kontakt mit allen seinen Spediteuren. Wir versichern Ihnen deshalb, dass unser Finnland-Transport ausschlie\u00dflich von zuverl\u00e4ssigen Partnern ausgef\u00fchrt wird, die Ihre Sendung mit gr\u00f6\u00dfter Sorgfalt bef\u00f6rdern. Wir erledigen alles f\u00fcr Ihr Unternehmen, bis hin zur Zusendung eines g\u00fcltigen Zustellnachweises.<\/p>\n<\/div><\/div><\/div><\/div><\/div><\/section>\n\n<section id=section-block-block_5ece4b5319dfd class=\"section block_content_and_image_left\"><div class=\"container\"><div class=\"block-row blocks-in-row-2\"><div class=\"block content-block\"><div class=\"inner-wrapper\"><H2 class=\"block-title\">Haben Sie nur eine sehr kleine Sendung?<\/H2><div class=\"content-wrapper\"><p>Dann sehen wir uns gern zusammen mit Ihnen an, wie wir den Transport nach Finnland m\u00f6glichst effizient ausf\u00fchren k\u00f6nnen. Wir bieten Ihnen hierf\u00fcr die M\u00f6glichkeit von Sammelladungen nach Finnland. Alle Sendungen, die Finnland als Ziel haben, werden dabei zusammen in einem Container verpackt. So wird der Container optimal genutzt, und die Kosten k\u00f6nnen auf die Auftraggeber verteilt werden. Dadurch wird zugleich der Aussto\u00df sch\u00e4dlicher Stoffe f\u00fcr die Umwelt reduziert.<\/p>\n<\/div><\/div><\/div><div class=\"block image-block\"><div class=\"inner-wrapper\"><figure class=\"img-wrapper\"><img decoding=\"async\" itemprop=\"image\" title=\"A2logistics27077d004\" alt=\"\" src=\"https:\/\/www.a2logistics.com\/de\/wp-content\/uploads\/sites\/5\/2020\/06\/A2logistics27077d004-660x500.jpg\"\/><\/figure><\/div><\/div><\/div><\/div><\/section>\n\n<section id=section-block-block_5ece4b7119dfe class=\"section block_content\"><div class=\"container\"><div class=\"block-row blocks-in-row-1\"><div class=\"block content-block\"><div class=\"inner-wrapper\"><H2 class=\"block-title\">Waren jeder Gr\u00f6\u00dfe oder jedes Gewichts<\/H2><div class=\"content-wrapper\"><p>Z\u00f6gern Sie deshalb nicht, sich \u00fcber die M\u00f6glichkeiten f\u00fcr den Versand Ihrer ADR, temperierten Frachten, Maschinen und Ihrer anderen G\u00fcter zu erkundigen \u2013 wie Sie sehen, sind die M\u00f6glichkeiten endlos!<\/p>\n<\/div><a  title=\"kontaktiere uns\" href=\"https:\/\/www.a2logistics.com\/de\/kontakt\/\" class=\"button\">kontaktiere uns<\/a><\/div><\/div><\/div><\/div><\/section>\n\n<section id=section-block-block_5ecfaa17c030d class=\"section cta_with_button_block\"><div class=\"container\"><div style=\"background-image:url(https:\/\/www.a2logistics.com\/de\/wp-content\/uploads\/sites\/5\/2020\/05\/A2LOGISTICS_001C_STILL-3-1024x512.jpg)\" class=\"background-underlay\"><\/div><div class=\"block-row blocks-in-row-1\"><div class=\"block cta-with-button-block\"><div class=\"inner-wrapper\"><H2 class=\"block-title\">Ben\u00f6tigen Sie Hilfe bei Ihrem Transport?<\/H2><span class=\"outer-btn-wrapper\"><a  title=\"Sales Finnland\" href=\"https:\/\/www.a2logistics.com\/de\/kontakt\/#scandinavie-section\" class=\"button set\">Sales Finnland<\/a><\/span><span class=\"outer-btn-wrapper\"><a  title=\"Planung Finnland\" href=\"https:\/\/www.a2logistics.com\/de\/kontakt\/#scandinavie-section\" class=\"button\">Planung Finnland<\/a><\/span><\/div><\/div><\/div><\/section>","protected":false},"excerpt":{"rendered":"","protected":false},"author":2,"featured_media":290,"parent":14,"menu_order":20,"comment_status":"closed","ping_status":"closed","template":"","meta":{"_acf_changed":false,"_trash_the_other_posts":false,"editor_notices":[],"footnotes":""},"class_list":["post-33","page","type-page","status-publish","has-post-thumbnail","hentry"],"acf":[],"yoast_head":"<!-- This site is optimized with the Yoast SEO plugin v27.1.1 - https:\/\/yoast.com\/product\/yoast-seo-wordpress\/ -->\n<title>Transport nach Finnland: zuverl\u00e4ssiger Transport | A2 Logistics<\/title>\n<meta name=\"description\" content=\"F\u00fcr einen zuverl\u00e4ssigen Spediteur nach Finnland sind Sie bei A2 Logistics an der richtigen Adresse. Sicherer und versicherter Transport aus den Niederlanden!\" \/>\n<meta name=\"robots\" content=\"index, follow, max-snippet:-1, max-image-preview:large, max-video-preview:-1\" \/>\n<link rel=\"canonical\" href=\"https:\/\/www.a2logistics.com\/de\/transport\/finnland\/\" \/>\n<meta property=\"og:locale\" content=\"de_DE\" \/>\n<meta property=\"og:type\" content=\"article\" \/>\n<meta property=\"og:title\" content=\"Transport nach Finnland: zuverl\u00e4ssiger Transport | A2 Logistics\" \/>\n<meta property=\"og:description\" content=\"F\u00fcr einen zuverl\u00e4ssigen Spediteur nach Finnland sind Sie bei A2 Logistics an der richtigen Adresse. Sicherer und versicherter Transport aus den Niederlanden!\" \/>\n<meta property=\"og:url\" content=\"https:\/\/www.a2logistics.com\/de\/transport\/finnland\/\" \/>\n<meta property=\"og:site_name\" content=\"DE\" \/>\n<meta property=\"article:modified_time\" content=\"2020-07-03T09:38:13+00:00\" \/>\n<meta property=\"og:image\" content=\"https:\/\/www.a2logistics.com\/de\/wp-content\/uploads\/sites\/5\/2020\/06\/A2LOGISTICS_001C_STILL-11.jpg\" \/>\n\t<meta property=\"og:image:width\" content=\"2560\" \/>\n\t<meta property=\"og:image:height\" content=\"1280\" \/>\n\t<meta property=\"og:image:type\" content=\"image\/jpeg\" \/>\n<meta name=\"twitter:card\" content=\"summary_large_image\" \/>\n<script type=\"application\/ld+json\" class=\"yoast-schema-graph\">{\"@context\":\"https:\/\/schema.org\",\"@graph\":[{\"@type\":\"WebPage\",\"@id\":\"https:\/\/www.a2logistics.com\/de\/transport\/finnland\/\",\"url\":\"https:\/\/www.a2logistics.com\/de\/transport\/finnland\/\",\"name\":\"Transport nach Finnland: zuverl\u00e4ssiger Transport | A2 Logistics\",\"isPartOf\":{\"@id\":\"https:\/\/www.a2logistics.com\/de\/#website\"},\"primaryImageOfPage\":{\"@id\":\"https:\/\/www.a2logistics.com\/de\/transport\/finnland\/#primaryimage\"},\"image\":{\"@id\":\"https:\/\/www.a2logistics.com\/de\/transport\/finnland\/#primaryimage\"},\"thumbnailUrl\":\"https:\/\/www.a2logistics.com\/de\/wp-content\/uploads\/sites\/5\/2020\/06\/A2LOGISTICS_001C_STILL-11.jpg\",\"datePublished\":\"2020-05-27T09:49:27+00:00\",\"dateModified\":\"2020-07-03T09:38:13+00:00\",\"description\":\"F\u00fcr einen zuverl\u00e4ssigen Spediteur nach Finnland sind Sie bei A2 Logistics an der richtigen Adresse. Sicherer und versicherter Transport aus den Niederlanden!\",\"breadcrumb\":{\"@id\":\"https:\/\/www.a2logistics.com\/de\/transport\/finnland\/#breadcrumb\"},\"inLanguage\":\"de\",\"potentialAction\":[{\"@type\":\"ReadAction\",\"target\":[\"https:\/\/www.a2logistics.com\/de\/transport\/finnland\/\"]}]},{\"@type\":\"ImageObject\",\"inLanguage\":\"de\",\"@id\":\"https:\/\/www.a2logistics.com\/de\/transport\/finnland\/#primaryimage\",\"url\":\"https:\/\/www.a2logistics.com\/de\/wp-content\/uploads\/sites\/5\/2020\/06\/A2LOGISTICS_001C_STILL-11.jpg\",\"contentUrl\":\"https:\/\/www.a2logistics.com\/de\/wp-content\/uploads\/sites\/5\/2020\/06\/A2LOGISTICS_001C_STILL-11.jpg\",\"width\":2560,\"height\":1280},{\"@type\":\"BreadcrumbList\",\"@id\":\"https:\/\/www.a2logistics.com\/de\/transport\/finnland\/#breadcrumb\",\"itemListElement\":[{\"@type\":\"ListItem\",\"position\":1,\"name\":\"Home\",\"item\":\"https:\/\/www.a2logistics.com\/de\/\"},{\"@type\":\"ListItem\",\"position\":2,\"name\":\"Transport\",\"item\":\"https:\/\/www.a2logistics.com\/de\/transport\/\"},{\"@type\":\"ListItem\",\"position\":3,\"name\":\"Finnland\"}]},{\"@type\":\"WebSite\",\"@id\":\"https:\/\/www.a2logistics.com\/de\/#website\",\"url\":\"https:\/\/www.a2logistics.com\/de\/\",\"name\":\"DE\",\"description\":\"A2 Logistics is een gerenommeerd expeditiebedrijf met meer dan 10 jaar ervaring in internationaal transport. Bekijk onze mogelijkheden online!\",\"potentialAction\":[{\"@type\":\"SearchAction\",\"target\":{\"@type\":\"EntryPoint\",\"urlTemplate\":\"https:\/\/www.a2logistics.com\/de\/?s={search_term_string}\"},\"query-input\":{\"@type\":\"PropertyValueSpecification\",\"valueRequired\":true,\"valueName\":\"search_term_string\"}}],\"inLanguage\":\"de\"}]}<\/script>\n<!-- \/ Yoast SEO plugin. -->","yoast_head_json":{"title":"Transport nach Finnland: zuverl\u00e4ssiger Transport | A2 Logistics","description":"F\u00fcr einen zuverl\u00e4ssigen Spediteur nach Finnland sind Sie bei A2 Logistics an der richtigen Adresse. Sicherer und versicherter Transport aus den Niederlanden!","robots":{"index":"index","follow":"follow","max-snippet":"max-snippet:-1","max-image-preview":"max-image-preview:large","max-video-preview":"max-video-preview:-1"},"canonical":"https:\/\/www.a2logistics.com\/de\/transport\/finnland\/","og_locale":"de_DE","og_type":"article","og_title":"Transport nach Finnland: zuverl\u00e4ssiger Transport | A2 Logistics","og_description":"F\u00fcr einen zuverl\u00e4ssigen Spediteur nach Finnland sind Sie bei A2 Logistics an der richtigen Adresse. Sicherer und versicherter Transport aus den Niederlanden!","og_url":"https:\/\/www.a2logistics.com\/de\/transport\/finnland\/","og_site_name":"DE","article_modified_time":"2020-07-03T09:38:13+00:00","og_image":[{"width":2560,"height":1280,"url":"https:\/\/www.a2logistics.com\/de\/wp-content\/uploads\/sites\/5\/2020\/06\/A2LOGISTICS_001C_STILL-11.jpg","type":"image\/jpeg"}],"twitter_card":"summary_large_image","schema":{"@context":"https:\/\/schema.org","@graph":[{"@type":"WebPage","@id":"https:\/\/www.a2logistics.com\/de\/transport\/finnland\/","url":"https:\/\/www.a2logistics.com\/de\/transport\/finnland\/","name":"Transport nach Finnland: zuverl\u00e4ssiger Transport | A2 Logistics","isPartOf":{"@id":"https:\/\/www.a2logistics.com\/de\/#website"},"primaryImageOfPage":{"@id":"https:\/\/www.a2logistics.com\/de\/transport\/finnland\/#primaryimage"},"image":{"@id":"https:\/\/www.a2logistics.com\/de\/transport\/finnland\/#primaryimage"},"thumbnailUrl":"https:\/\/www.a2logistics.com\/de\/wp-content\/uploads\/sites\/5\/2020\/06\/A2LOGISTICS_001C_STILL-11.jpg","datePublished":"2020-05-27T09:49:27+00:00","dateModified":"2020-07-03T09:38:13+00:00","description":"F\u00fcr einen zuverl\u00e4ssigen Spediteur nach Finnland sind Sie bei A2 Logistics an der richtigen Adresse. Sicherer und versicherter Transport aus den Niederlanden!","breadcrumb":{"@id":"https:\/\/www.a2logistics.com\/de\/transport\/finnland\/#breadcrumb"},"inLanguage":"de","potentialAction":[{"@type":"ReadAction","target":["https:\/\/www.a2logistics.com\/de\/transport\/finnland\/"]}]},{"@type":"ImageObject","inLanguage":"de","@id":"https:\/\/www.a2logistics.com\/de\/transport\/finnland\/#primaryimage","url":"https:\/\/www.a2logistics.com\/de\/wp-content\/uploads\/sites\/5\/2020\/06\/A2LOGISTICS_001C_STILL-11.jpg","contentUrl":"https:\/\/www.a2logistics.com\/de\/wp-content\/uploads\/sites\/5\/2020\/06\/A2LOGISTICS_001C_STILL-11.jpg","width":2560,"height":1280},{"@type":"BreadcrumbList","@id":"https:\/\/www.a2logistics.com\/de\/transport\/finnland\/#breadcrumb","itemListElement":[{"@type":"ListItem","position":1,"name":"Home","item":"https:\/\/www.a2logistics.com\/de\/"},{"@type":"ListItem","position":2,"name":"Transport","item":"https:\/\/www.a2logistics.com\/de\/transport\/"},{"@type":"ListItem","position":3,"name":"Finnland"}]},{"@type":"WebSite","@id":"https:\/\/www.a2logistics.com\/de\/#website","url":"https:\/\/www.a2logistics.com\/de\/","name":"DE","description":"A2 Logistics is een gerenommeerd expeditiebedrijf met meer dan 10 jaar ervaring in internationaal transport. Bekijk onze mogelijkheden online!","potentialAction":[{"@type":"SearchAction","target":{"@type":"EntryPoint","urlTemplate":"https:\/\/www.a2logistics.com\/de\/?s={search_term_string}"},"query-input":{"@type":"PropertyValueSpecification","valueRequired":true,"valueName":"search_term_string"}}],"inLanguage":"de"}]}},"_links":{"self":[{"href":"https:\/\/www.a2logistics.com\/de\/wp-json\/wp\/v2\/pages\/33","targetHints":{"allow":["GET"]}}],"collection":[{"href":"https:\/\/www.a2logistics.com\/de\/wp-json\/wp\/v2\/pages"}],"about":[{"href":"https:\/\/www.a2logistics.com\/de\/wp-json\/wp\/v2\/types\/page"}],"author":[{"embeddable":true,"href":"https:\/\/www.a2logistics.com\/de\/wp-json\/wp\/v2\/users\/2"}],"replies":[{"embeddable":true,"href":"https:\/\/www.a2logistics.com\/de\/wp-json\/wp\/v2\/comments?post=33"}],"version-history":[{"count":30,"href":"https:\/\/www.a2logistics.com\/de\/wp-json\/wp\/v2\/pages\/33\/revisions"}],"predecessor-version":[{"id":646,"href":"https:\/\/www.a2logistics.com\/de\/wp-json\/wp\/v2\/pages\/33\/revisions\/646"}],"up":[{"embeddable":true,"href":"https:\/\/www.a2logistics.com\/de\/wp-json\/wp\/v2\/pages\/14"}],"wp:featuredmedia":[{"embeddable":true,"href":"https:\/\/www.a2logistics.com\/de\/wp-json\/wp\/v2\/media\/290"}],"wp:attachment":[{"href":"https:\/\/www.a2logistics.com\/de\/wp-json\/wp\/v2\/media?parent=33"}],"curies":[{"name":"wp","href":"https:\/\/api.w.org\/{rel}","templated":true}]}}