{"id":31,"date":"2020-05-27T11:49:10","date_gmt":"2020-05-27T09:49:10","guid":{"rendered":"https:\/\/www.a2logistics.com\/?page_id=31"},"modified":"2020-07-09T11:28:33","modified_gmt":"2020-07-09T09:28:33","slug":"irland","status":"publish","type":"page","link":"https:\/\/www.a2logistics.com\/de\/transport\/irland\/","title":{"rendered":"Irland"},"content":{"rendered":"<section id=section-block-block_5ece3afad1581 class=\"section block_content\"><div class=\"container\"><div class=\"block-row blocks-in-row-1\"><div class=\"block content-block\"><div class=\"inner-wrapper\"><H2 class=\"block-title\">A2 Logistics ist auf Transport Vermittlung von und nach Irland spezialisiert.<\/H2><div class=\"content-wrapper\"><p>A2 Logistics ist auf Transportvermittlung von und nach Irland spezialisiert. Wir durften bereits vielen Unternehmen bei einer Transportaufgabe helfen. Liegt Ihnen ein schwieriger Transport schwer im Magen? Ist Irland Ihr Ziel, und soll Ihre Ladung zudem schnell dort sein? Dann ist A2 Logistics Ihr Partner. Wir nehmen Ihnen alle Sorgen ab, bis zum Abzeichnen und Zusenden des CMR-Dokuments oder Zustellnachweises.<\/p>\n<\/div><\/div><\/div><\/div><\/div><\/section>\n\n<section id=section-block_5ece3b07d1582 class=\"section block_image_and_content_left\"><div class=\"container\"><div class=\"block-row blocks-in-row-2\"><div class=\"block image-block\"><div class=\"inner-wrapper\"><figure class=\"img-wrapper\"><img decoding=\"async\" itemprop=\"image\" title=\"A2 Logistics | Internationaal transport\" alt=\"A2 Logistics | Internationaal transport\" src=\"https:\/\/www.a2logistics.com\/de\/wp-content\/uploads\/sites\/5\/2020\/06\/A2LOGISTICS_001C_STILL-3_1-660x500.jpg\"\/><\/figure><\/div><\/div><div class=\"block content-block\"><div class=\"inner-wrapper\"><H2 class=\"block-title\">Wie l\u00e4uft ein Transport nach Irland ab?<\/H2><div class=\"content-wrapper\"><p>F\u00fcr den Transport Ihrer G\u00fcter arbeiten wir mit Partnern in Irland zusammen. Das tun wir bereits seit Jahren, deshalb wissen wir, dass wir uns auf sie verlassen k\u00f6nnen. Da der Transport nach Irland zum Teil auf See stattfindet, ist einiges an Wissen und Fachkenntnissen erforderlich, was Ihnen als Auftraggeber wom\u00f6glich kaum oder nicht bewusst ist. A2 Logistics hat langj\u00e4hrige Erfahrung mit sogenanntem Short Sea Shipping und eigene Agenten vor Ort.<\/p>\n<\/div><\/div><\/div><\/div><\/div><\/section>\n\n<section id=section-block-block_5ece3b21d1583 class=\"section block_content\"><div class=\"container\"><div class=\"block-row blocks-in-row-1\"><div class=\"block content-block\"><div class=\"inner-wrapper\"><H2 class=\"block-title\">Versicherter Transport zum endg\u00fcltigen Bestimmungsort.<\/H2><div class=\"content-wrapper\"><p>Wenn Sie eine Sendung bei uns anmelden, wird sie oft zuerst zu unserem Distributionszentrum in Den Bosch gebracht. Ob Ihre Ladung aus Italien oder Deutschland kommt \u2013 der gr\u00f6\u00dfte Teil wird in Den Bosch sortiert, und dort werden auch die Ladungstr\u00e4ger beladen. Anschlie\u00dfend werden die Container direkt zum Hafen in Irland verschifft. Unser Spediteur vor Ort l\u00e4dt die Container vom Schiff und bef\u00f6rdert sie (versichert) an ihren Bestimmungsort. Direkt auf der Stra\u00dfe ist ebenfalls m\u00f6glich. Bei einer Eilsendung fahren wir durch den Tunnel nach England. Weil wir soweit m\u00f6glich \u00fcber die Stra\u00dfe gehen, gewinnen wir einen Tag.<\/p>\n<\/div><\/div><\/div><\/div><\/div><\/section>\n\n<section id=section-block-block_5ece3b2fd1584 class=\"section block_content_and_image_left\"><div class=\"container\"><div class=\"block-row blocks-in-row-2\"><div class=\"block content-block\"><div class=\"inner-wrapper\"><H2 class=\"block-title\">Transport Niederlande\u2013Irland mit Hilfe von Sammelladungen?<\/H2><div class=\"content-wrapper\"><p>Ist Irland Ihr Ziel? A2 Logistics pr\u00fcft immer die M\u00f6glichkeiten von Sammelladungen. Beim Transport Niederlande\u2013Irland kann das dazu beitragen, dass die Tarife tragbar bleiben. Wir kombinieren verschiedene Sendungen f\u00fcr Irland, sodass f\u00fcr den Transport soweit m\u00f6glich volle Container genutzt und die Kosten unter den Auftraggebern verteilt werden k\u00f6nnen. Au\u00dferdem werden dadurch der CO2-Emissionen reduziert.<\/p>\n<\/div><\/div><\/div><div class=\"block image-block\"><div class=\"inner-wrapper\"><figure class=\"img-wrapper\"><img decoding=\"async\" itemprop=\"image\" title=\"IMG_0034\" alt=\"\" src=\"https:\/\/www.a2logistics.com\/de\/wp-content\/uploads\/sites\/5\/2020\/06\/IMG_0034-660x500.jpeg\"\/><\/figure><\/div><\/div><\/div><\/div><\/section>\n\n<section id=section-block-block_5ece3b44d1585 class=\"section block_content\"><div class=\"container\"><div class=\"block-row blocks-in-row-1\"><div class=\"block content-block\"><div class=\"inner-wrapper\"><H2 class=\"block-title\">M\u00f6chten Sie mehr \u00fcber die M\u00f6glichkeiten erfahren? Dann setzen Sie sich bitte unverbindlich mit uns in Verbindung.<\/H2><div class=\"content-wrapper\"><p>Wenn Sie ein unverbindliches Angebot anfragen, wissen Sie an Werktagen bereits innerhalb einer halben Stunde, was der Versand Ihres Produkts oder Ihrer Ladung kostet und wie schnell es am Bestimmungsort sein kann. Von ADR bis zu temperierter Ladung, bereits mehr als 15 Jahre konnten wir Unternehmen erfolgreich entlasten. Haben Sie noch Fragen? Wir stehen f\u00fcr Sie bereit!<\/p>\n<\/div><a  title=\"Kontaktiere uns\" href=\"https:\/\/www.a2logistics.com\/de\/kontakt\/#irland-section\" class=\"button\">Kontaktiere uns<\/a><\/div><\/div><\/div><\/div><\/section>\n\n<section id=section-block-block_5ecfaa17c030d class=\"section cta_with_button_block\"><div class=\"container\"><div style=\"background-image:url(https:\/\/www.a2logistics.com\/de\/wp-content\/uploads\/sites\/5\/2020\/05\/A2LOGISTICS_001C_STILL-3-1024x512.jpg)\" class=\"background-underlay\"><\/div><div class=\"block-row blocks-in-row-1\"><div class=\"block cta-with-button-block\"><div class=\"inner-wrapper\"><H2 class=\"block-title\">Ben\u00f6tigen Sie Hilfe bei Ihrem Transport?<\/H2><span class=\"outer-btn-wrapper\"><a  title=\"Planung Irland\" href=\"https:\/\/www.a2logistics.com\/de\/kontakt\/#irland-section\" class=\"button set\">Planung Irland<\/a><\/span><span class=\"outer-btn-wrapper\"><a  title=\"Sales Irland\" href=\"https:\/\/www.a2logistics.com\/de\/kontakt\/#irland-section\" class=\"button\">Sales Irland<\/a><\/span><\/div><\/div><\/div><\/section>","protected":false},"excerpt":{"rendered":"","protected":false},"author":2,"featured_media":281,"parent":14,"menu_order":10,"comment_status":"closed","ping_status":"closed","template":"destination-template.php","meta":{"_acf_changed":false,"_trash_the_other_posts":false,"editor_notices":[],"footnotes":""},"class_list":["post-31","page","type-page","status-publish","has-post-thumbnail","hentry"],"acf":[],"yoast_head":"<!-- This site is optimized with the Yoast SEO plugin v27.1.1 - https:\/\/yoast.com\/product\/yoast-seo-wordpress\/ -->\n<title>Transport nach Irland | A2 Logistics | Ihr Problem, unsere L\u00f6sung!<\/title>\n<meta name=\"description\" content=\"A2 Logistics ist auf Transporte von und nach Irland spezialisiert. Auch Sammelladungen sind m\u00f6glich. Erkundigen Sie sich unverbindlich nach den M\u00f6glichkeiten f\u00fcr Ihre Ladung.\" \/>\n<meta name=\"robots\" content=\"index, follow, max-snippet:-1, max-image-preview:large, max-video-preview:-1\" \/>\n<link rel=\"canonical\" href=\"https:\/\/www.a2logistics.com\/de\/transport\/irland\/\" \/>\n<meta property=\"og:locale\" content=\"de_DE\" \/>\n<meta property=\"og:type\" content=\"article\" \/>\n<meta property=\"og:title\" content=\"Transport nach Irland | A2 Logistics | Ihr Problem, unsere L\u00f6sung!\" \/>\n<meta property=\"og:description\" content=\"A2 Logistics ist auf Transporte von und nach Irland spezialisiert. Auch Sammelladungen sind m\u00f6glich. Erkundigen Sie sich unverbindlich nach den M\u00f6glichkeiten f\u00fcr Ihre Ladung.\" \/>\n<meta property=\"og:url\" content=\"https:\/\/www.a2logistics.com\/de\/transport\/irland\/\" \/>\n<meta property=\"og:site_name\" content=\"DE\" \/>\n<meta property=\"article:modified_time\" content=\"2020-07-09T09:28:33+00:00\" \/>\n<meta property=\"og:image\" content=\"https:\/\/www.a2logistics.com\/de\/wp-content\/uploads\/sites\/5\/2020\/06\/A2LOGISTICS_001C_STILL-2.jpg\" \/>\n\t<meta property=\"og:image:width\" content=\"2560\" \/>\n\t<meta property=\"og:image:height\" content=\"1280\" \/>\n\t<meta property=\"og:image:type\" content=\"image\/jpeg\" \/>\n<meta name=\"twitter:card\" content=\"summary_large_image\" \/>\n<script type=\"application\/ld+json\" class=\"yoast-schema-graph\">{\"@context\":\"https:\/\/schema.org\",\"@graph\":[{\"@type\":\"WebPage\",\"@id\":\"https:\/\/www.a2logistics.com\/de\/transport\/irland\/\",\"url\":\"https:\/\/www.a2logistics.com\/de\/transport\/irland\/\",\"name\":\"Transport nach Irland | A2 Logistics | Ihr Problem, unsere L\u00f6sung!\",\"isPartOf\":{\"@id\":\"https:\/\/www.a2logistics.com\/de\/#website\"},\"primaryImageOfPage\":{\"@id\":\"https:\/\/www.a2logistics.com\/de\/transport\/irland\/#primaryimage\"},\"image\":{\"@id\":\"https:\/\/www.a2logistics.com\/de\/transport\/irland\/#primaryimage\"},\"thumbnailUrl\":\"https:\/\/www.a2logistics.com\/de\/wp-content\/uploads\/sites\/5\/2020\/06\/A2LOGISTICS_001C_STILL-2.jpg\",\"datePublished\":\"2020-05-27T09:49:10+00:00\",\"dateModified\":\"2020-07-09T09:28:33+00:00\",\"description\":\"A2 Logistics ist auf Transporte von und nach Irland spezialisiert. Auch Sammelladungen sind m\u00f6glich. Erkundigen Sie sich unverbindlich nach den M\u00f6glichkeiten f\u00fcr Ihre Ladung.\",\"breadcrumb\":{\"@id\":\"https:\/\/www.a2logistics.com\/de\/transport\/irland\/#breadcrumb\"},\"inLanguage\":\"de\",\"potentialAction\":[{\"@type\":\"ReadAction\",\"target\":[\"https:\/\/www.a2logistics.com\/de\/transport\/irland\/\"]}]},{\"@type\":\"ImageObject\",\"inLanguage\":\"de\",\"@id\":\"https:\/\/www.a2logistics.com\/de\/transport\/irland\/#primaryimage\",\"url\":\"https:\/\/www.a2logistics.com\/de\/wp-content\/uploads\/sites\/5\/2020\/06\/A2LOGISTICS_001C_STILL-2.jpg\",\"contentUrl\":\"https:\/\/www.a2logistics.com\/de\/wp-content\/uploads\/sites\/5\/2020\/06\/A2LOGISTICS_001C_STILL-2.jpg\",\"width\":2560,\"height\":1280,\"caption\":\"A2 Logistics | Internationaal transport\"},{\"@type\":\"BreadcrumbList\",\"@id\":\"https:\/\/www.a2logistics.com\/de\/transport\/irland\/#breadcrumb\",\"itemListElement\":[{\"@type\":\"ListItem\",\"position\":1,\"name\":\"Home\",\"item\":\"https:\/\/www.a2logistics.com\/de\/\"},{\"@type\":\"ListItem\",\"position\":2,\"name\":\"Transport\",\"item\":\"https:\/\/www.a2logistics.com\/de\/transport\/\"},{\"@type\":\"ListItem\",\"position\":3,\"name\":\"Irland\"}]},{\"@type\":\"WebSite\",\"@id\":\"https:\/\/www.a2logistics.com\/de\/#website\",\"url\":\"https:\/\/www.a2logistics.com\/de\/\",\"name\":\"DE\",\"description\":\"A2 Logistics is een gerenommeerd expeditiebedrijf met meer dan 10 jaar ervaring in internationaal transport. Bekijk onze mogelijkheden online!\",\"potentialAction\":[{\"@type\":\"SearchAction\",\"target\":{\"@type\":\"EntryPoint\",\"urlTemplate\":\"https:\/\/www.a2logistics.com\/de\/?s={search_term_string}\"},\"query-input\":{\"@type\":\"PropertyValueSpecification\",\"valueRequired\":true,\"valueName\":\"search_term_string\"}}],\"inLanguage\":\"de\"}]}<\/script>\n<!-- \/ Yoast SEO plugin. -->","yoast_head_json":{"title":"Transport nach Irland | A2 Logistics | Ihr Problem, unsere L\u00f6sung!","description":"A2 Logistics ist auf Transporte von und nach Irland spezialisiert. Auch Sammelladungen sind m\u00f6glich. Erkundigen Sie sich unverbindlich nach den M\u00f6glichkeiten f\u00fcr Ihre Ladung.","robots":{"index":"index","follow":"follow","max-snippet":"max-snippet:-1","max-image-preview":"max-image-preview:large","max-video-preview":"max-video-preview:-1"},"canonical":"https:\/\/www.a2logistics.com\/de\/transport\/irland\/","og_locale":"de_DE","og_type":"article","og_title":"Transport nach Irland | A2 Logistics | Ihr Problem, unsere L\u00f6sung!","og_description":"A2 Logistics ist auf Transporte von und nach Irland spezialisiert. Auch Sammelladungen sind m\u00f6glich. Erkundigen Sie sich unverbindlich nach den M\u00f6glichkeiten f\u00fcr Ihre Ladung.","og_url":"https:\/\/www.a2logistics.com\/de\/transport\/irland\/","og_site_name":"DE","article_modified_time":"2020-07-09T09:28:33+00:00","og_image":[{"width":2560,"height":1280,"url":"https:\/\/www.a2logistics.com\/de\/wp-content\/uploads\/sites\/5\/2020\/06\/A2LOGISTICS_001C_STILL-2.jpg","type":"image\/jpeg"}],"twitter_card":"summary_large_image","schema":{"@context":"https:\/\/schema.org","@graph":[{"@type":"WebPage","@id":"https:\/\/www.a2logistics.com\/de\/transport\/irland\/","url":"https:\/\/www.a2logistics.com\/de\/transport\/irland\/","name":"Transport nach Irland | A2 Logistics | Ihr Problem, unsere L\u00f6sung!","isPartOf":{"@id":"https:\/\/www.a2logistics.com\/de\/#website"},"primaryImageOfPage":{"@id":"https:\/\/www.a2logistics.com\/de\/transport\/irland\/#primaryimage"},"image":{"@id":"https:\/\/www.a2logistics.com\/de\/transport\/irland\/#primaryimage"},"thumbnailUrl":"https:\/\/www.a2logistics.com\/de\/wp-content\/uploads\/sites\/5\/2020\/06\/A2LOGISTICS_001C_STILL-2.jpg","datePublished":"2020-05-27T09:49:10+00:00","dateModified":"2020-07-09T09:28:33+00:00","description":"A2 Logistics ist auf Transporte von und nach Irland spezialisiert. Auch Sammelladungen sind m\u00f6glich. Erkundigen Sie sich unverbindlich nach den M\u00f6glichkeiten f\u00fcr Ihre Ladung.","breadcrumb":{"@id":"https:\/\/www.a2logistics.com\/de\/transport\/irland\/#breadcrumb"},"inLanguage":"de","potentialAction":[{"@type":"ReadAction","target":["https:\/\/www.a2logistics.com\/de\/transport\/irland\/"]}]},{"@type":"ImageObject","inLanguage":"de","@id":"https:\/\/www.a2logistics.com\/de\/transport\/irland\/#primaryimage","url":"https:\/\/www.a2logistics.com\/de\/wp-content\/uploads\/sites\/5\/2020\/06\/A2LOGISTICS_001C_STILL-2.jpg","contentUrl":"https:\/\/www.a2logistics.com\/de\/wp-content\/uploads\/sites\/5\/2020\/06\/A2LOGISTICS_001C_STILL-2.jpg","width":2560,"height":1280,"caption":"A2 Logistics | Internationaal transport"},{"@type":"BreadcrumbList","@id":"https:\/\/www.a2logistics.com\/de\/transport\/irland\/#breadcrumb","itemListElement":[{"@type":"ListItem","position":1,"name":"Home","item":"https:\/\/www.a2logistics.com\/de\/"},{"@type":"ListItem","position":2,"name":"Transport","item":"https:\/\/www.a2logistics.com\/de\/transport\/"},{"@type":"ListItem","position":3,"name":"Irland"}]},{"@type":"WebSite","@id":"https:\/\/www.a2logistics.com\/de\/#website","url":"https:\/\/www.a2logistics.com\/de\/","name":"DE","description":"A2 Logistics is een gerenommeerd expeditiebedrijf met meer dan 10 jaar ervaring in internationaal transport. Bekijk onze mogelijkheden online!","potentialAction":[{"@type":"SearchAction","target":{"@type":"EntryPoint","urlTemplate":"https:\/\/www.a2logistics.com\/de\/?s={search_term_string}"},"query-input":{"@type":"PropertyValueSpecification","valueRequired":true,"valueName":"search_term_string"}}],"inLanguage":"de"}]}},"_links":{"self":[{"href":"https:\/\/www.a2logistics.com\/de\/wp-json\/wp\/v2\/pages\/31","targetHints":{"allow":["GET"]}}],"collection":[{"href":"https:\/\/www.a2logistics.com\/de\/wp-json\/wp\/v2\/pages"}],"about":[{"href":"https:\/\/www.a2logistics.com\/de\/wp-json\/wp\/v2\/types\/page"}],"author":[{"embeddable":true,"href":"https:\/\/www.a2logistics.com\/de\/wp-json\/wp\/v2\/users\/2"}],"replies":[{"embeddable":true,"href":"https:\/\/www.a2logistics.com\/de\/wp-json\/wp\/v2\/comments?post=31"}],"version-history":[{"count":55,"href":"https:\/\/www.a2logistics.com\/de\/wp-json\/wp\/v2\/pages\/31\/revisions"}],"predecessor-version":[{"id":645,"href":"https:\/\/www.a2logistics.com\/de\/wp-json\/wp\/v2\/pages\/31\/revisions\/645"}],"up":[{"embeddable":true,"href":"https:\/\/www.a2logistics.com\/de\/wp-json\/wp\/v2\/pages\/14"}],"wp:featuredmedia":[{"embeddable":true,"href":"https:\/\/www.a2logistics.com\/de\/wp-json\/wp\/v2\/media\/281"}],"wp:attachment":[{"href":"https:\/\/www.a2logistics.com\/de\/wp-json\/wp\/v2\/media?parent=31"}],"curies":[{"name":"wp","href":"https:\/\/api.w.org\/{rel}","templated":true}]}}