{"id":25,"date":"2020-05-27T11:46:31","date_gmt":"2020-05-27T09:46:31","guid":{"rendered":"https:\/\/www.a2logistics.com\/?page_id=25"},"modified":"2020-06-30T10:24:54","modified_gmt":"2020-06-30T08:24:54","slug":"arbeitsweise","status":"publish","type":"page","link":"https:\/\/www.a2logistics.com\/de\/a2-logistics\/arbeitsweise\/","title":{"rendered":"Arbeitsweise"},"content":{"rendered":"<section id=section-block-block_5ece3bdd9189c class=\"section block_content\"><div class=\"container\"><div class=\"block-row blocks-in-row-1\"><div class=\"block content-block\"><div class=\"inner-wrapper\"><H2 class=\"block-title\">A2 Logistics hat ein kompetentes Team aus Planern, das 24 Stunden am Tag, 7 Tage die Woche f\u00fcr Sie bereitsteht.<\/H2><div class=\"content-wrapper\"><p>A2 Logistics hat ein kompetentes Team aus Planern, das 24 Stunden am Tag, 7 Tage die Woche f\u00fcr Sie bereitsteht, um Ihnen bei Ihrer Transportaufgabe zu helfen. Wenn Sie eine schwierige Fracht haben, die ins Ausland muss, und uns um Hilfe bitten, machen wir uns f\u00fcr Sie an die Arbeit. Wir pr\u00fcfen, welches die schnellste und effizienteste Route ist, ob auf der Stra\u00dfe, Short Sea oder eine Kombination aus beiden (multimodaler Transport). Weiterhin nehmen wir Verbindung mit Partnern vor Ort auf, mit denen wir sehr eng zusammenarbeiten. So k\u00f6nnen wir Ihnen sofort sagen, welche M\u00f6glichkeiten es gibt.<\/p>\n<\/div><\/div><\/div><\/div><\/div><\/section>\n\n<section id=section-block_5ece3bec9189d class=\"section block_image_and_content_left\"><div class=\"container\"><div class=\"block-row blocks-in-row-2\"><div class=\"block image-block\"><div class=\"inner-wrapper\"><figure class=\"img-wrapper\"><img decoding=\"async\" itemprop=\"image\" title=\"A2 Logistics | Internationaal transport | Distributiecentrum\" alt=\"A2 Logistics | Distributiecentrum\" src=\"https:\/\/www.a2logistics.com\/de\/wp-content\/uploads\/sites\/5\/2020\/06\/A2logistics27077d009-660x500.jpg\"\/><\/figure><\/div><\/div><div class=\"block content-block\"><div class=\"inner-wrapper\"><H2 class=\"block-title\">Unserem Distributionszentrum in Den Bosch<\/H2><div class=\"content-wrapper\"><p>In unserem Distributionszentrum in Den Bosch wird ein Gro\u00dfteil der Sendungen gesammelt, sortiert und umgeladen. Uns stehen zahllose Fahrzeuge zur Verf\u00fcgung, und Ihre Sendung wird immer nach CMR-Bedingungen versichert bef\u00f6rdert. Das tun wir aus ganz Europa. Haben Sie eine gro\u00dfe Maschine gebaut, die innerhalb einer Woche an den Abnehmer geliefert werden muss? Wir sind gern Ihr Vermittler!<\/p>\n<\/div><\/div><\/div><\/div><\/div><\/section>\n\n<section id=section-block-block_5ece3c0d9189f class=\"section block_content_and_image_left\"><div class=\"container\"><div class=\"block-row blocks-in-row-2\"><div class=\"block content-block\"><div class=\"inner-wrapper\"><H2 class=\"block-title\">Antwort in einer halben Stunde<\/H2><div class=\"content-wrapper\"><p>Zuverl\u00e4ssigkeit, Sicherheit und ein ausgezeichneter Service haben f\u00fcr uns oberste Priorit\u00e4t. Unsere St\u00e4rken sind schnelle Transitzeiten, korrekte (Tages-)Preise und der qualitativ gute Zustand, in dem wir Produkte ausliefern. Wenn Sie sich f\u00fcr A2 Logistics entscheiden, nehmen wir Ihnen alle Sorgen ab.<\/p>\n<\/div><\/div><\/div><div class=\"block image-block\"><div class=\"inner-wrapper\"><figure class=\"img-wrapper\"><img decoding=\"async\" itemprop=\"image\" title=\"A2 Logistics | Internationaal transport | Office\" alt=\"A2 Logistics | planning en contact\" src=\"https:\/\/www.a2logistics.com\/de\/wp-content\/uploads\/sites\/5\/2020\/06\/A2LOGISTICS_001C_STILL-4-660x500.jpg\"\/><\/figure><\/div><\/div><\/div><\/div><\/section>\n\n<section id=section-block-block_5ece3c20918a0 class=\"section block_content\"><div class=\"container\"><div class=\"block-row blocks-in-row-1\"><div class=\"block content-block\"><div class=\"inner-wrapper\"><H2 class=\"block-title\">Wenn Sie ein unverbindliches Angebot anfordern, wissen Sie werktags schon in einer halben Stunde, was der Versand Ihres Produkts bzw. Haben Sie noch Fragen? Wir stehen f\u00fcr Sie bereit!<\/H2><div class=\"content-wrapper\"><p>Wenn Sie ein unverbindliches Angebot anfordern, wissen Sie werktags schon in einer halben Stunde, was der Versand Ihres Produkts bzw. Ihrer Ladung kostet und wie schnell die G\u00fcter am Bestimmungsort sein k\u00f6nnen. Von ADR bis zu kontrollierten Ladungen \u2013 bereits seit mehr als 15 Jahren k\u00f6nnen wir Unternehmen erfolgreich Sorgen abnehmen. Haben Sie noch Fragen? Wir stehen f\u00fcr Sie bereit!<\/p>\n<\/div><a  title=\"kontaktiere uns\" href=\"https:\/\/www.a2logistics.com\/de\/kontakt\/\" class=\"button\">kontaktiere uns<\/a><\/div><\/div><\/div><\/div><\/section>\n\n<section id=section-block-block_5ecfaa17c030d class=\"section cta_with_button_block\"><div class=\"container\"><div style=\"background-image:url(https:\/\/www.a2logistics.com\/de\/wp-content\/uploads\/sites\/5\/2020\/06\/A2LOGISTICS_001C_STILL-3_1-1024x512.jpg)\" class=\"background-underlay\"><\/div><div class=\"block-row blocks-in-row-1\"><div class=\"block cta-with-button-block\"><div class=\"inner-wrapper\"><H2 class=\"block-title\">Ben\u00f6tigen Sie Hilfe bei Ihrem Transport?<\/H2><span class=\"outer-btn-wrapper\"><a  title=\"Transport Skandinavien\" href=\"http:\/\/coma2logi-bogajo.savviihq.com\/de\/transport\/skandinavien\/\" class=\"button set\">Transport Skandinavien<\/a><\/span><span class=\"outer-btn-wrapper\"><a  title=\"Transport Irland\" href=\"http:\/\/coma2logi-bogajo.savviihq.com\/de\/transport\/irland\/\" class=\"button\">Transport Irland<\/a><\/span><\/div><\/div><\/div><\/section>","protected":false},"excerpt":{"rendered":"","protected":false},"author":2,"featured_media":303,"parent":27,"menu_order":20,"comment_status":"closed","ping_status":"closed","template":"","meta":{"_acf_changed":false,"_trash_the_other_posts":false,"editor_notices":[],"footnotes":""},"class_list":["post-25","page","type-page","status-publish","has-post-thumbnail","hentry"],"acf":[],"yoast_head":"<!-- This site is optimized with the Yoast SEO plugin v27.1.1 - https:\/\/yoast.com\/product\/yoast-seo-wordpress\/ -->\n<title>Unsere Arbeitsweise | A2 Logistics | Ihr Problem, unsere L\u00f6sung!<\/title>\n<meta name=\"description\" content=\"Welche M\u00f6glichkeiten gibt es f\u00fcr Ihre Transportaufgabe? A2 Logistics sagt Ihnen gern mehr \u00fcber unsere schnellen Transitzeiten und korrekten Preise!\" \/>\n<meta name=\"robots\" content=\"index, follow, max-snippet:-1, max-image-preview:large, max-video-preview:-1\" \/>\n<link rel=\"canonical\" href=\"https:\/\/www.a2logistics.com\/de\/a2-logistics\/arbeitsweise\/\" \/>\n<meta property=\"og:locale\" content=\"de_DE\" \/>\n<meta property=\"og:type\" content=\"article\" \/>\n<meta property=\"og:title\" content=\"Unsere Arbeitsweise | A2 Logistics | Ihr Problem, unsere L\u00f6sung!\" \/>\n<meta property=\"og:description\" content=\"Welche M\u00f6glichkeiten gibt es f\u00fcr Ihre Transportaufgabe? A2 Logistics sagt Ihnen gern mehr \u00fcber unsere schnellen Transitzeiten und korrekten Preise!\" \/>\n<meta property=\"og:url\" content=\"https:\/\/www.a2logistics.com\/de\/a2-logistics\/arbeitsweise\/\" \/>\n<meta property=\"og:site_name\" content=\"DE\" \/>\n<meta property=\"article:modified_time\" content=\"2020-06-30T08:24:54+00:00\" \/>\n<meta property=\"og:image\" content=\"https:\/\/www.a2logistics.com\/de\/wp-content\/uploads\/sites\/5\/2020\/06\/A2logistics27077d019.jpg\" \/>\n\t<meta property=\"og:image:width\" content=\"2158\" \/>\n\t<meta property=\"og:image:height\" content=\"1440\" \/>\n\t<meta property=\"og:image:type\" content=\"image\/jpeg\" \/>\n<meta name=\"twitter:card\" content=\"summary_large_image\" \/>\n<script type=\"application\/ld+json\" class=\"yoast-schema-graph\">{\"@context\":\"https:\/\/schema.org\",\"@graph\":[{\"@type\":\"WebPage\",\"@id\":\"https:\/\/www.a2logistics.com\/de\/a2-logistics\/arbeitsweise\/\",\"url\":\"https:\/\/www.a2logistics.com\/de\/a2-logistics\/arbeitsweise\/\",\"name\":\"Unsere Arbeitsweise | A2 Logistics | Ihr Problem, unsere L\u00f6sung!\",\"isPartOf\":{\"@id\":\"https:\/\/www.a2logistics.com\/de\/#website\"},\"primaryImageOfPage\":{\"@id\":\"https:\/\/www.a2logistics.com\/de\/a2-logistics\/arbeitsweise\/#primaryimage\"},\"image\":{\"@id\":\"https:\/\/www.a2logistics.com\/de\/a2-logistics\/arbeitsweise\/#primaryimage\"},\"thumbnailUrl\":\"https:\/\/www.a2logistics.com\/de\/wp-content\/uploads\/sites\/5\/2020\/06\/A2logistics27077d019.jpg\",\"datePublished\":\"2020-05-27T09:46:31+00:00\",\"dateModified\":\"2020-06-30T08:24:54+00:00\",\"description\":\"Welche M\u00f6glichkeiten gibt es f\u00fcr Ihre Transportaufgabe? A2 Logistics sagt Ihnen gern mehr \u00fcber unsere schnellen Transitzeiten und korrekten Preise!\",\"breadcrumb\":{\"@id\":\"https:\/\/www.a2logistics.com\/de\/a2-logistics\/arbeitsweise\/#breadcrumb\"},\"inLanguage\":\"de\",\"potentialAction\":[{\"@type\":\"ReadAction\",\"target\":[\"https:\/\/www.a2logistics.com\/de\/a2-logistics\/arbeitsweise\/\"]}]},{\"@type\":\"ImageObject\",\"inLanguage\":\"de\",\"@id\":\"https:\/\/www.a2logistics.com\/de\/a2-logistics\/arbeitsweise\/#primaryimage\",\"url\":\"https:\/\/www.a2logistics.com\/de\/wp-content\/uploads\/sites\/5\/2020\/06\/A2logistics27077d019.jpg\",\"contentUrl\":\"https:\/\/www.a2logistics.com\/de\/wp-content\/uploads\/sites\/5\/2020\/06\/A2logistics27077d019.jpg\",\"width\":2158,\"height\":1440},{\"@type\":\"BreadcrumbList\",\"@id\":\"https:\/\/www.a2logistics.com\/de\/a2-logistics\/arbeitsweise\/#breadcrumb\",\"itemListElement\":[{\"@type\":\"ListItem\",\"position\":1,\"name\":\"Home\",\"item\":\"https:\/\/www.a2logistics.com\/de\/\"},{\"@type\":\"ListItem\",\"position\":2,\"name\":\"\u00dcber A2 Logistics\",\"item\":\"https:\/\/www.a2logistics.com\/de\/a2-logistics\/\"},{\"@type\":\"ListItem\",\"position\":3,\"name\":\"Arbeitsweise\"}]},{\"@type\":\"WebSite\",\"@id\":\"https:\/\/www.a2logistics.com\/de\/#website\",\"url\":\"https:\/\/www.a2logistics.com\/de\/\",\"name\":\"DE\",\"description\":\"A2 Logistics is een gerenommeerd expeditiebedrijf met meer dan 10 jaar ervaring in internationaal transport. Bekijk onze mogelijkheden online!\",\"potentialAction\":[{\"@type\":\"SearchAction\",\"target\":{\"@type\":\"EntryPoint\",\"urlTemplate\":\"https:\/\/www.a2logistics.com\/de\/?s={search_term_string}\"},\"query-input\":{\"@type\":\"PropertyValueSpecification\",\"valueRequired\":true,\"valueName\":\"search_term_string\"}}],\"inLanguage\":\"de\"}]}<\/script>\n<!-- \/ Yoast SEO plugin. -->","yoast_head_json":{"title":"Unsere Arbeitsweise | A2 Logistics | Ihr Problem, unsere L\u00f6sung!","description":"Welche M\u00f6glichkeiten gibt es f\u00fcr Ihre Transportaufgabe? A2 Logistics sagt Ihnen gern mehr \u00fcber unsere schnellen Transitzeiten und korrekten Preise!","robots":{"index":"index","follow":"follow","max-snippet":"max-snippet:-1","max-image-preview":"max-image-preview:large","max-video-preview":"max-video-preview:-1"},"canonical":"https:\/\/www.a2logistics.com\/de\/a2-logistics\/arbeitsweise\/","og_locale":"de_DE","og_type":"article","og_title":"Unsere Arbeitsweise | A2 Logistics | Ihr Problem, unsere L\u00f6sung!","og_description":"Welche M\u00f6glichkeiten gibt es f\u00fcr Ihre Transportaufgabe? A2 Logistics sagt Ihnen gern mehr \u00fcber unsere schnellen Transitzeiten und korrekten Preise!","og_url":"https:\/\/www.a2logistics.com\/de\/a2-logistics\/arbeitsweise\/","og_site_name":"DE","article_modified_time":"2020-06-30T08:24:54+00:00","og_image":[{"width":2158,"height":1440,"url":"https:\/\/www.a2logistics.com\/de\/wp-content\/uploads\/sites\/5\/2020\/06\/A2logistics27077d019.jpg","type":"image\/jpeg"}],"twitter_card":"summary_large_image","schema":{"@context":"https:\/\/schema.org","@graph":[{"@type":"WebPage","@id":"https:\/\/www.a2logistics.com\/de\/a2-logistics\/arbeitsweise\/","url":"https:\/\/www.a2logistics.com\/de\/a2-logistics\/arbeitsweise\/","name":"Unsere Arbeitsweise | A2 Logistics | Ihr Problem, unsere L\u00f6sung!","isPartOf":{"@id":"https:\/\/www.a2logistics.com\/de\/#website"},"primaryImageOfPage":{"@id":"https:\/\/www.a2logistics.com\/de\/a2-logistics\/arbeitsweise\/#primaryimage"},"image":{"@id":"https:\/\/www.a2logistics.com\/de\/a2-logistics\/arbeitsweise\/#primaryimage"},"thumbnailUrl":"https:\/\/www.a2logistics.com\/de\/wp-content\/uploads\/sites\/5\/2020\/06\/A2logistics27077d019.jpg","datePublished":"2020-05-27T09:46:31+00:00","dateModified":"2020-06-30T08:24:54+00:00","description":"Welche M\u00f6glichkeiten gibt es f\u00fcr Ihre Transportaufgabe? A2 Logistics sagt Ihnen gern mehr \u00fcber unsere schnellen Transitzeiten und korrekten Preise!","breadcrumb":{"@id":"https:\/\/www.a2logistics.com\/de\/a2-logistics\/arbeitsweise\/#breadcrumb"},"inLanguage":"de","potentialAction":[{"@type":"ReadAction","target":["https:\/\/www.a2logistics.com\/de\/a2-logistics\/arbeitsweise\/"]}]},{"@type":"ImageObject","inLanguage":"de","@id":"https:\/\/www.a2logistics.com\/de\/a2-logistics\/arbeitsweise\/#primaryimage","url":"https:\/\/www.a2logistics.com\/de\/wp-content\/uploads\/sites\/5\/2020\/06\/A2logistics27077d019.jpg","contentUrl":"https:\/\/www.a2logistics.com\/de\/wp-content\/uploads\/sites\/5\/2020\/06\/A2logistics27077d019.jpg","width":2158,"height":1440},{"@type":"BreadcrumbList","@id":"https:\/\/www.a2logistics.com\/de\/a2-logistics\/arbeitsweise\/#breadcrumb","itemListElement":[{"@type":"ListItem","position":1,"name":"Home","item":"https:\/\/www.a2logistics.com\/de\/"},{"@type":"ListItem","position":2,"name":"\u00dcber A2 Logistics","item":"https:\/\/www.a2logistics.com\/de\/a2-logistics\/"},{"@type":"ListItem","position":3,"name":"Arbeitsweise"}]},{"@type":"WebSite","@id":"https:\/\/www.a2logistics.com\/de\/#website","url":"https:\/\/www.a2logistics.com\/de\/","name":"DE","description":"A2 Logistics is een gerenommeerd expeditiebedrijf met meer dan 10 jaar ervaring in internationaal transport. Bekijk onze mogelijkheden online!","potentialAction":[{"@type":"SearchAction","target":{"@type":"EntryPoint","urlTemplate":"https:\/\/www.a2logistics.com\/de\/?s={search_term_string}"},"query-input":{"@type":"PropertyValueSpecification","valueRequired":true,"valueName":"search_term_string"}}],"inLanguage":"de"}]}},"_links":{"self":[{"href":"https:\/\/www.a2logistics.com\/de\/wp-json\/wp\/v2\/pages\/25","targetHints":{"allow":["GET"]}}],"collection":[{"href":"https:\/\/www.a2logistics.com\/de\/wp-json\/wp\/v2\/pages"}],"about":[{"href":"https:\/\/www.a2logistics.com\/de\/wp-json\/wp\/v2\/types\/page"}],"author":[{"embeddable":true,"href":"https:\/\/www.a2logistics.com\/de\/wp-json\/wp\/v2\/users\/2"}],"replies":[{"embeddable":true,"href":"https:\/\/www.a2logistics.com\/de\/wp-json\/wp\/v2\/comments?post=25"}],"version-history":[{"count":23,"href":"https:\/\/www.a2logistics.com\/de\/wp-json\/wp\/v2\/pages\/25\/revisions"}],"predecessor-version":[{"id":642,"href":"https:\/\/www.a2logistics.com\/de\/wp-json\/wp\/v2\/pages\/25\/revisions\/642"}],"up":[{"embeddable":true,"href":"https:\/\/www.a2logistics.com\/de\/wp-json\/wp\/v2\/pages\/27"}],"wp:featuredmedia":[{"embeddable":true,"href":"https:\/\/www.a2logistics.com\/de\/wp-json\/wp\/v2\/media\/303"}],"wp:attachment":[{"href":"https:\/\/www.a2logistics.com\/de\/wp-json\/wp\/v2\/media?parent=25"}],"curies":[{"name":"wp","href":"https:\/\/api.w.org\/{rel}","templated":true}]}}